{"id":1671,"date":"2020-08-03T09:47:11","date_gmt":"2020-08-03T09:47:11","guid":{"rendered":"http:\/\/185.194.217.13\/notfall\/"},"modified":"2021-12-14T12:43:49","modified_gmt":"2021-12-14T10:43:49","slug":"emergency","status":"publish","type":"page","link":"https:\/\/doctornearyou.eu\/de\/emergency\/","title":{"rendered":"Notfall"},"content":{"rendered":"\n<h3 class=\"wp-block-heading\" id=\"numbers\"><img loading=\"lazy\" decoding=\"async\" width=\"60\" height=\"60\" class=\"wp-image-369 heading__icon\" style=\"width: 60px\" src=\"doctornearyou.euwp-content\/uploads\/emergy-numbers.png\" alt=\"\"><a class=\"anchor\">Notrufnummern<\/a><\/h3>\n\n\n\n<figure class=\"wp-block-table is-style-stripes\"><table class=\"has-fixed-layout\"><tbody><tr><td><strong>Institut<\/strong><\/td><td><strong>Rufnummer<\/strong><\/td><\/tr><tr><td>Krankenwagen<\/td><td> <a href=\"tel:166\">166  <\/a><\/td><\/tr><tr><td>Polizei<\/td><td><a href=\"tel:100\">100<\/a><\/td><\/tr><tr><td>Touristenpolizei<\/td><td><a href=\"tel:171\">171<\/a><\/td><\/tr><tr><td>K\u00fcstenwache<\/td><td><a href=\"tel:108\">108 <\/a><\/td><\/tr><tr><td>Feuerwehr<\/td><td><a href=\"tel:199\">199<\/a><\/td><\/tr><tr><td>Waldbrandbeh\u00f6rde<\/td><td><a href=\"tel:191\">191<\/a><\/td><\/tr><tr><td>Apotheken<\/td><td><a href=\"tel:107\">107<\/a><\/td><\/tr><tr><td>Krankenh\u00e4user<\/td><td><a href=\"tel:106\">106<\/a><\/td><\/tr><tr><td>Flughafen von Heraklion &#8220;N.Kazantzakis&#8221;<\/td><td><a href=\"tel:+302810228401\">2810 228401-2<\/a>, <a href=\"tel:+302810228424\">2810 228424<\/a> <\/td><\/tr><tr><td>Hafenbeh\u00f6rde von Heraklion<\/td><td><a href=\"tel:+302810244912\">2810 244912<\/a>, <a href=\"tel:+302810244934\">2810 244934<\/a> <\/td><\/tr><tr><td>Allgemein informationen<\/td><td><a href=\"tel:11888\">11888<\/a><\/td><\/tr><\/tbody><\/table><\/figure>\n\n\n\n<p><\/p>\n","protected":false},"excerpt":{"rendered":"<p>Notrufnummern Institut Rufnummer Krankenwagen 166 Polizei 100 Touristenpolizei 171 K\u00fcstenwache 108 Feuerwehr 199 Waldbrandbeh\u00f6rde 191 Apotheken 107 Krankenh\u00e4user 106 Flughafen von Heraklion &#8220;N.Kazantzakis&#8221; 2810 228401-2, 2810 228424 Hafenbeh\u00f6rde von Heraklion 2810 244912, 2810 244934 Allgemein informationen 11888<\/p>\n","protected":false},"author":24,"featured_media":0,"parent":0,"menu_order":0,"comment_status":"closed","ping_status":"closed","template":"","meta":{"footnotes":""},"categories":[],"class_list":["post-1671","page","type-page","status-publish","hentry"],"featured_image_src":null,"yoast_head":"<!-- This site is optimized with the Yoast SEO plugin v27.1.1 - https:\/\/yoast.com\/product\/yoast-seo-wordpress\/ -->\n<title>Notfall | DoctorNearYou.eu<\/title>\n<meta name=\"robots\" content=\"noindex, follow\" \/>\n<meta property=\"og:locale\" content=\"de_DE\" \/>\n<meta property=\"og:type\" content=\"article\" \/>\n<meta property=\"og:title\" content=\"Notfall | DoctorNearYou.eu\" \/>\n<meta property=\"og:description\" content=\"Notrufnummern Institut Rufnummer Krankenwagen 166 Polizei 100 Touristenpolizei 171 K\u00fcstenwache 108 Feuerwehr 199 Waldbrandbeh\u00f6rde 191 Apotheken 107 Krankenh\u00e4user 106 Flughafen von Heraklion &#8220;N.Kazantzakis&#8221; 2810 228401-2, 2810 228424 Hafenbeh\u00f6rde von Heraklion 2810 244912, 2810 244934 Allgemein informationen 11888\" \/>\n<meta property=\"og:url\" content=\"https:\/\/doctornearyou.eu\/de\/emergency\/\" \/>\n<meta property=\"og:site_name\" content=\"DoctorNearYou.eu\" \/>\n<meta property=\"article:modified_time\" content=\"2021-12-14T10:43:49+00:00\" \/>\n<meta property=\"og:image\" content=\"https:\/\/doctornearyou.eu\/wp-content\/uploads\/doctornearyou-social-new.jpg\" \/>\n\t<meta property=\"og:image:width\" content=\"1200\" \/>\n\t<meta property=\"og:image:height\" content=\"630\" \/>\n\t<meta property=\"og:image:type\" content=\"image\/jpeg\" \/>\n<meta name=\"twitter:card\" content=\"summary_large_image\" \/>\n<meta name=\"twitter:label1\" content=\"Gesch\u00e4tzte Lesezeit\" \/>\n\t<meta name=\"twitter:data1\" content=\"1\u00a0Minute\" \/>\n<script type=\"application\/ld+json\" class=\"yoast-schema-graph\">{\"@context\":\"https:\/\/schema.org\",\"@graph\":[{\"@type\":\"WebPage\",\"@id\":\"https:\/\/doctornearyou.eu\/de\/emergency\/\",\"url\":\"https:\/\/doctornearyou.eu\/de\/emergency\/\",\"name\":\"Notfall | DoctorNearYou.eu\",\"isPartOf\":{\"@id\":\"https:\/\/doctornearyou.eu\/#website\"},\"datePublished\":\"2020-08-03T09:47:11+00:00\",\"dateModified\":\"2021-12-14T10:43:49+00:00\",\"breadcrumb\":{\"@id\":\"https:\/\/doctornearyou.eu\/de\/emergency\/#breadcrumb\"},\"inLanguage\":\"de\",\"potentialAction\":[{\"@type\":\"ReadAction\",\"target\":[\"https:\/\/doctornearyou.eu\/de\/emergency\/\"]}]},{\"@type\":\"BreadcrumbList\",\"@id\":\"https:\/\/doctornearyou.eu\/de\/emergency\/#breadcrumb\",\"itemListElement\":[{\"@type\":\"ListItem\",\"position\":1,\"name\":\"Startseite\",\"item\":\"https:\/\/doctornearyou.eu\/de\/\"},{\"@type\":\"ListItem\",\"position\":2,\"name\":\"Notfall\"}]},{\"@type\":\"WebSite\",\"@id\":\"https:\/\/doctornearyou.eu\/#website\",\"url\":\"https:\/\/doctornearyou.eu\/\",\"name\":\"DoctorNearYou.eu\",\"description\":\"Advanced Medical Services\",\"publisher\":{\"@id\":\"https:\/\/doctornearyou.eu\/#organization\"},\"potentialAction\":[{\"@type\":\"SearchAction\",\"target\":{\"@type\":\"EntryPoint\",\"urlTemplate\":\"https:\/\/doctornearyou.eu\/?s={search_term_string}\"},\"query-input\":{\"@type\":\"PropertyValueSpecification\",\"valueRequired\":true,\"valueName\":\"search_term_string\"}}],\"inLanguage\":\"de\"},{\"@type\":\"Organization\",\"@id\":\"https:\/\/doctornearyou.eu\/#organization\",\"name\":\"Doctor Near You\",\"url\":\"https:\/\/doctornearyou.eu\/\",\"logo\":{\"@type\":\"ImageObject\",\"inLanguage\":\"de\",\"@id\":\"https:\/\/doctornearyou.eu\/#\/schema\/logo\/image\/\",\"url\":\"https:\/\/doctornearyou.eu\/wp-content\/uploads\/logo_DNY.jpg\",\"contentUrl\":\"https:\/\/doctornearyou.eu\/wp-content\/uploads\/logo_DNY.jpg\",\"width\":213,\"height\":80,\"caption\":\"Doctor Near You\"},\"image\":{\"@id\":\"https:\/\/doctornearyou.eu\/#\/schema\/logo\/image\/\"}}]}<\/script>\n<!-- \/ Yoast SEO plugin. -->","yoast_head_json":{"title":"Notfall | DoctorNearYou.eu","robots":{"index":"noindex","follow":"follow"},"og_locale":"de_DE","og_type":"article","og_title":"Notfall | DoctorNearYou.eu","og_description":"Notrufnummern Institut Rufnummer Krankenwagen 166 Polizei 100 Touristenpolizei 171 K\u00fcstenwache 108 Feuerwehr 199 Waldbrandbeh\u00f6rde 191 Apotheken 107 Krankenh\u00e4user 106 Flughafen von Heraklion &#8220;N.Kazantzakis&#8221; 2810 228401-2, 2810 228424 Hafenbeh\u00f6rde von Heraklion 2810 244912, 2810 244934 Allgemein informationen 11888","og_url":"https:\/\/doctornearyou.eu\/de\/emergency\/","og_site_name":"DoctorNearYou.eu","article_modified_time":"2021-12-14T10:43:49+00:00","og_image":[{"width":1200,"height":630,"url":"https:\/\/doctornearyou.eu\/wp-content\/uploads\/doctornearyou-social-new.jpg","type":"image\/jpeg"}],"twitter_card":"summary_large_image","twitter_misc":{"Gesch\u00e4tzte Lesezeit":"1\u00a0Minute"},"schema":{"@context":"https:\/\/schema.org","@graph":[{"@type":"WebPage","@id":"https:\/\/doctornearyou.eu\/de\/emergency\/","url":"https:\/\/doctornearyou.eu\/de\/emergency\/","name":"Notfall | DoctorNearYou.eu","isPartOf":{"@id":"https:\/\/doctornearyou.eu\/#website"},"datePublished":"2020-08-03T09:47:11+00:00","dateModified":"2021-12-14T10:43:49+00:00","breadcrumb":{"@id":"https:\/\/doctornearyou.eu\/de\/emergency\/#breadcrumb"},"inLanguage":"de","potentialAction":[{"@type":"ReadAction","target":["https:\/\/doctornearyou.eu\/de\/emergency\/"]}]},{"@type":"BreadcrumbList","@id":"https:\/\/doctornearyou.eu\/de\/emergency\/#breadcrumb","itemListElement":[{"@type":"ListItem","position":1,"name":"Startseite","item":"https:\/\/doctornearyou.eu\/de\/"},{"@type":"ListItem","position":2,"name":"Notfall"}]},{"@type":"WebSite","@id":"https:\/\/doctornearyou.eu\/#website","url":"https:\/\/doctornearyou.eu\/","name":"DoctorNearYou.eu","description":"Advanced Medical Services","publisher":{"@id":"https:\/\/doctornearyou.eu\/#organization"},"potentialAction":[{"@type":"SearchAction","target":{"@type":"EntryPoint","urlTemplate":"https:\/\/doctornearyou.eu\/?s={search_term_string}"},"query-input":{"@type":"PropertyValueSpecification","valueRequired":true,"valueName":"search_term_string"}}],"inLanguage":"de"},{"@type":"Organization","@id":"https:\/\/doctornearyou.eu\/#organization","name":"Doctor Near You","url":"https:\/\/doctornearyou.eu\/","logo":{"@type":"ImageObject","inLanguage":"de","@id":"https:\/\/doctornearyou.eu\/#\/schema\/logo\/image\/","url":"https:\/\/doctornearyou.eu\/wp-content\/uploads\/logo_DNY.jpg","contentUrl":"https:\/\/doctornearyou.eu\/wp-content\/uploads\/logo_DNY.jpg","width":213,"height":80,"caption":"Doctor Near You"},"image":{"@id":"https:\/\/doctornearyou.eu\/#\/schema\/logo\/image\/"}}]}},"_links":{"self":[{"href":"https:\/\/doctornearyou.eu\/de\/wp-json\/wp\/v2\/pages\/1671","targetHints":{"allow":["GET"]}}],"collection":[{"href":"https:\/\/doctornearyou.eu\/de\/wp-json\/wp\/v2\/pages"}],"about":[{"href":"https:\/\/doctornearyou.eu\/de\/wp-json\/wp\/v2\/types\/page"}],"author":[{"embeddable":true,"href":"https:\/\/doctornearyou.eu\/de\/wp-json\/wp\/v2\/users\/24"}],"replies":[{"embeddable":true,"href":"https:\/\/doctornearyou.eu\/de\/wp-json\/wp\/v2\/comments?post=1671"}],"version-history":[{"count":8,"href":"https:\/\/doctornearyou.eu\/de\/wp-json\/wp\/v2\/pages\/1671\/revisions"}],"predecessor-version":[{"id":9661,"href":"https:\/\/doctornearyou.eu\/de\/wp-json\/wp\/v2\/pages\/1671\/revisions\/9661"}],"wp:attachment":[{"href":"https:\/\/doctornearyou.eu\/de\/wp-json\/wp\/v2\/media?parent=1671"}],"wp:term":[{"taxonomy":"category","embeddable":true,"href":"https:\/\/doctornearyou.eu\/de\/wp-json\/wp\/v2\/categories?post=1671"}],"curies":[{"name":"wp","href":"https:\/\/api.w.org\/{rel}","templated":true}]}}