{"id":1673,"date":"2020-08-03T10:15:11","date_gmt":"2020-08-03T10:15:11","guid":{"rendered":"http:\/\/185.194.217.13\/reha-programme\/"},"modified":"2021-04-25T17:28:35","modified_gmt":"2021-04-25T17:28:35","slug":"rehab-programs","status":"publish","type":"page","link":"https:\/\/doctornearyou.eu\/de\/rehab-programs\/","title":{"rendered":"Reha-Programme"},"content":{"rendered":"\n<h3 class=\"wp-block-heading\"><strong>Rheumatische &amp; Orthop\u00e4dische Rehabilitation  <\/strong><\/h3>\n\n\n\n<div style=\"height:20px\" aria-hidden=\"true\" class=\"wp-block-spacer\"><\/div>\n\n\n\n<p>Rheumatische Rehabilitation ist ein medizinisch \u00fcberwachtes Programm, das auf Ihre pers\u00f6nlichen Bed\u00fcrfnisse angepasst ist, um Ihre Kraft und Flexibilit\u00e4t sowie die Beweglichkeit Ihrer Gelenke und Muskeln zu verbessern, mit dem Ziel, sich zu erholen und Ihre Unabh\u00e4ngigkeit so schnell wie m\u00f6glich wiederzuerlangen!<\/p>\n\n\n\n<p><strong>Es wird f\u00fcr Menschen empfohlen, die:<\/strong><\/p>\n\n\n\n<ul class=\"wp-block-list\"><li>Stark und kr\u00e4ftig sind und den Wunsch haben, sich richtig zu bewegen, um im Alter gesund zu bleiben<\/li><li>Schmerzen, Kr\u00e4mpfe, Schwellungen oder Steifheit haben, die die Funktionsf\u00e4higkeit einschr\u00e4nkt<\/li><li>Bewegungsumfang, Kraft oder Ausdauer haben<\/li><li>Eine H\u00fcftfraktur oder mehrere Verletzungen erlitten haben<\/li><li>Eine Operation zum Ersatz eines Gelenks hatten<\/li><li>Krebs des Knochens und des umliegenden Gewebes haben<\/li><\/ul>\n\n\n\n<div style=\"height:20px\" aria-hidden=\"true\" class=\"wp-block-spacer\"><\/div>\n\n\n\n<p><strong>Die rheumatische Reha umfasst vier gleich wichtige Teile:<\/strong><\/p>\n\n\n\n<ul class=\"wp-block-list\"><li>Medizinisch \u00fcberwachtes Physikalisches und Ergotherapeutisches Training<\/li><li>Wassergymnastik<\/li><li>Bewegungsschulung<\/li><li>Beratung zum Selbstmanagement von Schmerzen<\/li><\/ul>\n\n\n\n<div style=\"height:20px\" aria-hidden=\"true\" class=\"wp-block-spacer\"><\/div>\n\n\n\n<p><strong>Ihr Rheuma-Reha-Team umfasst:<\/strong><\/p>\n\n\n\n<ul class=\"wp-block-list\"><li>Spezialisierte \u00c4rzte<\/li><li>Physio- und Ergotherapeuten<\/li><li>Di\u00e4tassistenten &#8211; Ern\u00e4hrungsberater<\/li><li>Spezialisten f\u00fcr psychische Gesundheit<\/li><\/ul>\n\n\n\n<div style=\"height:20px\" aria-hidden=\"true\" class=\"wp-block-spacer\"><\/div>\n\n\n\n<p> <strong>Wir beginnen mit einem Check-up:<\/strong><\/p>\n\n\n\n<ul class=\"wp-block-list\"><li>Testen der Muskeln, die Schmerzen und\/oder Kr\u00e4mpfen haben, durch Ber\u00fchren oder Bearbeiten derselben<\/li><li>Beurteilung des Bewegungsumfangs, der Flexibilit\u00e4t und der Kraft<\/li><li>Pr\u00fcfen der Bewegung und des Gehens<\/li><\/ul>\n\n\n\n<div style=\"height:20px\" aria-hidden=\"true\" class=\"wp-block-spacer\"><\/div>\n\n\n\n<p> <strong>Vorteile der Rheuma-Reha:<\/strong><\/p>\n\n\n\n<ul class=\"wp-block-list\"><li>F\u00fchren Sie einen herzgesunden Lebensstil mit Selbstmassage, Dehnung und Kraftaufbau<\/li><li>Lernen Sie, sicher zu trainieren und Ihre k\u00f6rperliche Aktivit\u00e4t zu steigern<\/li><li>Reduzieren Sie den Bedarf an Medikamenten zur Behandlung von Gelenkschmerzen und Schwellungen<\/li><li>Gewinnen Sie mehr Selbstvertrauen, um ein aktives Leben zu f\u00fchren!<\/li><\/ul>\n\n\n\n<div style=\"height:50px\" aria-hidden=\"true\" class=\"wp-block-spacer\"><\/div>\n\n\n\n<h3 class=\"wp-block-heading\">Kardio-respiratorische Rehabilitation<strong> <\/strong><\/h3>\n\n\n\n<p>Kardiorespiratorische Rehabilitation ist ein medizinisch \u00fcberwachtes Programm zur Verbesserung Ihrer kardiovaskul\u00e4ren Gesundheit!<\/p>\n\n\n\n<p> <strong>Es wird f\u00fcr Menschen empfohlen, die:<\/strong><\/p>\n\n\n\n<ul class=\"wp-block-list\"><li>Vollkommen gesund sind und lernen wollen, richtig zu atmen, um jung und gesund zu bleiben<\/li><li>Gewichtsprobleme haben und ihre k\u00f6rperliche Verfassung verbessern wollen<\/li><li>Atemprobleme haben, wie z.B. chronisch obstruktive Lungenerkrankung<\/li><li>Eine Herzinsuffizienz oder einen Herzinfarkt erlitten haben<\/li><li>Eine perkutane Koronarangioplastie oder eine Herzoperation hatten<\/li><\/ul>\n\n\n\n<div style=\"height:20px\" aria-hidden=\"true\" class=\"wp-block-spacer\"><\/div>\n\n\n\n<p> <strong>Die kardiologische Reha besteht aus drei gleich wichtigen Teilen:<\/strong><\/p>\n\n\n\n<ul class=\"wp-block-list\"><li>Medizinisch \u00fcberwachte \u00dcbungen und Training<\/li><li>Erziehung zu einer herzgesunden Lebensweise<\/li><li>Beratung zur Stressbew\u00e4ltigung<\/li><\/ul>\n\n\n\n<div style=\"height:20px\" aria-hidden=\"true\" class=\"wp-block-spacer\"><\/div>\n\n\n\n<p><strong>Ihr kardiologisches Reha-Team umfasst:<\/strong><\/p>\n\n\n\n<ul class=\"wp-block-list\"><li>Spezialisierte \u00c4rzte<\/li><li>Spezialisten f\u00fcr \u00dcbungen<\/li><li>Physio- und Ergotherapeuten<\/li><li>Di\u00e4tassistenten &#8211; Ern\u00e4hrungsberater<\/li><li>Spezialisten f\u00fcr psychische Gesundheit<\/li><\/ul>\n\n\n\n<p>Ihr kardiologisches Reha-Team wird ein Programm entwerfen, das auf Ihre Bed\u00fcrfnisse abgestimmt ist.<\/p>\n\n\n\n<p><br><strong>Wir beginnen mit einem Check-up:<\/strong><\/p>\n\n\n\n<ul class=\"wp-block-list\"><li>Anamnese &amp; k\u00f6rperliche Untersuchungen<\/li><li>Bildgebende Untersuchungen des Herzens &amp; Belastungstest auf dem Laufband<\/li><li>Elektrokardiogramm (EKG)<\/li><li>Bluttests (Cholesterin- und Blutzuckerwerte)<\/li><\/ul>\n\n\n\n<div style=\"height:20px\" aria-hidden=\"true\" class=\"wp-block-spacer\"><\/div>\n\n\n\n<p><strong>Vorteile der kardiologischen Reha:<\/strong><\/p>\n\n\n\n<ul class=\"wp-block-list\"><li>W\u00e4hlen Sie ein herzgesunden Lebensstil<\/li><li>Lernen Sie, sicher zu trainieren &amp; Ihre k\u00f6rperliche Aktivit\u00e4t zu steigern<\/li><li>Reduzieren Sie den Bedarf an Medikamenten zur Behandlung von Herz- oder Brustschmerzen<\/li><li>Verringern Sie die Wahrscheinlichkeit, dass Sie wegen eines Herzproblems wieder in ein Krankenhaus m\u00fcssen<\/li><li>Verhindern Sie zuk\u00fcnftige Herzprobleme und helfen Sie so, l\u00e4nger zu leben!<\/li><\/ul>\n\n\n\n<div style=\"height:50px\" aria-hidden=\"true\" class=\"wp-block-spacer\"><\/div>\n\n\n\n<h3 class=\"wp-block-heading\"> <strong>Diabetiker-Rehabilitation<\/strong><\/h3>\n\n\n\n<p>Diabetes Mellitus ist eine multifaktorielle, chronisch verlaufende Erkrankung mit vaskul\u00e4ren Komplikationen. Sie hat epidemische Ausma\u00dfe erreicht, obwohl sie keine \u00fcbertragbare Krankheit ist und eine globale Bedrohung darstellt, die die Weltgesundheitsorganisation besch\u00e4ftigt.<\/p>\n\n\n\n<p><strong>Die Diabetes-Reha umfasst:<\/strong><\/p>\n\n\n\n<ul class=\"wp-block-list\"><li>Spezialisierte Blutzuckerregulierung (alters- &amp; demografiespezifisch)<\/li><li>Medizinisch \u00fcberwachte Bewegung &amp; Training<\/li><li>Schulung zur Selbstkontrolle des Blutzuckers<\/li><li>Gewichtsmanagement-Beratung<\/li><li>Herz- und Gef\u00e4\u00dfkrankheiten &#8211; Pr\u00e4vention &amp; Behandlung<\/li><\/ul>\n\n\n\n<div style=\"height:20px\" aria-hidden=\"true\" class=\"wp-block-spacer\"><\/div>\n\n\n\n<p><strong>Wir beginnen mit einem Check-up:<\/strong><\/p>\n\n\n\n<ul class=\"wp-block-list\"><li>Bluttests (Blutzucker, Cholesterin, etc.)<\/li><li>Gewichts- &amp; Ern\u00e4hrungsmessungen<\/li><li>Diabetes-Augentest<\/li><li>Fu\u00dfuntersuchung<\/li><\/ul>\n\n\n\n<p>Typ-2-Diabetes kann verlangsamt und sogar teilweise r\u00fcckg\u00e4ngig gemacht werden!<\/p>\n\n\n\n<p><strong>Vorteile der Diabetes-Reha:<\/strong><\/p>\n\n\n\n<ul class=\"wp-block-list\"><li>Lernen Sie, Ihren Blutzucker zu kontrollieren<\/li><li>Erlernen Sie Strategien zur gesunden Ern\u00e4hrung und zum Gewichtsmanagement<\/li><li>W\u00e4hlen Sie ein f\u00fcr Sie geeignetes Trainingsprogramm<\/li><li>Verhindern Sie das Auftreten von Risikofaktoren f\u00fcr Herz-Kreislauf-Erkrankungen<\/li><li>W\u00e4hlen Sie eine herzgesunde Lebensstil\u00e4nderung<\/li><li>Reduzieren Sie den Bedarf an Medikamenten<\/li><li>Und eliminieren Sie sogar Diabetes aus Ihrem Leben!<\/li><\/ul>\n","protected":false},"excerpt":{"rendered":"<p>Rheumatische &amp; Orthop\u00e4dische Rehabilitation Rheumatische Rehabilitation ist ein medizinisch \u00fcberwachtes Programm, das auf Ihre pers\u00f6nlichen Bed\u00fcrfnisse angepasst ist, um Ihre Kraft und Flexibilit\u00e4t sowie die Beweglichkeit Ihrer Gelenke und Muskeln zu verbessern, mit dem Ziel, sich zu erholen und Ihre Unabh\u00e4ngigkeit so schnell wie m\u00f6glich wiederzuerlangen! Es wird f\u00fcr Menschen empfohlen, die: Stark und kr\u00e4ftig &hellip; <a href=\"https:\/\/doctornearyou.eu\/de\/rehab-programs\/\">Continued<\/a><\/p>\n","protected":false},"author":24,"featured_media":0,"parent":0,"menu_order":0,"comment_status":"closed","ping_status":"closed","template":"views\/template-custom-with-modal.blade.php","meta":{"footnotes":""},"categories":[],"class_list":["post-1673","page","type-page","status-publish","hentry"],"featured_image_src":null,"yoast_head":"<!-- This site is optimized with the Yoast SEO plugin v27.1.1 - https:\/\/yoast.com\/product\/yoast-seo-wordpress\/ -->\n<title>Reha-Programme | DoctorNearYou.eu<\/title>\n<meta name=\"robots\" content=\"noindex, follow\" \/>\n<meta property=\"og:locale\" content=\"de_DE\" \/>\n<meta property=\"og:type\" content=\"article\" \/>\n<meta property=\"og:title\" content=\"Reha-Programme | DoctorNearYou.eu\" \/>\n<meta property=\"og:description\" content=\"Rheumatische &amp; Orthop\u00e4dische Rehabilitation Rheumatische Rehabilitation ist ein medizinisch \u00fcberwachtes Programm, das auf Ihre pers\u00f6nlichen Bed\u00fcrfnisse angepasst ist, um Ihre Kraft und Flexibilit\u00e4t sowie die Beweglichkeit Ihrer Gelenke und Muskeln zu verbessern, mit dem Ziel, sich zu erholen und Ihre Unabh\u00e4ngigkeit so schnell wie m\u00f6glich wiederzuerlangen! Es wird f\u00fcr Menschen empfohlen, die: Stark und kr\u00e4ftig &hellip; Continued\" \/>\n<meta property=\"og:url\" content=\"https:\/\/doctornearyou.eu\/rehab-programs\/\" \/>\n<meta property=\"og:site_name\" content=\"DoctorNearYou.eu\" \/>\n<meta property=\"article:modified_time\" content=\"2021-04-25T17:28:35+00:00\" \/>\n<meta property=\"og:image\" content=\"https:\/\/doctornearyou.eu\/wp-content\/uploads\/doctornearyou-social-new.jpg\" \/>\n\t<meta property=\"og:image:width\" content=\"1200\" \/>\n\t<meta property=\"og:image:height\" content=\"630\" \/>\n\t<meta property=\"og:image:type\" content=\"image\/jpeg\" \/>\n<meta name=\"twitter:card\" content=\"summary_large_image\" \/>\n<meta name=\"twitter:label1\" content=\"Gesch\u00e4tzte Lesezeit\" \/>\n\t<meta name=\"twitter:data1\" content=\"3\u00a0Minuten\" \/>\n<script type=\"application\/ld+json\" class=\"yoast-schema-graph\">{\"@context\":\"https:\/\/schema.org\",\"@graph\":[{\"@type\":\"WebPage\",\"@id\":\"https:\/\/doctornearyou.eu\/rehab-programs\/\",\"url\":\"https:\/\/doctornearyou.eu\/rehab-programs\/\",\"name\":\"Reha-Programme | DoctorNearYou.eu\",\"isPartOf\":{\"@id\":\"https:\/\/doctornearyou.eu\/#website\"},\"datePublished\":\"2020-08-03T10:15:11+00:00\",\"dateModified\":\"2021-04-25T17:28:35+00:00\",\"breadcrumb\":{\"@id\":\"https:\/\/doctornearyou.eu\/rehab-programs\/#breadcrumb\"},\"inLanguage\":\"de\",\"potentialAction\":[{\"@type\":\"ReadAction\",\"target\":[\"https:\/\/doctornearyou.eu\/rehab-programs\/\"]}]},{\"@type\":\"BreadcrumbList\",\"@id\":\"https:\/\/doctornearyou.eu\/rehab-programs\/#breadcrumb\",\"itemListElement\":[{\"@type\":\"ListItem\",\"position\":1,\"name\":\"Startseite\",\"item\":\"https:\/\/doctornearyou.eu\/de\/\"},{\"@type\":\"ListItem\",\"position\":2,\"name\":\"Reha-Programme\"}]},{\"@type\":\"WebSite\",\"@id\":\"https:\/\/doctornearyou.eu\/#website\",\"url\":\"https:\/\/doctornearyou.eu\/\",\"name\":\"DoctorNearYou.eu\",\"description\":\"Advanced Medical Services\",\"publisher\":{\"@id\":\"https:\/\/doctornearyou.eu\/#organization\"},\"potentialAction\":[{\"@type\":\"SearchAction\",\"target\":{\"@type\":\"EntryPoint\",\"urlTemplate\":\"https:\/\/doctornearyou.eu\/?s={search_term_string}\"},\"query-input\":{\"@type\":\"PropertyValueSpecification\",\"valueRequired\":true,\"valueName\":\"search_term_string\"}}],\"inLanguage\":\"de\"},{\"@type\":\"Organization\",\"@id\":\"https:\/\/doctornearyou.eu\/#organization\",\"name\":\"Doctor Near You\",\"url\":\"https:\/\/doctornearyou.eu\/\",\"logo\":{\"@type\":\"ImageObject\",\"inLanguage\":\"de\",\"@id\":\"https:\/\/doctornearyou.eu\/#\/schema\/logo\/image\/\",\"url\":\"https:\/\/doctornearyou.eu\/wp-content\/uploads\/logo_DNY.jpg\",\"contentUrl\":\"https:\/\/doctornearyou.eu\/wp-content\/uploads\/logo_DNY.jpg\",\"width\":213,\"height\":80,\"caption\":\"Doctor Near You\"},\"image\":{\"@id\":\"https:\/\/doctornearyou.eu\/#\/schema\/logo\/image\/\"}}]}<\/script>\n<!-- \/ Yoast SEO plugin. -->","yoast_head_json":{"title":"Reha-Programme | DoctorNearYou.eu","robots":{"index":"noindex","follow":"follow"},"og_locale":"de_DE","og_type":"article","og_title":"Reha-Programme | DoctorNearYou.eu","og_description":"Rheumatische &amp; Orthop\u00e4dische Rehabilitation Rheumatische Rehabilitation ist ein medizinisch \u00fcberwachtes Programm, das auf Ihre pers\u00f6nlichen Bed\u00fcrfnisse angepasst ist, um Ihre Kraft und Flexibilit\u00e4t sowie die Beweglichkeit Ihrer Gelenke und Muskeln zu verbessern, mit dem Ziel, sich zu erholen und Ihre Unabh\u00e4ngigkeit so schnell wie m\u00f6glich wiederzuerlangen! Es wird f\u00fcr Menschen empfohlen, die: Stark und kr\u00e4ftig &hellip; Continued","og_url":"https:\/\/doctornearyou.eu\/rehab-programs\/","og_site_name":"DoctorNearYou.eu","article_modified_time":"2021-04-25T17:28:35+00:00","og_image":[{"width":1200,"height":630,"url":"https:\/\/doctornearyou.eu\/wp-content\/uploads\/doctornearyou-social-new.jpg","type":"image\/jpeg"}],"twitter_card":"summary_large_image","twitter_misc":{"Gesch\u00e4tzte Lesezeit":"3\u00a0Minuten"},"schema":{"@context":"https:\/\/schema.org","@graph":[{"@type":"WebPage","@id":"https:\/\/doctornearyou.eu\/rehab-programs\/","url":"https:\/\/doctornearyou.eu\/rehab-programs\/","name":"Reha-Programme | DoctorNearYou.eu","isPartOf":{"@id":"https:\/\/doctornearyou.eu\/#website"},"datePublished":"2020-08-03T10:15:11+00:00","dateModified":"2021-04-25T17:28:35+00:00","breadcrumb":{"@id":"https:\/\/doctornearyou.eu\/rehab-programs\/#breadcrumb"},"inLanguage":"de","potentialAction":[{"@type":"ReadAction","target":["https:\/\/doctornearyou.eu\/rehab-programs\/"]}]},{"@type":"BreadcrumbList","@id":"https:\/\/doctornearyou.eu\/rehab-programs\/#breadcrumb","itemListElement":[{"@type":"ListItem","position":1,"name":"Startseite","item":"https:\/\/doctornearyou.eu\/de\/"},{"@type":"ListItem","position":2,"name":"Reha-Programme"}]},{"@type":"WebSite","@id":"https:\/\/doctornearyou.eu\/#website","url":"https:\/\/doctornearyou.eu\/","name":"DoctorNearYou.eu","description":"Advanced Medical Services","publisher":{"@id":"https:\/\/doctornearyou.eu\/#organization"},"potentialAction":[{"@type":"SearchAction","target":{"@type":"EntryPoint","urlTemplate":"https:\/\/doctornearyou.eu\/?s={search_term_string}"},"query-input":{"@type":"PropertyValueSpecification","valueRequired":true,"valueName":"search_term_string"}}],"inLanguage":"de"},{"@type":"Organization","@id":"https:\/\/doctornearyou.eu\/#organization","name":"Doctor Near You","url":"https:\/\/doctornearyou.eu\/","logo":{"@type":"ImageObject","inLanguage":"de","@id":"https:\/\/doctornearyou.eu\/#\/schema\/logo\/image\/","url":"https:\/\/doctornearyou.eu\/wp-content\/uploads\/logo_DNY.jpg","contentUrl":"https:\/\/doctornearyou.eu\/wp-content\/uploads\/logo_DNY.jpg","width":213,"height":80,"caption":"Doctor Near You"},"image":{"@id":"https:\/\/doctornearyou.eu\/#\/schema\/logo\/image\/"}}]}},"_links":{"self":[{"href":"https:\/\/doctornearyou.eu\/de\/wp-json\/wp\/v2\/pages\/1673","targetHints":{"allow":["GET"]}}],"collection":[{"href":"https:\/\/doctornearyou.eu\/de\/wp-json\/wp\/v2\/pages"}],"about":[{"href":"https:\/\/doctornearyou.eu\/de\/wp-json\/wp\/v2\/types\/page"}],"author":[{"embeddable":true,"href":"https:\/\/doctornearyou.eu\/de\/wp-json\/wp\/v2\/users\/24"}],"replies":[{"embeddable":true,"href":"https:\/\/doctornearyou.eu\/de\/wp-json\/wp\/v2\/comments?post=1673"}],"version-history":[{"count":0,"href":"https:\/\/doctornearyou.eu\/de\/wp-json\/wp\/v2\/pages\/1673\/revisions"}],"wp:attachment":[{"href":"https:\/\/doctornearyou.eu\/de\/wp-json\/wp\/v2\/media?parent=1673"}],"wp:term":[{"taxonomy":"category","embeddable":true,"href":"https:\/\/doctornearyou.eu\/de\/wp-json\/wp\/v2\/categories?post=1673"}],"curies":[{"name":"wp","href":"https:\/\/api.w.org\/{rel}","templated":true}]}}