{"id":1675,"date":"2020-08-03T10:25:15","date_gmt":"2020-08-03T10:25:15","guid":{"rendered":"http:\/\/185.194.217.13\/nierenrehabilitation\/"},"modified":"2021-04-25T18:01:08","modified_gmt":"2021-04-25T18:01:08","slug":"renal-rehabilitation","status":"publish","type":"page","link":"https:\/\/doctornearyou.eu\/de\/renal-rehabilitation\/","title":{"rendered":"Nieren-Rehabilitation"},"content":{"rendered":"\n<p><strong>KOSTENLOSE Unterkunft fur nierenkranke &#8211; H\u00e4modialyse-Patienten aus Schweden, Frankreich, den Niederlanden und Belgien im Apollonia Hotel Resort &amp; Spa (bitte beachten Sie, dass sich der Unterkunftspreis auf Ihren Begleiter bezieht)<\/strong><\/p>\n\n\n\n<p>MESOGEIOS Dialyse-Zentren<br>ZEIT ZUM ENTSPANNEN<br><\/p>\n\n\n\n<p>ERSTKLASSIGE URLAUBSDIALYSE IN GRIECHENLAND<br>Die MESOGEIOS Dialysis Centers Group wurde mit dem einzigen Ziel gegr\u00fcndet, um die Bed\u00fcrfnisse von Dialysepatienten nach h\u00f6chsten Standards vollst\u00e4ndig abzudecken. Wir bieten Dialysepatienten Sicherheit und Qualit\u00e4t bei der Dialysebehandlung in einer hoch entwickelten Umgebung, in der N\u00e4he ihres st\u00e4ndigen Wohnsitzes, aber auch in der N\u00e4he von Urlaubsorten, in denen die Patienten die M\u00f6glichkeit haben, ihren Urlaub zu genie\u00dfen.<\/p>\n\n\n\n<p><strong>Die Station auf Kreta:<\/strong><\/p>\n\n\n\n<p>Die Station auf Kreta befindet sich in 10 km Entfernung von Ammoudara &#8211; einem der sch\u00f6nsten Urlaubsorte in der Pr\u00e4fektur Heraklion &#8211; in unmittelbarer N\u00e4he der arch\u00e4ologischen St\u00e4tte von Knossos und nur 5 km von der Universit\u00e4tsklinik Heraklion entfernt.<\/p>\n\n\n\n<p><strong>Einrichtungen<\/strong><\/p>\n\n\n\n<p>Ein elegantes Geb\u00e4ude von 1.700 Quadratmetern wurde auf einem Privatgrundst\u00fcck von 8.000 Quadratmetern errichtet, inmitten eines \u00fcppigen Gartens, zu dem auch ein Pool geh\u00f6rt. Die gut ausgestattete medizinische Einrichtung bietet den Patienten eine qualitativ hochwertige medizinische Versorgung in einer angenehmen Umgebung von hoher \u00c4sthetik.<\/p>\n\n\n\n<p><strong>Kapazit\u00e4t der Station<\/strong><\/p>\n\n\n\n<p>Diese Einheit hat eine Kapazit\u00e4t von 160 Patienten und 40 Fresenius Medical Care 5008S online HDF-Maschinen, w\u00e4hrend sie auch j\u00e4hrlich die Bed\u00fcrfnisse von mindestens 700 Besuchern (griechische und ausl\u00e4ndische) beherbergt.<\/p>\n\n\n\n<p><strong> Sicherheit und Qualit\u00e4t<\/strong><\/p>\n\n\n\n<ul class=\"wp-block-list\"><li>St\u00e4ndige Anwesenheit von Nephrologen w\u00e4hrend der Dialysesitzungen<\/li><li>Ausgewiesene Bereiche f\u00fcr die Behandlung von Patienten mit Hepatitis B &amp; C<\/li><li>High- und Low-Flux-Polysulfon- und Helixonehemodialysatoren von Fresenius Medical Care<\/li><li>HIV-negative Einheit<\/li><\/ul>\n\n\n\n<div style=\"height:20px\" aria-hidden=\"true\" class=\"wp-block-spacer\"><\/div>\n\n\n\n<p><strong> Dienstleistungen<\/strong><\/p>\n\n\n\n<ul class=\"wp-block-list\"><li>KOSTENLOSE Unterbringung von nierenkranken H\u00e4modialyse-Patienten aus Schweden, Frankreich, den Niederlanden und Belgien <\/li><li>Zwei Dialyser\u00e4ume mit 1.200 Quadratmetern<\/li><li>Kontinuierliche \u00dcberwachung durch einen Kardiologen und sofortige Behandlung von Problemen mit dem Gef\u00e4\u00dfzugang durch angeschlossene Gef\u00e4\u00dfchirurgen <\/li><li>Hochqualifiziertes, mehrsprachiges Verwaltungs-, Medizin- und Pflegepersonal<\/li><li>24 Stunden medizinische Betreuung <\/li><li>Privater Krankenwagen &#8211; Luxuri\u00f6se Ausstattung f\u00fcr G\u00e4ste und ihre Begleitpersonen <\/li><li>Besondere Privilegien f\u00fcr unsere wiederkehrenden Dialyseg\u00e4ste<\/li><li>Touristisches Informationsb\u00fcro f\u00fcr ausl\u00e4ndische Patienten<\/li><li>Vertr\u00e4ge mit allen Versicherungsinstitutionen\/Unternehmen<\/li><li>Kostenloser Transfer w\u00e4hrend der Dialyse (aus den touristischen Gebieten der Pr\u00e4fektur Heraklion)<\/li><li>Die Station ist von Montag bis Samstag ge\u00f6ffnet und bietet Dialyse in drei Schichten (07:00, 12:00 und 17:00)<\/li><\/ul>\n","protected":false},"excerpt":{"rendered":"<p>KOSTENLOSE Unterkunft fur nierenkranke &#8211; H\u00e4modialyse-Patienten aus Schweden, Frankreich, den Niederlanden und Belgien im Apollonia Hotel Resort &amp; Spa (bitte beachten Sie, dass sich der Unterkunftspreis auf Ihren Begleiter bezieht) MESOGEIOS Dialyse-ZentrenZEIT ZUM ENTSPANNEN ERSTKLASSIGE URLAUBSDIALYSE IN GRIECHENLANDDie MESOGEIOS Dialysis Centers Group wurde mit dem einzigen Ziel gegr\u00fcndet, um die Bed\u00fcrfnisse von Dialysepatienten nach h\u00f6chsten &hellip; <a href=\"https:\/\/doctornearyou.eu\/de\/renal-rehabilitation\/\">Continued<\/a><\/p>\n","protected":false},"author":24,"featured_media":0,"parent":0,"menu_order":0,"comment_status":"closed","ping_status":"closed","template":"views\/template-custom-with-modal.blade.php","meta":{"footnotes":""},"categories":[],"class_list":["post-1675","page","type-page","status-publish","hentry"],"featured_image_src":null,"yoast_head":"<!-- This site is optimized with the Yoast SEO plugin v27.1.1 - https:\/\/yoast.com\/product\/yoast-seo-wordpress\/ -->\n<title>Nieren-Rehabilitation | DoctorNearYou.eu<\/title>\n<meta name=\"robots\" content=\"noindex, follow\" \/>\n<meta property=\"og:locale\" content=\"de_DE\" \/>\n<meta property=\"og:type\" content=\"article\" \/>\n<meta property=\"og:title\" content=\"Nieren-Rehabilitation | DoctorNearYou.eu\" \/>\n<meta property=\"og:description\" content=\"KOSTENLOSE Unterkunft fur nierenkranke &#8211; H\u00e4modialyse-Patienten aus Schweden, Frankreich, den Niederlanden und Belgien im Apollonia Hotel Resort &amp; Spa (bitte beachten Sie, dass sich der Unterkunftspreis auf Ihren Begleiter bezieht) MESOGEIOS Dialyse-ZentrenZEIT ZUM ENTSPANNEN ERSTKLASSIGE URLAUBSDIALYSE IN GRIECHENLANDDie MESOGEIOS Dialysis Centers Group wurde mit dem einzigen Ziel gegr\u00fcndet, um die Bed\u00fcrfnisse von Dialysepatienten nach h\u00f6chsten &hellip; Continued\" \/>\n<meta property=\"og:url\" content=\"https:\/\/doctornearyou.eu\/renal-rehabilitation\/\" \/>\n<meta property=\"og:site_name\" content=\"DoctorNearYou.eu\" \/>\n<meta property=\"article:modified_time\" content=\"2021-04-25T18:01:08+00:00\" \/>\n<meta property=\"og:image\" content=\"https:\/\/doctornearyou.eu\/wp-content\/uploads\/doctornearyou-social-new.jpg\" \/>\n\t<meta property=\"og:image:width\" content=\"1200\" \/>\n\t<meta property=\"og:image:height\" content=\"630\" \/>\n\t<meta property=\"og:image:type\" content=\"image\/jpeg\" \/>\n<meta name=\"twitter:card\" content=\"summary_large_image\" \/>\n<meta name=\"twitter:label1\" content=\"Gesch\u00e4tzte Lesezeit\" \/>\n\t<meta name=\"twitter:data1\" content=\"2\u00a0Minuten\" \/>\n<script type=\"application\/ld+json\" class=\"yoast-schema-graph\">{\"@context\":\"https:\/\/schema.org\",\"@graph\":[{\"@type\":\"WebPage\",\"@id\":\"https:\/\/doctornearyou.eu\/renal-rehabilitation\/\",\"url\":\"https:\/\/doctornearyou.eu\/renal-rehabilitation\/\",\"name\":\"Nieren-Rehabilitation | DoctorNearYou.eu\",\"isPartOf\":{\"@id\":\"https:\/\/doctornearyou.eu\/#website\"},\"datePublished\":\"2020-08-03T10:25:15+00:00\",\"dateModified\":\"2021-04-25T18:01:08+00:00\",\"breadcrumb\":{\"@id\":\"https:\/\/doctornearyou.eu\/renal-rehabilitation\/#breadcrumb\"},\"inLanguage\":\"de\",\"potentialAction\":[{\"@type\":\"ReadAction\",\"target\":[\"https:\/\/doctornearyou.eu\/renal-rehabilitation\/\"]}]},{\"@type\":\"BreadcrumbList\",\"@id\":\"https:\/\/doctornearyou.eu\/renal-rehabilitation\/#breadcrumb\",\"itemListElement\":[{\"@type\":\"ListItem\",\"position\":1,\"name\":\"Startseite\",\"item\":\"https:\/\/doctornearyou.eu\/de\/\"},{\"@type\":\"ListItem\",\"position\":2,\"name\":\"Nieren-Rehabilitation\"}]},{\"@type\":\"WebSite\",\"@id\":\"https:\/\/doctornearyou.eu\/#website\",\"url\":\"https:\/\/doctornearyou.eu\/\",\"name\":\"DoctorNearYou.eu\",\"description\":\"Advanced Medical Services\",\"publisher\":{\"@id\":\"https:\/\/doctornearyou.eu\/#organization\"},\"potentialAction\":[{\"@type\":\"SearchAction\",\"target\":{\"@type\":\"EntryPoint\",\"urlTemplate\":\"https:\/\/doctornearyou.eu\/?s={search_term_string}\"},\"query-input\":{\"@type\":\"PropertyValueSpecification\",\"valueRequired\":true,\"valueName\":\"search_term_string\"}}],\"inLanguage\":\"de\"},{\"@type\":\"Organization\",\"@id\":\"https:\/\/doctornearyou.eu\/#organization\",\"name\":\"Doctor Near You\",\"url\":\"https:\/\/doctornearyou.eu\/\",\"logo\":{\"@type\":\"ImageObject\",\"inLanguage\":\"de\",\"@id\":\"https:\/\/doctornearyou.eu\/#\/schema\/logo\/image\/\",\"url\":\"https:\/\/doctornearyou.eu\/wp-content\/uploads\/logo_DNY.jpg\",\"contentUrl\":\"https:\/\/doctornearyou.eu\/wp-content\/uploads\/logo_DNY.jpg\",\"width\":213,\"height\":80,\"caption\":\"Doctor Near You\"},\"image\":{\"@id\":\"https:\/\/doctornearyou.eu\/#\/schema\/logo\/image\/\"}}]}<\/script>\n<!-- \/ Yoast SEO plugin. -->","yoast_head_json":{"title":"Nieren-Rehabilitation | DoctorNearYou.eu","robots":{"index":"noindex","follow":"follow"},"og_locale":"de_DE","og_type":"article","og_title":"Nieren-Rehabilitation | DoctorNearYou.eu","og_description":"KOSTENLOSE Unterkunft fur nierenkranke &#8211; H\u00e4modialyse-Patienten aus Schweden, Frankreich, den Niederlanden und Belgien im Apollonia Hotel Resort &amp; Spa (bitte beachten Sie, dass sich der Unterkunftspreis auf Ihren Begleiter bezieht) MESOGEIOS Dialyse-ZentrenZEIT ZUM ENTSPANNEN ERSTKLASSIGE URLAUBSDIALYSE IN GRIECHENLANDDie MESOGEIOS Dialysis Centers Group wurde mit dem einzigen Ziel gegr\u00fcndet, um die Bed\u00fcrfnisse von Dialysepatienten nach h\u00f6chsten &hellip; Continued","og_url":"https:\/\/doctornearyou.eu\/renal-rehabilitation\/","og_site_name":"DoctorNearYou.eu","article_modified_time":"2021-04-25T18:01:08+00:00","og_image":[{"width":1200,"height":630,"url":"https:\/\/doctornearyou.eu\/wp-content\/uploads\/doctornearyou-social-new.jpg","type":"image\/jpeg"}],"twitter_card":"summary_large_image","twitter_misc":{"Gesch\u00e4tzte Lesezeit":"2\u00a0Minuten"},"schema":{"@context":"https:\/\/schema.org","@graph":[{"@type":"WebPage","@id":"https:\/\/doctornearyou.eu\/renal-rehabilitation\/","url":"https:\/\/doctornearyou.eu\/renal-rehabilitation\/","name":"Nieren-Rehabilitation | DoctorNearYou.eu","isPartOf":{"@id":"https:\/\/doctornearyou.eu\/#website"},"datePublished":"2020-08-03T10:25:15+00:00","dateModified":"2021-04-25T18:01:08+00:00","breadcrumb":{"@id":"https:\/\/doctornearyou.eu\/renal-rehabilitation\/#breadcrumb"},"inLanguage":"de","potentialAction":[{"@type":"ReadAction","target":["https:\/\/doctornearyou.eu\/renal-rehabilitation\/"]}]},{"@type":"BreadcrumbList","@id":"https:\/\/doctornearyou.eu\/renal-rehabilitation\/#breadcrumb","itemListElement":[{"@type":"ListItem","position":1,"name":"Startseite","item":"https:\/\/doctornearyou.eu\/de\/"},{"@type":"ListItem","position":2,"name":"Nieren-Rehabilitation"}]},{"@type":"WebSite","@id":"https:\/\/doctornearyou.eu\/#website","url":"https:\/\/doctornearyou.eu\/","name":"DoctorNearYou.eu","description":"Advanced Medical Services","publisher":{"@id":"https:\/\/doctornearyou.eu\/#organization"},"potentialAction":[{"@type":"SearchAction","target":{"@type":"EntryPoint","urlTemplate":"https:\/\/doctornearyou.eu\/?s={search_term_string}"},"query-input":{"@type":"PropertyValueSpecification","valueRequired":true,"valueName":"search_term_string"}}],"inLanguage":"de"},{"@type":"Organization","@id":"https:\/\/doctornearyou.eu\/#organization","name":"Doctor Near You","url":"https:\/\/doctornearyou.eu\/","logo":{"@type":"ImageObject","inLanguage":"de","@id":"https:\/\/doctornearyou.eu\/#\/schema\/logo\/image\/","url":"https:\/\/doctornearyou.eu\/wp-content\/uploads\/logo_DNY.jpg","contentUrl":"https:\/\/doctornearyou.eu\/wp-content\/uploads\/logo_DNY.jpg","width":213,"height":80,"caption":"Doctor Near You"},"image":{"@id":"https:\/\/doctornearyou.eu\/#\/schema\/logo\/image\/"}}]}},"_links":{"self":[{"href":"https:\/\/doctornearyou.eu\/de\/wp-json\/wp\/v2\/pages\/1675","targetHints":{"allow":["GET"]}}],"collection":[{"href":"https:\/\/doctornearyou.eu\/de\/wp-json\/wp\/v2\/pages"}],"about":[{"href":"https:\/\/doctornearyou.eu\/de\/wp-json\/wp\/v2\/types\/page"}],"author":[{"embeddable":true,"href":"https:\/\/doctornearyou.eu\/de\/wp-json\/wp\/v2\/users\/24"}],"replies":[{"embeddable":true,"href":"https:\/\/doctornearyou.eu\/de\/wp-json\/wp\/v2\/comments?post=1675"}],"version-history":[{"count":0,"href":"https:\/\/doctornearyou.eu\/de\/wp-json\/wp\/v2\/pages\/1675\/revisions"}],"wp:attachment":[{"href":"https:\/\/doctornearyou.eu\/de\/wp-json\/wp\/v2\/media?parent=1675"}],"wp:term":[{"taxonomy":"category","embeddable":true,"href":"https:\/\/doctornearyou.eu\/de\/wp-json\/wp\/v2\/categories?post=1675"}],"curies":[{"name":"wp","href":"https:\/\/api.w.org\/{rel}","templated":true}]}}