{"id":1678,"date":"2020-08-03T10:37:38","date_gmt":"2020-08-03T10:37:38","guid":{"rendered":"http:\/\/185.194.217.13\/grundversorgung-medizinische-untersuchungen\/"},"modified":"2021-04-25T16:45:48","modified_gmt":"2021-04-25T16:45:48","slug":"primary-care-medical-exams","status":"publish","type":"page","link":"https:\/\/doctornearyou.eu\/de\/primary-care-medical-exams\/","title":{"rendered":"Prim\u00e4rversorgung &amp; Medizinische Untersuchungen"},"content":{"rendered":"\n<p><strong>Ihre medizinischen \u00c4rzte in Griechenland!<\/strong><\/p>\n\n\n\n<p>&#8220;Doctor Near You&#8221; bietet in Zusammenarbeit mit dem Diagnosezentrum &#8220;Asklipios Diagnosis&#8221; und Prime MD seit 10 Jahren medizinische Dienstleistungen an, die sich auf Pr\u00e4ventivmedizin und effektive Behandlung von medizinischen Problemen konzentrieren.<br>Wir sind hier, um sicherzustellen, dass alle Ihre medizinischen Bed\u00fcrfnisse &#8211; von der Grundversorgung in der Privatsph\u00e4re Ihres Hotelzimmers bis hin zu kosmetischen Behandlungen in unseren Tageskliniken &#8211; mit der gr\u00f6\u00dftm\u00f6glichen medizinischen Sorgfalt und Kompetenz behandelt werden, die auf Ihre pers\u00f6nlichen Bed\u00fcrfnissen angepasst sind.<br>Erstklassiger medizinischer Service f\u00fcr erstklassige G\u00e4ste<\/p>\n\n\n\n<p><strong>G\u00e4stePrim\u00e4rversorgung in der Privatsph\u00e4re Ihres Zimmers<\/strong><\/p>\n\n\n\n<ul class=\"wp-block-list\"><li>24 Stunden \/ 7 Tage die Woche Notrufzentrale<\/li><li>Medizinische Versorgung in der Privatsph\u00e4re Ihres Hotelzimmers<\/li><li>Engagiertes Team von Allgemein\u00e4rzten &amp; \u00c4rzten aller Fachrichtungen <\/li><li>Privater Transfer mit Spezialfahrzeugen zu den medizinischen Einrichtungen &amp; Kliniken <\/li><li>Mehrsprachiges Pflege- und Verwaltungsteam<\/li><li>Diskreter, streng vertraulicher Service <\/li><li>Netzwerk von f\u00fchrenden \u00c4rzten &amp; Krankenh\u00e4usern<\/li><li>Medizinische Behandlung von chronischen Krankheiten (z.B. H\u00e4modialyse bei Nephropathien, die eine systematische medizinische Aufarbeitung ben\u00f6tigen)<\/li><li>Verbunden mit allen wichtigen Versicherungen<\/li><li>Kontinuierliche Nachsorge<\/li><\/ul>\n\n\n\n<div style=\"height:20px\" aria-hidden=\"true\" class=\"wp-block-spacer\"><\/div>\n\n\n\n<p><strong>Asklipios Diagnosezentrum<\/strong><\/p>\n\n\n\n<p>In einer ger\u00e4umigen und freundlichen Umgebung erkennt unser engagiertes Team von \u00c4rzten und Heilpraktikern mit Hilfe der modernsten technologischen Ausr\u00fcstung, alle pathologischen Abweichungen, bevor sie sich manifestieren; diagnostizieren Krankheiten und engagieren sich in Therapien und Nachbehandlungen durch.<\/p>\n\n\n\n<ul class=\"wp-block-list\"><li>Bildgebung<\/li><li>Labor<\/li><li>Kardiologie<\/li><li>Diabetologie<\/li><li>Onkologie<\/li><li>Private Ambulanz<\/li><li>Pflege- und Verwaltungspersonal<\/li><\/ul>\n\n\n\n<div style=\"height:20px\" aria-hidden=\"true\" class=\"wp-block-spacer\"><\/div>\n\n\n\n<p><strong>Bildgebende Abteilungen <\/strong><\/p>\n\n\n\n<ul class=\"wp-block-list\"><li>CT -MRI (Ausgestattet mit der neuesten Technologie, die fortschrittliche medizinische Dienstleistungen bietet)<\/li><li>Radiologische Abteilung (alle konventionellen Radiologien und Mammografien)<\/li><li>Echokardiographie<\/li><li>Echographie Zentrale Laboratorien <\/li><li>H\u00e4matologie &#8211; Biochemie <\/li><li>Hormonologie<\/li><li>Mikrobiologie<\/li><li>Pr\u00e4natale Tests &amp; Screening<\/li><\/ul>\n","protected":false},"excerpt":{"rendered":"<p>Ihre medizinischen \u00c4rzte in Griechenland! &#8220;Doctor Near You&#8221; bietet in Zusammenarbeit mit dem Diagnosezentrum &#8220;Asklipios Diagnosis&#8221; und Prime MD seit 10 Jahren medizinische Dienstleistungen an, die sich auf Pr\u00e4ventivmedizin und effektive Behandlung von medizinischen Problemen konzentrieren.Wir sind hier, um sicherzustellen, dass alle Ihre medizinischen Bed\u00fcrfnisse &#8211; von der Grundversorgung in der Privatsph\u00e4re Ihres Hotelzimmers bis &hellip; <a href=\"https:\/\/doctornearyou.eu\/de\/primary-care-medical-exams\/\">Continued<\/a><\/p>\n","protected":false},"author":24,"featured_media":0,"parent":0,"menu_order":0,"comment_status":"closed","ping_status":"closed","template":"views\/template-custom-with-modal.blade.php","meta":{"footnotes":""},"categories":[],"class_list":["post-1678","page","type-page","status-publish","hentry"],"featured_image_src":null,"yoast_head":"<!-- This site is optimized with the Yoast SEO plugin v27.1.1 - https:\/\/yoast.com\/product\/yoast-seo-wordpress\/ -->\n<title>Prim\u00e4rversorgung &amp; Medizinische Untersuchungen | DoctorNearYou.eu<\/title>\n<meta name=\"robots\" content=\"noindex, follow\" \/>\n<meta property=\"og:locale\" content=\"de_DE\" \/>\n<meta property=\"og:type\" content=\"article\" \/>\n<meta property=\"og:title\" content=\"Prim\u00e4rversorgung &amp; Medizinische Untersuchungen | DoctorNearYou.eu\" \/>\n<meta property=\"og:description\" content=\"Ihre medizinischen \u00c4rzte in Griechenland! &#8220;Doctor Near You&#8221; bietet in Zusammenarbeit mit dem Diagnosezentrum &#8220;Asklipios Diagnosis&#8221; und Prime MD seit 10 Jahren medizinische Dienstleistungen an, die sich auf Pr\u00e4ventivmedizin und effektive Behandlung von medizinischen Problemen konzentrieren.Wir sind hier, um sicherzustellen, dass alle Ihre medizinischen Bed\u00fcrfnisse &#8211; von der Grundversorgung in der Privatsph\u00e4re Ihres Hotelzimmers bis &hellip; Continued\" \/>\n<meta property=\"og:url\" content=\"https:\/\/doctornearyou.eu\/primary-care-medical-exams\/\" \/>\n<meta property=\"og:site_name\" content=\"DoctorNearYou.eu\" \/>\n<meta property=\"article:modified_time\" content=\"2021-04-25T16:45:48+00:00\" \/>\n<meta property=\"og:image\" content=\"https:\/\/doctornearyou.eu\/wp-content\/uploads\/doctornearyou-social-new.jpg\" \/>\n\t<meta property=\"og:image:width\" content=\"1200\" \/>\n\t<meta property=\"og:image:height\" content=\"630\" \/>\n\t<meta property=\"og:image:type\" content=\"image\/jpeg\" \/>\n<meta name=\"twitter:card\" content=\"summary_large_image\" \/>\n<meta name=\"twitter:label1\" content=\"Gesch\u00e4tzte Lesezeit\" \/>\n\t<meta name=\"twitter:data1\" content=\"2\u00a0Minuten\" \/>\n<script type=\"application\/ld+json\" class=\"yoast-schema-graph\">{\"@context\":\"https:\/\/schema.org\",\"@graph\":[{\"@type\":\"WebPage\",\"@id\":\"https:\/\/doctornearyou.eu\/primary-care-medical-exams\/\",\"url\":\"https:\/\/doctornearyou.eu\/primary-care-medical-exams\/\",\"name\":\"Prim\u00e4rversorgung &amp; Medizinische Untersuchungen | DoctorNearYou.eu\",\"isPartOf\":{\"@id\":\"https:\/\/doctornearyou.eu\/#website\"},\"datePublished\":\"2020-08-03T10:37:38+00:00\",\"dateModified\":\"2021-04-25T16:45:48+00:00\",\"breadcrumb\":{\"@id\":\"https:\/\/doctornearyou.eu\/primary-care-medical-exams\/#breadcrumb\"},\"inLanguage\":\"de\",\"potentialAction\":[{\"@type\":\"ReadAction\",\"target\":[\"https:\/\/doctornearyou.eu\/primary-care-medical-exams\/\"]}]},{\"@type\":\"BreadcrumbList\",\"@id\":\"https:\/\/doctornearyou.eu\/primary-care-medical-exams\/#breadcrumb\",\"itemListElement\":[{\"@type\":\"ListItem\",\"position\":1,\"name\":\"Startseite\",\"item\":\"https:\/\/doctornearyou.eu\/de\/\"},{\"@type\":\"ListItem\",\"position\":2,\"name\":\"Prim\u00e4rversorgung &amp; Medizinische Untersuchungen\"}]},{\"@type\":\"WebSite\",\"@id\":\"https:\/\/doctornearyou.eu\/#website\",\"url\":\"https:\/\/doctornearyou.eu\/\",\"name\":\"DoctorNearYou.eu\",\"description\":\"Advanced Medical Services\",\"publisher\":{\"@id\":\"https:\/\/doctornearyou.eu\/#organization\"},\"potentialAction\":[{\"@type\":\"SearchAction\",\"target\":{\"@type\":\"EntryPoint\",\"urlTemplate\":\"https:\/\/doctornearyou.eu\/?s={search_term_string}\"},\"query-input\":{\"@type\":\"PropertyValueSpecification\",\"valueRequired\":true,\"valueName\":\"search_term_string\"}}],\"inLanguage\":\"de\"},{\"@type\":\"Organization\",\"@id\":\"https:\/\/doctornearyou.eu\/#organization\",\"name\":\"Doctor Near You\",\"url\":\"https:\/\/doctornearyou.eu\/\",\"logo\":{\"@type\":\"ImageObject\",\"inLanguage\":\"de\",\"@id\":\"https:\/\/doctornearyou.eu\/#\/schema\/logo\/image\/\",\"url\":\"https:\/\/doctornearyou.eu\/wp-content\/uploads\/logo_DNY.jpg\",\"contentUrl\":\"https:\/\/doctornearyou.eu\/wp-content\/uploads\/logo_DNY.jpg\",\"width\":213,\"height\":80,\"caption\":\"Doctor Near You\"},\"image\":{\"@id\":\"https:\/\/doctornearyou.eu\/#\/schema\/logo\/image\/\"}}]}<\/script>\n<!-- \/ Yoast SEO plugin. -->","yoast_head_json":{"title":"Prim\u00e4rversorgung &amp; Medizinische Untersuchungen | DoctorNearYou.eu","robots":{"index":"noindex","follow":"follow"},"og_locale":"de_DE","og_type":"article","og_title":"Prim\u00e4rversorgung &amp; Medizinische Untersuchungen | DoctorNearYou.eu","og_description":"Ihre medizinischen \u00c4rzte in Griechenland! &#8220;Doctor Near You&#8221; bietet in Zusammenarbeit mit dem Diagnosezentrum &#8220;Asklipios Diagnosis&#8221; und Prime MD seit 10 Jahren medizinische Dienstleistungen an, die sich auf Pr\u00e4ventivmedizin und effektive Behandlung von medizinischen Problemen konzentrieren.Wir sind hier, um sicherzustellen, dass alle Ihre medizinischen Bed\u00fcrfnisse &#8211; von der Grundversorgung in der Privatsph\u00e4re Ihres Hotelzimmers bis &hellip; Continued","og_url":"https:\/\/doctornearyou.eu\/primary-care-medical-exams\/","og_site_name":"DoctorNearYou.eu","article_modified_time":"2021-04-25T16:45:48+00:00","og_image":[{"width":1200,"height":630,"url":"https:\/\/doctornearyou.eu\/wp-content\/uploads\/doctornearyou-social-new.jpg","type":"image\/jpeg"}],"twitter_card":"summary_large_image","twitter_misc":{"Gesch\u00e4tzte Lesezeit":"2\u00a0Minuten"},"schema":{"@context":"https:\/\/schema.org","@graph":[{"@type":"WebPage","@id":"https:\/\/doctornearyou.eu\/primary-care-medical-exams\/","url":"https:\/\/doctornearyou.eu\/primary-care-medical-exams\/","name":"Prim\u00e4rversorgung &amp; Medizinische Untersuchungen | DoctorNearYou.eu","isPartOf":{"@id":"https:\/\/doctornearyou.eu\/#website"},"datePublished":"2020-08-03T10:37:38+00:00","dateModified":"2021-04-25T16:45:48+00:00","breadcrumb":{"@id":"https:\/\/doctornearyou.eu\/primary-care-medical-exams\/#breadcrumb"},"inLanguage":"de","potentialAction":[{"@type":"ReadAction","target":["https:\/\/doctornearyou.eu\/primary-care-medical-exams\/"]}]},{"@type":"BreadcrumbList","@id":"https:\/\/doctornearyou.eu\/primary-care-medical-exams\/#breadcrumb","itemListElement":[{"@type":"ListItem","position":1,"name":"Startseite","item":"https:\/\/doctornearyou.eu\/de\/"},{"@type":"ListItem","position":2,"name":"Prim\u00e4rversorgung &amp; Medizinische Untersuchungen"}]},{"@type":"WebSite","@id":"https:\/\/doctornearyou.eu\/#website","url":"https:\/\/doctornearyou.eu\/","name":"DoctorNearYou.eu","description":"Advanced Medical Services","publisher":{"@id":"https:\/\/doctornearyou.eu\/#organization"},"potentialAction":[{"@type":"SearchAction","target":{"@type":"EntryPoint","urlTemplate":"https:\/\/doctornearyou.eu\/?s={search_term_string}"},"query-input":{"@type":"PropertyValueSpecification","valueRequired":true,"valueName":"search_term_string"}}],"inLanguage":"de"},{"@type":"Organization","@id":"https:\/\/doctornearyou.eu\/#organization","name":"Doctor Near You","url":"https:\/\/doctornearyou.eu\/","logo":{"@type":"ImageObject","inLanguage":"de","@id":"https:\/\/doctornearyou.eu\/#\/schema\/logo\/image\/","url":"https:\/\/doctornearyou.eu\/wp-content\/uploads\/logo_DNY.jpg","contentUrl":"https:\/\/doctornearyou.eu\/wp-content\/uploads\/logo_DNY.jpg","width":213,"height":80,"caption":"Doctor Near You"},"image":{"@id":"https:\/\/doctornearyou.eu\/#\/schema\/logo\/image\/"}}]}},"_links":{"self":[{"href":"https:\/\/doctornearyou.eu\/de\/wp-json\/wp\/v2\/pages\/1678","targetHints":{"allow":["GET"]}}],"collection":[{"href":"https:\/\/doctornearyou.eu\/de\/wp-json\/wp\/v2\/pages"}],"about":[{"href":"https:\/\/doctornearyou.eu\/de\/wp-json\/wp\/v2\/types\/page"}],"author":[{"embeddable":true,"href":"https:\/\/doctornearyou.eu\/de\/wp-json\/wp\/v2\/users\/24"}],"replies":[{"embeddable":true,"href":"https:\/\/doctornearyou.eu\/de\/wp-json\/wp\/v2\/comments?post=1678"}],"version-history":[{"count":0,"href":"https:\/\/doctornearyou.eu\/de\/wp-json\/wp\/v2\/pages\/1678\/revisions"}],"wp:attachment":[{"href":"https:\/\/doctornearyou.eu\/de\/wp-json\/wp\/v2\/media?parent=1678"}],"wp:term":[{"taxonomy":"category","embeddable":true,"href":"https:\/\/doctornearyou.eu\/de\/wp-json\/wp\/v2\/categories?post=1678"}],"curies":[{"name":"wp","href":"https:\/\/api.w.org\/{rel}","templated":true}]}}