{"id":1686,"date":"2020-08-03T10:52:24","date_gmt":"2020-08-03T10:52:24","guid":{"rendered":"http:\/\/185.194.217.13\/seniorenbetreuung-hotels\/"},"modified":"2021-04-25T18:48:10","modified_gmt":"2021-04-25T18:48:10","slug":"seniors-care-hotels","status":"publish","type":"page","link":"https:\/\/doctornearyou.eu\/de\/seniors-care-hotels\/","title":{"rendered":"Seniorenbetreuung Hotels"},"content":{"rendered":"\n<p> <\/p>\n\n\n\n<p>Die Ziele eines gut gef\u00fchrten Seniorenpflege-Hotels konzentrieren sich darauf, das Leben der Teilnehmer zu bereichern, ihre F\u00e4higkeiten und St\u00e4rken auszubauen und viel soziale Interaktion zu bieten.<\/p>\n\n\n\n<p> <\/p>\n\n\n\n<p><strong>Unsere Dienstleistungen<\/strong><br>Soziale Aktivit\u00e4ten. Die geplanten Aktivit\u00e4ten werden in der Regel auf die F\u00e4higkeiten und den Gesundheitszustand der Teilnehmer abgestimmt.<\/p>\n\n\n\n<p><strong> Highlights aus dem Programm unseres Animationsteams:<\/strong><\/p>\n\n\n\n<ul class=\"wp-block-list\"><li>Musikalische Unterhaltung und Mitsingspiele <\/li><li>Spiele zur mentalen Stimulation wie Bingo, Stretching oder andere sanfte \u00dcbungen<\/li><li>Diskussionsgruppen (z. B. \u00fcber B\u00fccher, Filme oder aktuelle Ereignisse)<\/li><li>Urlaubs- und Geburtstagsfeiern sowie Ausfl\u00fcge in die Umgebung<\/li><\/ul>\n\n\n\n<div style=\"height:20px\" aria-hidden=\"true\" class=\"wp-block-spacer\"><\/div>\n\n\n\n<p><strong>Ern\u00e4hrung<\/strong><\/p>\n\n\n\n<p>Unsere Seniorenpflege-Hotels versorgen die Senioren mit nahrhaften Mahlzeiten, die auch spezielle Di\u00e4ten ber\u00fccksichtigen, sowie mit Zwischenmahlzeiten.<br><strong>Pers\u00f6nliche Betreuung<\/strong><br>Das Hotelpersonal kann Ihnen bei den Aktivit\u00e4ten des t\u00e4glichen Lebens helfen, z. B. bei der K\u00f6rperpflege, der Toilettenhygiene, dem Gehen und der<br>Nahrungsaufnahme. (Gegen Aufpreis)<br><strong>Gesundheitsdienste<\/strong><br>Wir k\u00f6nnen alle gesundheitlichen Probleme behandeln, wie z.B. Blutdruckmessung, H\u00f6r- und Sehtests, bis hin zum Symptommanagement und intensiveren medizinischen oder therapeutischen Leistungen.<br>Unser Hausarzt ist t\u00e4glich von 10.00-12.00 Uhr erreichbar (kostenlos)<br>Unsere Privatklinik ist 5 Tage in der Woche verf\u00fcgbar (bietet eine private Ambulanz) Zwei Krankenh\u00e4user in Heraklion sind 24 Stunden X 7 Tage verf\u00fcgbar.<\/p>\n\n\n\n<p><strong>Transport<\/strong><\/p>\n\n\n\n<p>Unsere Seniorenbetreuungshotels bieten Transport vom Hotel in die Stadt und zur\u00fcck Vorteile f\u00fcr den \u00e4lteren Erwachsenen:<\/p>\n\n\n\n<ul class=\"wp-block-list\"><li>F\u00fcr den Teilnehmer k\u00f6nnen die Vorteile eines Senior Care Hotels sehr umfangreich sein<\/li><li>Sichere und gesch\u00fctzte Umgebung <\/li><li>Unterhaltsame und lehrreiche Aktivit\u00e4ten <\/li><li>Angemessene k\u00f6rperliche Bet\u00e4tigung, um St\u00fcrze zu vermeiden <\/li><li>Geistige und soziale Stimulation w\u00e4hrend des Tages, um die Qualit\u00e4t Ihres Schlafes in der Nacht zu verbessern<\/li><li>Teilnahme an Aktivit\u00e4ten, um Ihre Unabh\u00e4ngigkeit zu verbessern oder zu erhalten und die Eskalation Ihrer Abh\u00e4ngigkeit zu verz\u00f6gern <\/li><li>M\u00f6glichkeit, neue Freundschaften zu schlie\u00dfen und gegenseitige Unterst\u00fctzung zu genie\u00dfen<\/li><\/ul>\n\n\n\n<div style=\"height:20px\" aria-hidden=\"true\" class=\"wp-block-spacer\"><\/div>\n\n\n\n<p><strong>Gute Kandidaten f\u00fcr Seniors care Hotels sind Senioren, die:<\/strong><\/p>\n\n\n\n<ul class=\"wp-block-list\"><li>Von der Freundschaft und funktionellen Unterst\u00fctzung, die ein Tagespflege-Hotel bietet, profitieren k\u00f6nnen<\/li><li>Die k\u00f6rperlich oder kognitiv beeintr\u00e4chtigt sind, aber keine 24-Stunden-Beaufsichtigung ben\u00f6tigen<\/li><li>Mobil sind, eventuell mit Hilfe eines Stocks, einer Gehhilfe oder eines Rollstuhls Was bieten wir? <\/li><li>Zweibettzimmer mit komfortablen Betten<\/li><li>Zimmer mit Blick auf Meer und Garten<\/li><li>B\u00e4der mit Dusche<\/li><li>K\u00fcchenzeile mit Kaffee- und Teedisplay<\/li><li>T\u00e4glicher Housekeeping-Service <\/li><li>Drei Hauptmahlzeiten und Snacks<\/li><li>Freie Nutzung des Innenpools &amp; Nassbereichs <\/li><li>Freie Nutzung des Fitnessstudios<\/li><li>Kostenlose W\u00e4scherei &amp; B\u00fcgelm\u00f6glichkeit f\u00fcr Selbstversorger<\/li><li>T\u00e4gliche Aktivit\u00e4ten wie: soziale Aktivit\u00e4ten &#8211; Fitnessraum &#8211; Wassergymnastik<\/li><li>Arzt &amp; Krankenschwestern im Dienst 24 Stunden &#8211; 7 Tage <\/li><li>T\u00e4gliche Transfers in die nahegelegene Stadt<\/li><\/ul>\n\n\n\n<div style=\"height:20px\" aria-hidden=\"true\" class=\"wp-block-spacer\"><\/div>\n\n\n\n<p><strong>Gegen Aufpreis<\/strong><\/p>\n\n\n\n<ul class=\"wp-block-list\"><li>Pers\u00f6nlicher Assistent &#8211; Krankenschwester<\/li><li>Pers\u00f6nlicher Trainer<\/li><li>SPA-Einrichtungen &amp; Dienstleistungen (exklusive preisg\u00fcnstige Spa-Pakete)<\/li><li>Agro-touristische interaktive Aktivit\u00e4ten &#8211; Exkursion<\/li><li>Natur- &amp; Kulturausfl\u00fcge<\/li><li>Sport: Golf &#8211; Tennis &#8211; Biking &#8211; Trekking<\/li><\/ul>\n","protected":false},"excerpt":{"rendered":"<p>Die Ziele eines gut gef\u00fchrten Seniorenpflege-Hotels konzentrieren sich darauf, das Leben der Teilnehmer zu bereichern, ihre F\u00e4higkeiten und St\u00e4rken auszubauen und viel soziale Interaktion zu bieten. Unsere DienstleistungenSoziale Aktivit\u00e4ten. Die geplanten Aktivit\u00e4ten werden in der Regel auf die F\u00e4higkeiten und den Gesundheitszustand der Teilnehmer abgestimmt. Highlights aus dem Programm unseres Animationsteams: Musikalische Unterhaltung und Mitsingspiele &hellip; <a href=\"https:\/\/doctornearyou.eu\/de\/seniors-care-hotels\/\">Continued<\/a><\/p>\n","protected":false},"author":24,"featured_media":0,"parent":0,"menu_order":0,"comment_status":"closed","ping_status":"closed","template":"views\/template-custom-with-modal.blade.php","meta":{"footnotes":""},"categories":[],"class_list":["post-1686","page","type-page","status-publish","hentry"],"featured_image_src":null,"yoast_head":"<!-- This site is optimized with the Yoast SEO plugin v27.1.1 - https:\/\/yoast.com\/product\/yoast-seo-wordpress\/ -->\n<title>Seniorenbetreuung Hotels | DoctorNearYou.eu<\/title>\n<meta name=\"robots\" content=\"noindex, follow\" \/>\n<meta property=\"og:locale\" content=\"de_DE\" \/>\n<meta property=\"og:type\" content=\"article\" \/>\n<meta property=\"og:title\" content=\"Seniorenbetreuung Hotels | DoctorNearYou.eu\" \/>\n<meta property=\"og:description\" content=\"Die Ziele eines gut gef\u00fchrten Seniorenpflege-Hotels konzentrieren sich darauf, das Leben der Teilnehmer zu bereichern, ihre F\u00e4higkeiten und St\u00e4rken auszubauen und viel soziale Interaktion zu bieten. Unsere DienstleistungenSoziale Aktivit\u00e4ten. Die geplanten Aktivit\u00e4ten werden in der Regel auf die F\u00e4higkeiten und den Gesundheitszustand der Teilnehmer abgestimmt. Highlights aus dem Programm unseres Animationsteams: Musikalische Unterhaltung und Mitsingspiele &hellip; Continued\" \/>\n<meta property=\"og:url\" content=\"https:\/\/doctornearyou.eu\/de\/seniors-care-hotels\/\" \/>\n<meta property=\"og:site_name\" content=\"DoctorNearYou.eu\" \/>\n<meta property=\"article:modified_time\" content=\"2021-04-25T18:48:10+00:00\" \/>\n<meta property=\"og:image\" content=\"https:\/\/doctornearyou.eu\/wp-content\/uploads\/doctornearyou-social-new.jpg\" \/>\n\t<meta property=\"og:image:width\" content=\"1200\" \/>\n\t<meta property=\"og:image:height\" content=\"630\" \/>\n\t<meta property=\"og:image:type\" content=\"image\/jpeg\" \/>\n<meta name=\"twitter:card\" content=\"summary_large_image\" \/>\n<meta name=\"twitter:label1\" content=\"Gesch\u00e4tzte Lesezeit\" \/>\n\t<meta name=\"twitter:data1\" content=\"2\u00a0Minuten\" \/>\n<script type=\"application\/ld+json\" class=\"yoast-schema-graph\">{\"@context\":\"https:\/\/schema.org\",\"@graph\":[{\"@type\":\"WebPage\",\"@id\":\"https:\/\/doctornearyou.eu\/de\/seniors-care-hotels\/\",\"url\":\"https:\/\/doctornearyou.eu\/de\/seniors-care-hotels\/\",\"name\":\"Seniorenbetreuung Hotels | DoctorNearYou.eu\",\"isPartOf\":{\"@id\":\"https:\/\/doctornearyou.eu\/#website\"},\"datePublished\":\"2020-08-03T10:52:24+00:00\",\"dateModified\":\"2021-04-25T18:48:10+00:00\",\"breadcrumb\":{\"@id\":\"https:\/\/doctornearyou.eu\/de\/seniors-care-hotels\/#breadcrumb\"},\"inLanguage\":\"de\",\"potentialAction\":[{\"@type\":\"ReadAction\",\"target\":[\"https:\/\/doctornearyou.eu\/de\/seniors-care-hotels\/\"]}]},{\"@type\":\"BreadcrumbList\",\"@id\":\"https:\/\/doctornearyou.eu\/de\/seniors-care-hotels\/#breadcrumb\",\"itemListElement\":[{\"@type\":\"ListItem\",\"position\":1,\"name\":\"Startseite\",\"item\":\"https:\/\/doctornearyou.eu\/de\/\"},{\"@type\":\"ListItem\",\"position\":2,\"name\":\"Seniorenbetreuung Hotels\"}]},{\"@type\":\"WebSite\",\"@id\":\"https:\/\/doctornearyou.eu\/#website\",\"url\":\"https:\/\/doctornearyou.eu\/\",\"name\":\"DoctorNearYou.eu\",\"description\":\"Advanced Medical Services\",\"publisher\":{\"@id\":\"https:\/\/doctornearyou.eu\/#organization\"},\"potentialAction\":[{\"@type\":\"SearchAction\",\"target\":{\"@type\":\"EntryPoint\",\"urlTemplate\":\"https:\/\/doctornearyou.eu\/?s={search_term_string}\"},\"query-input\":{\"@type\":\"PropertyValueSpecification\",\"valueRequired\":true,\"valueName\":\"search_term_string\"}}],\"inLanguage\":\"de\"},{\"@type\":\"Organization\",\"@id\":\"https:\/\/doctornearyou.eu\/#organization\",\"name\":\"Doctor Near You\",\"url\":\"https:\/\/doctornearyou.eu\/\",\"logo\":{\"@type\":\"ImageObject\",\"inLanguage\":\"de\",\"@id\":\"https:\/\/doctornearyou.eu\/#\/schema\/logo\/image\/\",\"url\":\"https:\/\/doctornearyou.eu\/wp-content\/uploads\/logo_DNY.jpg\",\"contentUrl\":\"https:\/\/doctornearyou.eu\/wp-content\/uploads\/logo_DNY.jpg\",\"width\":213,\"height\":80,\"caption\":\"Doctor Near You\"},\"image\":{\"@id\":\"https:\/\/doctornearyou.eu\/#\/schema\/logo\/image\/\"}}]}<\/script>\n<!-- \/ Yoast SEO plugin. -->","yoast_head_json":{"title":"Seniorenbetreuung Hotels | DoctorNearYou.eu","robots":{"index":"noindex","follow":"follow"},"og_locale":"de_DE","og_type":"article","og_title":"Seniorenbetreuung Hotels | DoctorNearYou.eu","og_description":"Die Ziele eines gut gef\u00fchrten Seniorenpflege-Hotels konzentrieren sich darauf, das Leben der Teilnehmer zu bereichern, ihre F\u00e4higkeiten und St\u00e4rken auszubauen und viel soziale Interaktion zu bieten. Unsere DienstleistungenSoziale Aktivit\u00e4ten. Die geplanten Aktivit\u00e4ten werden in der Regel auf die F\u00e4higkeiten und den Gesundheitszustand der Teilnehmer abgestimmt. Highlights aus dem Programm unseres Animationsteams: Musikalische Unterhaltung und Mitsingspiele &hellip; Continued","og_url":"https:\/\/doctornearyou.eu\/de\/seniors-care-hotels\/","og_site_name":"DoctorNearYou.eu","article_modified_time":"2021-04-25T18:48:10+00:00","og_image":[{"width":1200,"height":630,"url":"https:\/\/doctornearyou.eu\/wp-content\/uploads\/doctornearyou-social-new.jpg","type":"image\/jpeg"}],"twitter_card":"summary_large_image","twitter_misc":{"Gesch\u00e4tzte Lesezeit":"2\u00a0Minuten"},"schema":{"@context":"https:\/\/schema.org","@graph":[{"@type":"WebPage","@id":"https:\/\/doctornearyou.eu\/de\/seniors-care-hotels\/","url":"https:\/\/doctornearyou.eu\/de\/seniors-care-hotels\/","name":"Seniorenbetreuung Hotels | DoctorNearYou.eu","isPartOf":{"@id":"https:\/\/doctornearyou.eu\/#website"},"datePublished":"2020-08-03T10:52:24+00:00","dateModified":"2021-04-25T18:48:10+00:00","breadcrumb":{"@id":"https:\/\/doctornearyou.eu\/de\/seniors-care-hotels\/#breadcrumb"},"inLanguage":"de","potentialAction":[{"@type":"ReadAction","target":["https:\/\/doctornearyou.eu\/de\/seniors-care-hotels\/"]}]},{"@type":"BreadcrumbList","@id":"https:\/\/doctornearyou.eu\/de\/seniors-care-hotels\/#breadcrumb","itemListElement":[{"@type":"ListItem","position":1,"name":"Startseite","item":"https:\/\/doctornearyou.eu\/de\/"},{"@type":"ListItem","position":2,"name":"Seniorenbetreuung Hotels"}]},{"@type":"WebSite","@id":"https:\/\/doctornearyou.eu\/#website","url":"https:\/\/doctornearyou.eu\/","name":"DoctorNearYou.eu","description":"Advanced Medical Services","publisher":{"@id":"https:\/\/doctornearyou.eu\/#organization"},"potentialAction":[{"@type":"SearchAction","target":{"@type":"EntryPoint","urlTemplate":"https:\/\/doctornearyou.eu\/?s={search_term_string}"},"query-input":{"@type":"PropertyValueSpecification","valueRequired":true,"valueName":"search_term_string"}}],"inLanguage":"de"},{"@type":"Organization","@id":"https:\/\/doctornearyou.eu\/#organization","name":"Doctor Near You","url":"https:\/\/doctornearyou.eu\/","logo":{"@type":"ImageObject","inLanguage":"de","@id":"https:\/\/doctornearyou.eu\/#\/schema\/logo\/image\/","url":"https:\/\/doctornearyou.eu\/wp-content\/uploads\/logo_DNY.jpg","contentUrl":"https:\/\/doctornearyou.eu\/wp-content\/uploads\/logo_DNY.jpg","width":213,"height":80,"caption":"Doctor Near You"},"image":{"@id":"https:\/\/doctornearyou.eu\/#\/schema\/logo\/image\/"}}]}},"_links":{"self":[{"href":"https:\/\/doctornearyou.eu\/de\/wp-json\/wp\/v2\/pages\/1686","targetHints":{"allow":["GET"]}}],"collection":[{"href":"https:\/\/doctornearyou.eu\/de\/wp-json\/wp\/v2\/pages"}],"about":[{"href":"https:\/\/doctornearyou.eu\/de\/wp-json\/wp\/v2\/types\/page"}],"author":[{"embeddable":true,"href":"https:\/\/doctornearyou.eu\/de\/wp-json\/wp\/v2\/users\/24"}],"replies":[{"embeddable":true,"href":"https:\/\/doctornearyou.eu\/de\/wp-json\/wp\/v2\/comments?post=1686"}],"version-history":[{"count":0,"href":"https:\/\/doctornearyou.eu\/de\/wp-json\/wp\/v2\/pages\/1686\/revisions"}],"wp:attachment":[{"href":"https:\/\/doctornearyou.eu\/de\/wp-json\/wp\/v2\/media?parent=1686"}],"wp:term":[{"taxonomy":"category","embeddable":true,"href":"https:\/\/doctornearyou.eu\/de\/wp-json\/wp\/v2\/categories?post=1686"}],"curies":[{"name":"wp","href":"https:\/\/api.w.org\/{rel}","templated":true}]}}