{"id":1705,"date":"2020-08-03T11:39:32","date_gmt":"2020-08-03T11:39:32","guid":{"rendered":"http:\/\/185.194.217.13\/klinische-ernaehrung\/"},"modified":"2021-05-22T09:03:52","modified_gmt":"2021-05-22T09:03:52","slug":"clinical-nutrition","status":"publish","type":"page","link":"https:\/\/doctornearyou.eu\/de\/clinical-nutrition\/","title":{"rendered":"Klinische Ern\u00e4hrung"},"content":{"rendered":"\n<p><strong> Herz-Kreislauf-Erkrankungen &#8211; Bluthochdruck<\/strong><\/p>\n\n\n\n<p>Die 7-L\u00e4nder-Studie hat bewiesen, dass die kretische Ern\u00e4hrung Risikofaktoren, die zu kardiovaskul\u00e4ren Erkrankungen f\u00fchren, reduzieren und bestehende Erkrankungen wie Bluthochdruck oder Dyslipid\u00e4mien behandeln kann.<\/p>\n\n\n\n<div style=\"height:20px\" aria-hidden=\"true\" class=\"wp-block-spacer\"><\/div>\n\n\n\n<p><strong>Ihr Programm<\/strong><\/p>\n\n\n\n<ul class=\"wp-block-list\"><li>Umfassende Beratung inklusive Anamnese<\/li><li>K\u00f6rperzusammensetzung (Messung von Muskeln und K\u00f6rperfett)<\/li><li>Analyse und Bewertung Ihrer aktuellen Ess- und Trinkgewohnheiten<\/li><li>Planung Ihrer individuellen kardiovaskul\u00e4ren Schutzdi\u00e4t auf Basis der kretischen Di\u00e4t <\/li><li>Kretische Super-Lebensmittel zur Erh\u00f6hung Ihres HDL- und Senkung Ihres LDL-Spiegels<\/li><li>Abschlie\u00dfende Beratung und Hinweise zur Erhaltung und Verbesserung Ihres Gesundheitszustandes<\/li><li>Pers\u00f6nliche Gesundheitsakte<\/li><li>Pers\u00f6nliche Betreuung w\u00e4hrend des gesamten Programms<\/li><\/ul>\n\n\n\n<div style=\"height:20px\" aria-hidden=\"true\" class=\"wp-block-spacer\"><\/div>\n\n\n\n<p><strong>Osteoporose &#8211; Rheumatische Erkrankungen<\/strong><\/p>\n\n\n\n<p>Durch Ihre t\u00e4gliche Ern\u00e4hrung kann Ihr Leben besser werden! Die kretische Di\u00e4t enth\u00e4lt Fisch\u00f6l, Vitamin E und D, Oliven\u00f6l (\u00d6ls\u00e4ure), Antioxidantien, die eine starke entz\u00fcndungshemmende Wirkung haben und helfen, Gelenkschwellungen und Schmerzen zu reduzieren.<\/p>\n\n\n\n<p><strong>Ihr Programm<\/strong><\/p>\n\n\n\n<ul class=\"wp-block-list\"><li>Umfassende Beratung mit Anamnese<\/li><li>K\u00f6rperzusammensetzung (Messung von Muskeln und K\u00f6rperfett)<\/li><li>Analyse und Bewertung Ihrer aktuellen Ess- und Trinkgewohnheiten<\/li><li>Planung Ihrer individuellen entz\u00fcndungshemmenden Di\u00e4t auf Basis der kretischen Di\u00e4t<\/li><li>Programm zur k\u00f6rperlichen Ert\u00fcchtigung<\/li><li>Abschlie\u00dfende Beratung und Tipps zur Erhaltung und Verbesserung Ihres Gesundheitszustandes<\/li><li>Pers\u00f6nliche Gesundheitsakte<\/li><li>Pers\u00f6nliche Betreuung w\u00e4hrend des gesamten Programms<\/li><\/ul>\n\n\n\n<div style=\"height:20px\" aria-hidden=\"true\" class=\"wp-block-spacer\"><\/div>\n\n\n\n<p><strong>Diabetes<\/strong><\/p>\n\n\n\n<p><strong>Ihr Programm<\/strong><\/p>\n\n\n\n<ul class=\"wp-block-list\"><li>Umfassende Beratung einschlie\u00dflich Anamnese<\/li><li>K\u00f6rperzusammensetzung (Messung von Muskeln und K\u00f6rperfett)<\/li><li>Analyse und Bewertung Ihrer aktuellen Ess- und Trinkgewohnheiten<\/li><li>Aufkl\u00e4rung dar\u00fcber, was Diabetes ist und wie sich die Ern\u00e4hrung darauf auswirkt &#8211; Erlernen der Planung von Mahlzeiten mit niedrigem glyk\u00e4mischen Index<\/li><li>Planung Ihrer individuellen Ern\u00e4hrung auf Basis der kretischen Di\u00e4t, die Ihnen hilft<\/li><li>Senkung des durchschnittlichen Blutzuckerspiegels <\/li><li>Senkung Ihres A1C-Wertes <\/li><li>Verbessern des Insulinmanagements<\/li><li>Programm zur k\u00f6rperlichen Ert\u00fcchtigung<\/li><li>Abschlie\u00dfende Beratung und Ratschl\u00e4ge, wie Sie Ihren Gesundheitszustand erhalten und verbessern k\u00f6nnen<\/li><li>Pers\u00f6nliche Gesundheitsakte<\/li><\/ul>\n\n\n\n<div style=\"height:20px\" aria-hidden=\"true\" class=\"wp-block-spacer\"><\/div>\n\n\n\n<p><strong>Nieren-Rehabilitation<\/strong><\/p>\n\n\n\n<p><strong>Ihr Programm<\/strong><\/p>\n\n\n\n<ul class=\"wp-block-list\"><li>Umfassende Beratung einschlie\u00dflich Anamnese<\/li><li>K\u00f6rperzusammensetzung (Messung von Muskeln und K\u00f6rperfett)<\/li><li>Analyse und Bewertung Ihrer aktuellen Ess- und Trinkgewohnheiten<\/li><li>Planung Ihrer individuellen Kalium-, Phosphor- und Fl\u00fcssigkeits-Kontrolldi\u00e4t auf Basis der kretischen Di\u00e4t <\/li><li>Reduzierung von Entz\u00fcndungen und chronischem Bluthochdruck <\/li><li>Verbesserung von \u00dcbelkeit, Geschmacksver\u00e4nderungen, Appetitlosigkeit und Konzentrationsschwierigkeiten <\/li><li>Abschlie\u00dfende Beratung und Ratschl\u00e4ge zur Erhaltung und Verbesserung Ihres Gesundheitszustandes nach einer nierenfreundlichen Di\u00e4t <\/li><li>Pers\u00f6nliche Gesundheitsakte<\/li><\/ul>\n","protected":false},"excerpt":{"rendered":"<p>Herz-Kreislauf-Erkrankungen &#8211; Bluthochdruck Die 7-L\u00e4nder-Studie hat bewiesen, dass die kretische Ern\u00e4hrung Risikofaktoren, die zu kardiovaskul\u00e4ren Erkrankungen f\u00fchren, reduzieren und bestehende Erkrankungen wie Bluthochdruck oder Dyslipid\u00e4mien behandeln kann. Ihr Programm Umfassende Beratung inklusive Anamnese K\u00f6rperzusammensetzung (Messung von Muskeln und K\u00f6rperfett) Analyse und Bewertung Ihrer aktuellen Ess- und Trinkgewohnheiten Planung Ihrer individuellen kardiovaskul\u00e4ren Schutzdi\u00e4t auf Basis der &hellip; <a href=\"https:\/\/doctornearyou.eu\/de\/clinical-nutrition\/\">Continued<\/a><\/p>\n","protected":false},"author":24,"featured_media":0,"parent":0,"menu_order":0,"comment_status":"closed","ping_status":"closed","template":"views\/template-custom-with-modal.blade.php","meta":{"footnotes":""},"categories":[],"class_list":["post-1705","page","type-page","status-publish","hentry"],"featured_image_src":null,"yoast_head":"<!-- This site is optimized with the Yoast SEO plugin v27.1.1 - https:\/\/yoast.com\/product\/yoast-seo-wordpress\/ -->\n<title>Klinische Ern\u00e4hrung | DoctorNearYou.eu<\/title>\n<meta name=\"robots\" content=\"noindex, follow\" \/>\n<meta property=\"og:locale\" content=\"de_DE\" \/>\n<meta property=\"og:type\" content=\"article\" \/>\n<meta property=\"og:title\" content=\"Klinische Ern\u00e4hrung | DoctorNearYou.eu\" \/>\n<meta property=\"og:description\" content=\"Herz-Kreislauf-Erkrankungen &#8211; Bluthochdruck Die 7-L\u00e4nder-Studie hat bewiesen, dass die kretische Ern\u00e4hrung Risikofaktoren, die zu kardiovaskul\u00e4ren Erkrankungen f\u00fchren, reduzieren und bestehende Erkrankungen wie Bluthochdruck oder Dyslipid\u00e4mien behandeln kann. Ihr Programm Umfassende Beratung inklusive Anamnese K\u00f6rperzusammensetzung (Messung von Muskeln und K\u00f6rperfett) Analyse und Bewertung Ihrer aktuellen Ess- und Trinkgewohnheiten Planung Ihrer individuellen kardiovaskul\u00e4ren Schutzdi\u00e4t auf Basis der &hellip; Continued\" \/>\n<meta property=\"og:url\" content=\"https:\/\/doctornearyou.eu\/de\/clinical-nutrition\/\" \/>\n<meta property=\"og:site_name\" content=\"DoctorNearYou.eu\" \/>\n<meta property=\"article:modified_time\" content=\"2021-05-22T09:03:52+00:00\" \/>\n<meta property=\"og:image\" content=\"https:\/\/doctornearyou.eu\/wp-content\/uploads\/doctornearyou-social-new.jpg\" \/>\n\t<meta property=\"og:image:width\" content=\"1200\" \/>\n\t<meta property=\"og:image:height\" content=\"630\" \/>\n\t<meta property=\"og:image:type\" content=\"image\/jpeg\" \/>\n<meta name=\"twitter:card\" content=\"summary_large_image\" \/>\n<meta name=\"twitter:label1\" content=\"Gesch\u00e4tzte Lesezeit\" \/>\n\t<meta name=\"twitter:data1\" content=\"2\u00a0Minuten\" \/>\n<script type=\"application\/ld+json\" class=\"yoast-schema-graph\">{\"@context\":\"https:\/\/schema.org\",\"@graph\":[{\"@type\":\"WebPage\",\"@id\":\"https:\/\/doctornearyou.eu\/de\/clinical-nutrition\/\",\"url\":\"https:\/\/doctornearyou.eu\/de\/clinical-nutrition\/\",\"name\":\"Klinische Ern\u00e4hrung | DoctorNearYou.eu\",\"isPartOf\":{\"@id\":\"https:\/\/doctornearyou.eu\/#website\"},\"datePublished\":\"2020-08-03T11:39:32+00:00\",\"dateModified\":\"2021-05-22T09:03:52+00:00\",\"breadcrumb\":{\"@id\":\"https:\/\/doctornearyou.eu\/de\/clinical-nutrition\/#breadcrumb\"},\"inLanguage\":\"de\",\"potentialAction\":[{\"@type\":\"ReadAction\",\"target\":[\"https:\/\/doctornearyou.eu\/de\/clinical-nutrition\/\"]}]},{\"@type\":\"BreadcrumbList\",\"@id\":\"https:\/\/doctornearyou.eu\/de\/clinical-nutrition\/#breadcrumb\",\"itemListElement\":[{\"@type\":\"ListItem\",\"position\":1,\"name\":\"Startseite\",\"item\":\"https:\/\/doctornearyou.eu\/de\/\"},{\"@type\":\"ListItem\",\"position\":2,\"name\":\"Klinische Ern\u00e4hrung\"}]},{\"@type\":\"WebSite\",\"@id\":\"https:\/\/doctornearyou.eu\/#website\",\"url\":\"https:\/\/doctornearyou.eu\/\",\"name\":\"DoctorNearYou.eu\",\"description\":\"Advanced Medical Services\",\"publisher\":{\"@id\":\"https:\/\/doctornearyou.eu\/#organization\"},\"potentialAction\":[{\"@type\":\"SearchAction\",\"target\":{\"@type\":\"EntryPoint\",\"urlTemplate\":\"https:\/\/doctornearyou.eu\/?s={search_term_string}\"},\"query-input\":{\"@type\":\"PropertyValueSpecification\",\"valueRequired\":true,\"valueName\":\"search_term_string\"}}],\"inLanguage\":\"de\"},{\"@type\":\"Organization\",\"@id\":\"https:\/\/doctornearyou.eu\/#organization\",\"name\":\"Doctor Near You\",\"url\":\"https:\/\/doctornearyou.eu\/\",\"logo\":{\"@type\":\"ImageObject\",\"inLanguage\":\"de\",\"@id\":\"https:\/\/doctornearyou.eu\/#\/schema\/logo\/image\/\",\"url\":\"https:\/\/doctornearyou.eu\/wp-content\/uploads\/logo_DNY.jpg\",\"contentUrl\":\"https:\/\/doctornearyou.eu\/wp-content\/uploads\/logo_DNY.jpg\",\"width\":213,\"height\":80,\"caption\":\"Doctor Near You\"},\"image\":{\"@id\":\"https:\/\/doctornearyou.eu\/#\/schema\/logo\/image\/\"}}]}<\/script>\n<!-- \/ Yoast SEO plugin. -->","yoast_head_json":{"title":"Klinische Ern\u00e4hrung | DoctorNearYou.eu","robots":{"index":"noindex","follow":"follow"},"og_locale":"de_DE","og_type":"article","og_title":"Klinische Ern\u00e4hrung | DoctorNearYou.eu","og_description":"Herz-Kreislauf-Erkrankungen &#8211; Bluthochdruck Die 7-L\u00e4nder-Studie hat bewiesen, dass die kretische Ern\u00e4hrung Risikofaktoren, die zu kardiovaskul\u00e4ren Erkrankungen f\u00fchren, reduzieren und bestehende Erkrankungen wie Bluthochdruck oder Dyslipid\u00e4mien behandeln kann. Ihr Programm Umfassende Beratung inklusive Anamnese K\u00f6rperzusammensetzung (Messung von Muskeln und K\u00f6rperfett) Analyse und Bewertung Ihrer aktuellen Ess- und Trinkgewohnheiten Planung Ihrer individuellen kardiovaskul\u00e4ren Schutzdi\u00e4t auf Basis der &hellip; Continued","og_url":"https:\/\/doctornearyou.eu\/de\/clinical-nutrition\/","og_site_name":"DoctorNearYou.eu","article_modified_time":"2021-05-22T09:03:52+00:00","og_image":[{"width":1200,"height":630,"url":"https:\/\/doctornearyou.eu\/wp-content\/uploads\/doctornearyou-social-new.jpg","type":"image\/jpeg"}],"twitter_card":"summary_large_image","twitter_misc":{"Gesch\u00e4tzte Lesezeit":"2\u00a0Minuten"},"schema":{"@context":"https:\/\/schema.org","@graph":[{"@type":"WebPage","@id":"https:\/\/doctornearyou.eu\/de\/clinical-nutrition\/","url":"https:\/\/doctornearyou.eu\/de\/clinical-nutrition\/","name":"Klinische Ern\u00e4hrung | DoctorNearYou.eu","isPartOf":{"@id":"https:\/\/doctornearyou.eu\/#website"},"datePublished":"2020-08-03T11:39:32+00:00","dateModified":"2021-05-22T09:03:52+00:00","breadcrumb":{"@id":"https:\/\/doctornearyou.eu\/de\/clinical-nutrition\/#breadcrumb"},"inLanguage":"de","potentialAction":[{"@type":"ReadAction","target":["https:\/\/doctornearyou.eu\/de\/clinical-nutrition\/"]}]},{"@type":"BreadcrumbList","@id":"https:\/\/doctornearyou.eu\/de\/clinical-nutrition\/#breadcrumb","itemListElement":[{"@type":"ListItem","position":1,"name":"Startseite","item":"https:\/\/doctornearyou.eu\/de\/"},{"@type":"ListItem","position":2,"name":"Klinische Ern\u00e4hrung"}]},{"@type":"WebSite","@id":"https:\/\/doctornearyou.eu\/#website","url":"https:\/\/doctornearyou.eu\/","name":"DoctorNearYou.eu","description":"Advanced Medical Services","publisher":{"@id":"https:\/\/doctornearyou.eu\/#organization"},"potentialAction":[{"@type":"SearchAction","target":{"@type":"EntryPoint","urlTemplate":"https:\/\/doctornearyou.eu\/?s={search_term_string}"},"query-input":{"@type":"PropertyValueSpecification","valueRequired":true,"valueName":"search_term_string"}}],"inLanguage":"de"},{"@type":"Organization","@id":"https:\/\/doctornearyou.eu\/#organization","name":"Doctor Near You","url":"https:\/\/doctornearyou.eu\/","logo":{"@type":"ImageObject","inLanguage":"de","@id":"https:\/\/doctornearyou.eu\/#\/schema\/logo\/image\/","url":"https:\/\/doctornearyou.eu\/wp-content\/uploads\/logo_DNY.jpg","contentUrl":"https:\/\/doctornearyou.eu\/wp-content\/uploads\/logo_DNY.jpg","width":213,"height":80,"caption":"Doctor Near You"},"image":{"@id":"https:\/\/doctornearyou.eu\/#\/schema\/logo\/image\/"}}]}},"_links":{"self":[{"href":"https:\/\/doctornearyou.eu\/de\/wp-json\/wp\/v2\/pages\/1705","targetHints":{"allow":["GET"]}}],"collection":[{"href":"https:\/\/doctornearyou.eu\/de\/wp-json\/wp\/v2\/pages"}],"about":[{"href":"https:\/\/doctornearyou.eu\/de\/wp-json\/wp\/v2\/types\/page"}],"author":[{"embeddable":true,"href":"https:\/\/doctornearyou.eu\/de\/wp-json\/wp\/v2\/users\/24"}],"replies":[{"embeddable":true,"href":"https:\/\/doctornearyou.eu\/de\/wp-json\/wp\/v2\/comments?post=1705"}],"version-history":[{"count":0,"href":"https:\/\/doctornearyou.eu\/de\/wp-json\/wp\/v2\/pages\/1705\/revisions"}],"wp:attachment":[{"href":"https:\/\/doctornearyou.eu\/de\/wp-json\/wp\/v2\/media?parent=1705"}],"wp:term":[{"taxonomy":"category","embeddable":true,"href":"https:\/\/doctornearyou.eu\/de\/wp-json\/wp\/v2\/categories?post=1705"}],"curies":[{"name":"wp","href":"https:\/\/api.w.org\/{rel}","templated":true}]}}