{"id":3961,"date":"2021-03-08T11:03:26","date_gmt":"2021-03-08T11:03:26","guid":{"rendered":"http:\/\/185.194.217.13\/?page_id=3961"},"modified":"2021-08-13T14:14:38","modified_gmt":"2021-08-13T11:14:38","slug":"our-treatments-and-services","status":"publish","type":"page","link":"https:\/\/doctornearyou.eu\/de\/our-treatments-and-services\/","title":{"rendered":"Our Treatments and Services"},"content":{"rendered":"\n<h1 class=\"wp-block-heading\">Behandlungen<\/h1>\n\n\n\n<div style=\"height:30px\" aria-hidden=\"true\" class=\"wp-block-spacer\"><\/div>\n\n\n\n<div style=\"height:20px\" aria-hidden=\"true\" class=\"wp-block-spacer\"><\/div>\n\n\n\n<div class=\"wp-block-columns is-layout-flex wp-container-core-columns-is-layout-9d6595d7 wp-block-columns-is-layout-flex\">\n<div class=\"wp-block-column is-layout-flow wp-block-column-is-layout-flow\">\n<figure class=\"wp-block-image size-large\"><img decoding=\"async\" src=\"doctornearyou.euwp-content\/uploads\/Group-251.jpg\" alt=\"\" class=\"wp-image-8473\" height=\"NaN\" srcset=\"https:\/\/doctornearyou.eu\/wp-content\/uploads\/Group-251.jpg 600w, https:\/\/doctornearyou.eu\/wp-content\/uploads\/Group-251-300x188.jpg 300w\" sizes=\"(max-width: 600px) 100vw, 600px\" \/><\/figure>\n<\/div>\n\n\n\n<div class=\"wp-block-column is-layout-flow wp-block-column-is-layout-flow\">\n<h3 class=\"wp-block-heading\">Adipositas-Zentrum-Ern\u00e4hrung<\/h3>\n\n\n\n<p>Die 7-L\u00e4nder-Studie hat bewiesen, dass die kretische Ern\u00e4hrung Risikofaktoren, die zu kardiovaskul\u00e4ren Erkrankungen f\u00fchren, reduzieren und bestehende Erkrankungen wie Bluthochdruck oder Dyslipid\u00e4mien behandeln kann.<\/p>\n\n\n\n<div style=\"height:10px\" aria-hidden=\"true\" class=\"wp-block-spacer\"><\/div>\n\n\n\n<a href=\"\/de\/clinical-nutrition\/\" class=\"btn button--blue-border\" style=\"padding: 15px 30px;\"> Lern mehr <\/a>\n\n\n\n<div class=\"wp-block-buttons is-layout-flex wp-block-buttons-is-layout-flex\"><\/div>\n<\/div>\n<\/div>\n\n\n\n<div style=\"height:30px\" aria-hidden=\"true\" class=\"wp-block-spacer\"><\/div>\n\n\n\n<div class=\"wp-block-columns is-layout-flex wp-container-core-columns-is-layout-9d6595d7 wp-block-columns-is-layout-flex\">\n<div class=\"wp-block-column is-layout-flow wp-block-column-is-layout-flow\">\n<h3 class=\"wp-block-heading\">Erektile Dysfunktion<\/h3>\n\n\n\n<p>Erektile Dysfunktion (Impotenz) ist die Unf\u00e4higkeit, eine Erektion zu bekommen und zu halten, die f\u00fcr den Sex fest genug ist. Von Zeit zu Zeit Erektionsprobleme zu haben, ist nicht unbedingt ein Grund zur Besorgnis.<\/p>\n\n\n\n<div style=\"height:10px\" aria-hidden=\"true\" class=\"wp-block-spacer\"><\/div>\n<\/div>\n\n\n\n<div class=\"wp-block-column is-layout-flow wp-block-column-is-layout-flow\">\n<figure class=\"wp-block-image size-large\"><img decoding=\"async\" src=\"doctornearyou.euwp-content\/uploads\/Group-1325.jpg\" alt=\"\" class=\"wp-image-8487\" height=\"NaN\" srcset=\"https:\/\/doctornearyou.eu\/wp-content\/uploads\/Group-1325.jpg 600w, https:\/\/doctornearyou.eu\/wp-content\/uploads\/Group-1325-300x188.jpg 300w\" sizes=\"(max-width: 600px) 100vw, 600px\" \/><\/figure>\n<\/div>\n<\/div>\n\n\n\n<div class=\"wp-block-buttons is-layout-flex wp-block-buttons-is-layout-flex\"><\/div>\n","protected":false},"excerpt":{"rendered":"<p>Behandlungen Adipositas-Zentrum-Ern\u00e4hrung Die 7-L\u00e4nder-Studie hat bewiesen, dass die kretische Ern\u00e4hrung Risikofaktoren, die zu kardiovaskul\u00e4ren Erkrankungen f\u00fchren, reduzieren und bestehende Erkrankungen wie Bluthochdruck oder Dyslipid\u00e4mien behandeln kann. Lern mehr Erektile Dysfunktion Erektile Dysfunktion (Impotenz) ist die Unf\u00e4higkeit, eine Erektion zu bekommen und zu halten, die f\u00fcr den Sex fest genug ist. Von Zeit zu Zeit Erektionsprobleme &hellip; <a href=\"https:\/\/doctornearyou.eu\/de\/our-treatments-and-services\/\">Continued<\/a><\/p>\n","protected":false},"author":24,"featured_media":8468,"parent":0,"menu_order":0,"comment_status":"closed","ping_status":"closed","template":"views\/treatments.blade.php","meta":{"footnotes":""},"categories":[],"class_list":["post-3961","page","type-page","status-publish","has-post-thumbnail","hentry"],"featured_image_src":"https:\/\/doctornearyou.eu\/wp-content\/uploads\/treatments.jpg","yoast_head":"<!-- This site is optimized with the Yoast SEO plugin v27.1.1 - https:\/\/yoast.com\/product\/yoast-seo-wordpress\/ -->\n<title>Our Treatments and Services | DoctorNearYou.eu<\/title>\n<meta name=\"robots\" content=\"noindex, follow\" \/>\n<meta property=\"og:locale\" content=\"de_DE\" \/>\n<meta property=\"og:type\" content=\"article\" \/>\n<meta property=\"og:title\" content=\"Our Treatments and Services | DoctorNearYou.eu\" \/>\n<meta property=\"og:description\" content=\"Behandlungen Adipositas-Zentrum-Ern\u00e4hrung Die 7-L\u00e4nder-Studie hat bewiesen, dass die kretische Ern\u00e4hrung Risikofaktoren, die zu kardiovaskul\u00e4ren Erkrankungen f\u00fchren, reduzieren und bestehende Erkrankungen wie Bluthochdruck oder Dyslipid\u00e4mien behandeln kann. Lern mehr Erektile Dysfunktion Erektile Dysfunktion (Impotenz) ist die Unf\u00e4higkeit, eine Erektion zu bekommen und zu halten, die f\u00fcr den Sex fest genug ist. Von Zeit zu Zeit Erektionsprobleme &hellip; Continued\" \/>\n<meta property=\"og:url\" content=\"https:\/\/doctornearyou.eu\/our-treatments-and-services\/\" \/>\n<meta property=\"og:site_name\" content=\"DoctorNearYou.eu\" \/>\n<meta property=\"article:modified_time\" content=\"2021-08-13T11:14:38+00:00\" \/>\n<meta property=\"og:image\" content=\"https:\/\/doctornearyou.eu\/wp-content\/uploads\/treatments.jpg\" \/>\n\t<meta property=\"og:image:width\" content=\"1932\" \/>\n\t<meta property=\"og:image:height\" content=\"598\" \/>\n\t<meta property=\"og:image:type\" content=\"image\/jpeg\" \/>\n<meta name=\"twitter:card\" content=\"summary_large_image\" \/>\n<meta name=\"twitter:label1\" content=\"Gesch\u00e4tzte Lesezeit\" \/>\n\t<meta name=\"twitter:data1\" content=\"1\u00a0Minute\" \/>\n<script type=\"application\/ld+json\" class=\"yoast-schema-graph\">{\"@context\":\"https:\/\/schema.org\",\"@graph\":[{\"@type\":\"WebPage\",\"@id\":\"https:\/\/doctornearyou.eu\/our-treatments-and-services\/\",\"url\":\"https:\/\/doctornearyou.eu\/our-treatments-and-services\/\",\"name\":\"Our Treatments and Services | DoctorNearYou.eu\",\"isPartOf\":{\"@id\":\"https:\/\/doctornearyou.eu\/#website\"},\"primaryImageOfPage\":{\"@id\":\"https:\/\/doctornearyou.eu\/our-treatments-and-services\/#primaryimage\"},\"image\":{\"@id\":\"https:\/\/doctornearyou.eu\/our-treatments-and-services\/#primaryimage\"},\"thumbnailUrl\":\"https:\/\/doctornearyou.eu\/wp-content\/uploads\/treatments.jpg\",\"datePublished\":\"2021-03-08T11:03:26+00:00\",\"dateModified\":\"2021-08-13T11:14:38+00:00\",\"breadcrumb\":{\"@id\":\"https:\/\/doctornearyou.eu\/our-treatments-and-services\/#breadcrumb\"},\"inLanguage\":\"de\",\"potentialAction\":[{\"@type\":\"ReadAction\",\"target\":[\"https:\/\/doctornearyou.eu\/our-treatments-and-services\/\"]}]},{\"@type\":\"ImageObject\",\"inLanguage\":\"de\",\"@id\":\"https:\/\/doctornearyou.eu\/our-treatments-and-services\/#primaryimage\",\"url\":\"https:\/\/doctornearyou.eu\/wp-content\/uploads\/treatments.jpg\",\"contentUrl\":\"https:\/\/doctornearyou.eu\/wp-content\/uploads\/treatments.jpg\",\"width\":1932,\"height\":598},{\"@type\":\"BreadcrumbList\",\"@id\":\"https:\/\/doctornearyou.eu\/our-treatments-and-services\/#breadcrumb\",\"itemListElement\":[{\"@type\":\"ListItem\",\"position\":1,\"name\":\"Startseite\",\"item\":\"https:\/\/doctornearyou.eu\/de\/\"},{\"@type\":\"ListItem\",\"position\":2,\"name\":\"Our Treatments and Services\"}]},{\"@type\":\"WebSite\",\"@id\":\"https:\/\/doctornearyou.eu\/#website\",\"url\":\"https:\/\/doctornearyou.eu\/\",\"name\":\"DoctorNearYou.eu\",\"description\":\"Advanced Medical Services\",\"publisher\":{\"@id\":\"https:\/\/doctornearyou.eu\/#organization\"},\"potentialAction\":[{\"@type\":\"SearchAction\",\"target\":{\"@type\":\"EntryPoint\",\"urlTemplate\":\"https:\/\/doctornearyou.eu\/?s={search_term_string}\"},\"query-input\":{\"@type\":\"PropertyValueSpecification\",\"valueRequired\":true,\"valueName\":\"search_term_string\"}}],\"inLanguage\":\"de\"},{\"@type\":\"Organization\",\"@id\":\"https:\/\/doctornearyou.eu\/#organization\",\"name\":\"Doctor Near You\",\"url\":\"https:\/\/doctornearyou.eu\/\",\"logo\":{\"@type\":\"ImageObject\",\"inLanguage\":\"de\",\"@id\":\"https:\/\/doctornearyou.eu\/#\/schema\/logo\/image\/\",\"url\":\"https:\/\/doctornearyou.eu\/wp-content\/uploads\/logo_DNY.jpg\",\"contentUrl\":\"https:\/\/doctornearyou.eu\/wp-content\/uploads\/logo_DNY.jpg\",\"width\":213,\"height\":80,\"caption\":\"Doctor Near You\"},\"image\":{\"@id\":\"https:\/\/doctornearyou.eu\/#\/schema\/logo\/image\/\"}}]}<\/script>\n<!-- \/ Yoast SEO plugin. -->","yoast_head_json":{"title":"Our Treatments and Services | DoctorNearYou.eu","robots":{"index":"noindex","follow":"follow"},"og_locale":"de_DE","og_type":"article","og_title":"Our Treatments and Services | DoctorNearYou.eu","og_description":"Behandlungen Adipositas-Zentrum-Ern\u00e4hrung Die 7-L\u00e4nder-Studie hat bewiesen, dass die kretische Ern\u00e4hrung Risikofaktoren, die zu kardiovaskul\u00e4ren Erkrankungen f\u00fchren, reduzieren und bestehende Erkrankungen wie Bluthochdruck oder Dyslipid\u00e4mien behandeln kann. Lern mehr Erektile Dysfunktion Erektile Dysfunktion (Impotenz) ist die Unf\u00e4higkeit, eine Erektion zu bekommen und zu halten, die f\u00fcr den Sex fest genug ist. Von Zeit zu Zeit Erektionsprobleme &hellip; Continued","og_url":"https:\/\/doctornearyou.eu\/our-treatments-and-services\/","og_site_name":"DoctorNearYou.eu","article_modified_time":"2021-08-13T11:14:38+00:00","og_image":[{"width":1932,"height":598,"url":"https:\/\/doctornearyou.eu\/wp-content\/uploads\/treatments.jpg","type":"image\/jpeg"}],"twitter_card":"summary_large_image","twitter_misc":{"Gesch\u00e4tzte Lesezeit":"1\u00a0Minute"},"schema":{"@context":"https:\/\/schema.org","@graph":[{"@type":"WebPage","@id":"https:\/\/doctornearyou.eu\/our-treatments-and-services\/","url":"https:\/\/doctornearyou.eu\/our-treatments-and-services\/","name":"Our Treatments and Services | DoctorNearYou.eu","isPartOf":{"@id":"https:\/\/doctornearyou.eu\/#website"},"primaryImageOfPage":{"@id":"https:\/\/doctornearyou.eu\/our-treatments-and-services\/#primaryimage"},"image":{"@id":"https:\/\/doctornearyou.eu\/our-treatments-and-services\/#primaryimage"},"thumbnailUrl":"https:\/\/doctornearyou.eu\/wp-content\/uploads\/treatments.jpg","datePublished":"2021-03-08T11:03:26+00:00","dateModified":"2021-08-13T11:14:38+00:00","breadcrumb":{"@id":"https:\/\/doctornearyou.eu\/our-treatments-and-services\/#breadcrumb"},"inLanguage":"de","potentialAction":[{"@type":"ReadAction","target":["https:\/\/doctornearyou.eu\/our-treatments-and-services\/"]}]},{"@type":"ImageObject","inLanguage":"de","@id":"https:\/\/doctornearyou.eu\/our-treatments-and-services\/#primaryimage","url":"https:\/\/doctornearyou.eu\/wp-content\/uploads\/treatments.jpg","contentUrl":"https:\/\/doctornearyou.eu\/wp-content\/uploads\/treatments.jpg","width":1932,"height":598},{"@type":"BreadcrumbList","@id":"https:\/\/doctornearyou.eu\/our-treatments-and-services\/#breadcrumb","itemListElement":[{"@type":"ListItem","position":1,"name":"Startseite","item":"https:\/\/doctornearyou.eu\/de\/"},{"@type":"ListItem","position":2,"name":"Our Treatments and Services"}]},{"@type":"WebSite","@id":"https:\/\/doctornearyou.eu\/#website","url":"https:\/\/doctornearyou.eu\/","name":"DoctorNearYou.eu","description":"Advanced Medical Services","publisher":{"@id":"https:\/\/doctornearyou.eu\/#organization"},"potentialAction":[{"@type":"SearchAction","target":{"@type":"EntryPoint","urlTemplate":"https:\/\/doctornearyou.eu\/?s={search_term_string}"},"query-input":{"@type":"PropertyValueSpecification","valueRequired":true,"valueName":"search_term_string"}}],"inLanguage":"de"},{"@type":"Organization","@id":"https:\/\/doctornearyou.eu\/#organization","name":"Doctor Near You","url":"https:\/\/doctornearyou.eu\/","logo":{"@type":"ImageObject","inLanguage":"de","@id":"https:\/\/doctornearyou.eu\/#\/schema\/logo\/image\/","url":"https:\/\/doctornearyou.eu\/wp-content\/uploads\/logo_DNY.jpg","contentUrl":"https:\/\/doctornearyou.eu\/wp-content\/uploads\/logo_DNY.jpg","width":213,"height":80,"caption":"Doctor Near You"},"image":{"@id":"https:\/\/doctornearyou.eu\/#\/schema\/logo\/image\/"}}]}},"_links":{"self":[{"href":"https:\/\/doctornearyou.eu\/de\/wp-json\/wp\/v2\/pages\/3961","targetHints":{"allow":["GET"]}}],"collection":[{"href":"https:\/\/doctornearyou.eu\/de\/wp-json\/wp\/v2\/pages"}],"about":[{"href":"https:\/\/doctornearyou.eu\/de\/wp-json\/wp\/v2\/types\/page"}],"author":[{"embeddable":true,"href":"https:\/\/doctornearyou.eu\/de\/wp-json\/wp\/v2\/users\/24"}],"replies":[{"embeddable":true,"href":"https:\/\/doctornearyou.eu\/de\/wp-json\/wp\/v2\/comments?post=3961"}],"version-history":[{"count":18,"href":"https:\/\/doctornearyou.eu\/de\/wp-json\/wp\/v2\/pages\/3961\/revisions"}],"predecessor-version":[{"id":8520,"href":"https:\/\/doctornearyou.eu\/de\/wp-json\/wp\/v2\/pages\/3961\/revisions\/8520"}],"wp:featuredmedia":[{"embeddable":true,"href":"https:\/\/doctornearyou.eu\/de\/wp-json\/wp\/v2\/media\/8468"}],"wp:attachment":[{"href":"https:\/\/doctornearyou.eu\/de\/wp-json\/wp\/v2\/media?parent=3961"}],"wp:term":[{"taxonomy":"category","embeddable":true,"href":"https:\/\/doctornearyou.eu\/de\/wp-json\/wp\/v2\/categories?post=3961"}],"curies":[{"name":"wp","href":"https:\/\/api.w.org\/{rel}","templated":true}]}}