{"id":4011,"date":"2020-06-12T10:11:52","date_gmt":"2020-06-12T10:11:52","guid":{"rendered":"http:\/\/185.194.217.13\/?page_id=4011"},"modified":"2021-05-22T17:05:19","modified_gmt":"2021-05-22T17:05:19","slug":"one-day-clinics","status":"publish","type":"page","link":"https:\/\/doctornearyou.eu\/de\/one-day-clinics\/","title":{"rendered":"Tageskliniken"},"content":{"rendered":"\n<p>In unserer Tagesklinik beraten Sie unsere Fach\u00e4rzte bei allen medizinischen Anliegen &amp; Anforderungen:<\/p>\n\n\n\n<div style=\"height:20px\" aria-hidden=\"true\" class=\"wp-block-spacer\"><\/div>\n\n\n\n<h3 class=\"wp-block-heading\"> <strong>Kleine Eingriffe<\/strong><\/h3>\n\n\n\n<div style=\"height:20px\" aria-hidden=\"true\" class=\"wp-block-spacer\"><\/div>\n\n\n\n<ul class=\"theme-list-styling wp-block-list\"><li>Zahn\u00e4rztliche Behandlungen (Allgemeine &amp; Kosmetische Zahnmedizin)<\/li><li>Ophthalmologische Eingriffe (Augenoperationen)<\/li><li>Dermatologie &amp; Kosmetische Eingriffe (Laser, Botox, Detox)<\/li><li>Haar-Behandlungen<\/li><li>Kleinere plastische Operationen (die keine An\u00e4sthesie &amp; Krankenhausaufenthalt erfordern)<\/li><\/ul>\n\n\n\n<div style=\"height:25px\" aria-hidden=\"true\" class=\"wp-block-spacer\"><\/div>\n\n\n\n<h3 class=\"wp-block-heading\"> <strong>Behandlungen<\/strong> <\/h3>\n\n\n\n<div style=\"height:20px\" aria-hidden=\"true\" class=\"wp-block-spacer\"><\/div>\n\n\n\n<ul class=\"theme-list-styling wp-block-list\"><li>Behandlungen von chronischen Krankheiten (H\u00e4modialyse, kardio-respiratorische Rehabilitation, Reha bei rheumatischen Erkrankungen, usw.)<\/li><li>Onkologische Behandlungs\u00fcberwachung &amp; Chemotherapien (tagesklinisch)<\/li><li>Wiedererlangung eines guten physischen und psychosozialen Zustands und Wohlbefindens (Diabetes-Reha, Gewichtsreduktionsverfahren und Physiotherapien)<\/li><li>Spezialisierte Spirometrie f\u00fcr gef\u00e4hrdete Patientengruppen (Menschen mit chronischen Atemwegs-, Herz-Kreislauf-Problemen, \u00dcbergewicht usw.)<\/li><li>Sportler Spirometrie <\/li><\/ul>\n","protected":false},"excerpt":{"rendered":"<p>In unserer Tagesklinik beraten Sie unsere Fach\u00e4rzte bei allen medizinischen Anliegen &amp; Anforderungen: Kleine Eingriffe Zahn\u00e4rztliche Behandlungen (Allgemeine &amp; Kosmetische Zahnmedizin) Ophthalmologische Eingriffe (Augenoperationen) Dermatologie &amp; Kosmetische Eingriffe (Laser, Botox, Detox) Haar-Behandlungen Kleinere plastische Operationen (die keine An\u00e4sthesie &amp; Krankenhausaufenthalt erfordern) Behandlungen Behandlungen von chronischen Krankheiten (H\u00e4modialyse, kardio-respiratorische Rehabilitation, Reha bei rheumatischen Erkrankungen, usw.) Onkologische &hellip; <a href=\"https:\/\/doctornearyou.eu\/de\/one-day-clinics\/\">Continued<\/a><\/p>\n","protected":false},"author":24,"featured_media":0,"parent":0,"menu_order":0,"comment_status":"closed","ping_status":"closed","template":"views\/template-custom-with-modal.blade.php","meta":{"footnotes":""},"categories":[],"class_list":["post-4011","page","type-page","status-publish","hentry"],"featured_image_src":null,"yoast_head":"<!-- This site is optimized with the Yoast SEO plugin v27.1.1 - https:\/\/yoast.com\/product\/yoast-seo-wordpress\/ -->\n<title>Tageskliniken | DoctorNearYou.eu<\/title>\n<meta name=\"robots\" content=\"noindex, follow\" \/>\n<meta property=\"og:locale\" content=\"de_DE\" \/>\n<meta property=\"og:type\" content=\"article\" \/>\n<meta property=\"og:title\" content=\"Tageskliniken | DoctorNearYou.eu\" \/>\n<meta property=\"og:description\" content=\"In unserer Tagesklinik beraten Sie unsere Fach\u00e4rzte bei allen medizinischen Anliegen &amp; Anforderungen: Kleine Eingriffe Zahn\u00e4rztliche Behandlungen (Allgemeine &amp; Kosmetische Zahnmedizin) Ophthalmologische Eingriffe (Augenoperationen) Dermatologie &amp; Kosmetische Eingriffe (Laser, Botox, Detox) Haar-Behandlungen Kleinere plastische Operationen (die keine An\u00e4sthesie &amp; Krankenhausaufenthalt erfordern) Behandlungen Behandlungen von chronischen Krankheiten (H\u00e4modialyse, kardio-respiratorische Rehabilitation, Reha bei rheumatischen Erkrankungen, usw.) Onkologische &hellip; Continued\" \/>\n<meta property=\"og:url\" content=\"https:\/\/doctornearyou.eu\/one-day-clinics\/\" \/>\n<meta property=\"og:site_name\" content=\"DoctorNearYou.eu\" \/>\n<meta property=\"article:modified_time\" content=\"2021-05-22T17:05:19+00:00\" \/>\n<meta property=\"og:image\" content=\"https:\/\/doctornearyou.eu\/wp-content\/uploads\/doctornearyou-social-new.jpg\" \/>\n\t<meta property=\"og:image:width\" content=\"1200\" \/>\n\t<meta property=\"og:image:height\" content=\"630\" \/>\n\t<meta property=\"og:image:type\" content=\"image\/jpeg\" \/>\n<meta name=\"twitter:card\" content=\"summary_large_image\" \/>\n<meta name=\"twitter:label1\" content=\"Gesch\u00e4tzte Lesezeit\" \/>\n\t<meta name=\"twitter:data1\" content=\"1\u00a0Minute\" \/>\n<script type=\"application\/ld+json\" class=\"yoast-schema-graph\">{\"@context\":\"https:\/\/schema.org\",\"@graph\":[{\"@type\":\"WebPage\",\"@id\":\"https:\/\/doctornearyou.eu\/one-day-clinics\/\",\"url\":\"https:\/\/doctornearyou.eu\/one-day-clinics\/\",\"name\":\"Tageskliniken | DoctorNearYou.eu\",\"isPartOf\":{\"@id\":\"https:\/\/doctornearyou.eu\/#website\"},\"datePublished\":\"2020-06-12T10:11:52+00:00\",\"dateModified\":\"2021-05-22T17:05:19+00:00\",\"breadcrumb\":{\"@id\":\"https:\/\/doctornearyou.eu\/one-day-clinics\/#breadcrumb\"},\"inLanguage\":\"de\",\"potentialAction\":[{\"@type\":\"ReadAction\",\"target\":[\"https:\/\/doctornearyou.eu\/one-day-clinics\/\"]}]},{\"@type\":\"BreadcrumbList\",\"@id\":\"https:\/\/doctornearyou.eu\/one-day-clinics\/#breadcrumb\",\"itemListElement\":[{\"@type\":\"ListItem\",\"position\":1,\"name\":\"Startseite\",\"item\":\"https:\/\/doctornearyou.eu\/de\/\"},{\"@type\":\"ListItem\",\"position\":2,\"name\":\"Tageskliniken\"}]},{\"@type\":\"WebSite\",\"@id\":\"https:\/\/doctornearyou.eu\/#website\",\"url\":\"https:\/\/doctornearyou.eu\/\",\"name\":\"DoctorNearYou.eu\",\"description\":\"Advanced Medical Services\",\"publisher\":{\"@id\":\"https:\/\/doctornearyou.eu\/#organization\"},\"potentialAction\":[{\"@type\":\"SearchAction\",\"target\":{\"@type\":\"EntryPoint\",\"urlTemplate\":\"https:\/\/doctornearyou.eu\/?s={search_term_string}\"},\"query-input\":{\"@type\":\"PropertyValueSpecification\",\"valueRequired\":true,\"valueName\":\"search_term_string\"}}],\"inLanguage\":\"de\"},{\"@type\":\"Organization\",\"@id\":\"https:\/\/doctornearyou.eu\/#organization\",\"name\":\"Doctor Near You\",\"url\":\"https:\/\/doctornearyou.eu\/\",\"logo\":{\"@type\":\"ImageObject\",\"inLanguage\":\"de\",\"@id\":\"https:\/\/doctornearyou.eu\/#\/schema\/logo\/image\/\",\"url\":\"https:\/\/doctornearyou.eu\/wp-content\/uploads\/logo_DNY.jpg\",\"contentUrl\":\"https:\/\/doctornearyou.eu\/wp-content\/uploads\/logo_DNY.jpg\",\"width\":213,\"height\":80,\"caption\":\"Doctor Near You\"},\"image\":{\"@id\":\"https:\/\/doctornearyou.eu\/#\/schema\/logo\/image\/\"}}]}<\/script>\n<!-- \/ Yoast SEO plugin. -->","yoast_head_json":{"title":"Tageskliniken | DoctorNearYou.eu","robots":{"index":"noindex","follow":"follow"},"og_locale":"de_DE","og_type":"article","og_title":"Tageskliniken | DoctorNearYou.eu","og_description":"In unserer Tagesklinik beraten Sie unsere Fach\u00e4rzte bei allen medizinischen Anliegen &amp; Anforderungen: Kleine Eingriffe Zahn\u00e4rztliche Behandlungen (Allgemeine &amp; Kosmetische Zahnmedizin) Ophthalmologische Eingriffe (Augenoperationen) Dermatologie &amp; Kosmetische Eingriffe (Laser, Botox, Detox) Haar-Behandlungen Kleinere plastische Operationen (die keine An\u00e4sthesie &amp; Krankenhausaufenthalt erfordern) Behandlungen Behandlungen von chronischen Krankheiten (H\u00e4modialyse, kardio-respiratorische Rehabilitation, Reha bei rheumatischen Erkrankungen, usw.) Onkologische &hellip; Continued","og_url":"https:\/\/doctornearyou.eu\/one-day-clinics\/","og_site_name":"DoctorNearYou.eu","article_modified_time":"2021-05-22T17:05:19+00:00","og_image":[{"width":1200,"height":630,"url":"https:\/\/doctornearyou.eu\/wp-content\/uploads\/doctornearyou-social-new.jpg","type":"image\/jpeg"}],"twitter_card":"summary_large_image","twitter_misc":{"Gesch\u00e4tzte Lesezeit":"1\u00a0Minute"},"schema":{"@context":"https:\/\/schema.org","@graph":[{"@type":"WebPage","@id":"https:\/\/doctornearyou.eu\/one-day-clinics\/","url":"https:\/\/doctornearyou.eu\/one-day-clinics\/","name":"Tageskliniken | DoctorNearYou.eu","isPartOf":{"@id":"https:\/\/doctornearyou.eu\/#website"},"datePublished":"2020-06-12T10:11:52+00:00","dateModified":"2021-05-22T17:05:19+00:00","breadcrumb":{"@id":"https:\/\/doctornearyou.eu\/one-day-clinics\/#breadcrumb"},"inLanguage":"de","potentialAction":[{"@type":"ReadAction","target":["https:\/\/doctornearyou.eu\/one-day-clinics\/"]}]},{"@type":"BreadcrumbList","@id":"https:\/\/doctornearyou.eu\/one-day-clinics\/#breadcrumb","itemListElement":[{"@type":"ListItem","position":1,"name":"Startseite","item":"https:\/\/doctornearyou.eu\/de\/"},{"@type":"ListItem","position":2,"name":"Tageskliniken"}]},{"@type":"WebSite","@id":"https:\/\/doctornearyou.eu\/#website","url":"https:\/\/doctornearyou.eu\/","name":"DoctorNearYou.eu","description":"Advanced Medical Services","publisher":{"@id":"https:\/\/doctornearyou.eu\/#organization"},"potentialAction":[{"@type":"SearchAction","target":{"@type":"EntryPoint","urlTemplate":"https:\/\/doctornearyou.eu\/?s={search_term_string}"},"query-input":{"@type":"PropertyValueSpecification","valueRequired":true,"valueName":"search_term_string"}}],"inLanguage":"de"},{"@type":"Organization","@id":"https:\/\/doctornearyou.eu\/#organization","name":"Doctor Near You","url":"https:\/\/doctornearyou.eu\/","logo":{"@type":"ImageObject","inLanguage":"de","@id":"https:\/\/doctornearyou.eu\/#\/schema\/logo\/image\/","url":"https:\/\/doctornearyou.eu\/wp-content\/uploads\/logo_DNY.jpg","contentUrl":"https:\/\/doctornearyou.eu\/wp-content\/uploads\/logo_DNY.jpg","width":213,"height":80,"caption":"Doctor Near You"},"image":{"@id":"https:\/\/doctornearyou.eu\/#\/schema\/logo\/image\/"}}]}},"_links":{"self":[{"href":"https:\/\/doctornearyou.eu\/de\/wp-json\/wp\/v2\/pages\/4011","targetHints":{"allow":["GET"]}}],"collection":[{"href":"https:\/\/doctornearyou.eu\/de\/wp-json\/wp\/v2\/pages"}],"about":[{"href":"https:\/\/doctornearyou.eu\/de\/wp-json\/wp\/v2\/types\/page"}],"author":[{"embeddable":true,"href":"https:\/\/doctornearyou.eu\/de\/wp-json\/wp\/v2\/users\/24"}],"replies":[{"embeddable":true,"href":"https:\/\/doctornearyou.eu\/de\/wp-json\/wp\/v2\/comments?post=4011"}],"version-history":[{"count":3,"href":"https:\/\/doctornearyou.eu\/de\/wp-json\/wp\/v2\/pages\/4011\/revisions"}],"predecessor-version":[{"id":5413,"href":"https:\/\/doctornearyou.eu\/de\/wp-json\/wp\/v2\/pages\/4011\/revisions\/5413"}],"wp:attachment":[{"href":"https:\/\/doctornearyou.eu\/de\/wp-json\/wp\/v2\/media?parent=4011"}],"wp:term":[{"taxonomy":"category","embeddable":true,"href":"https:\/\/doctornearyou.eu\/de\/wp-json\/wp\/v2\/categories?post=4011"}],"curies":[{"name":"wp","href":"https:\/\/api.w.org\/{rel}","templated":true}]}}