{"id":4061,"date":"2021-04-02T12:22:32","date_gmt":"2021-04-02T12:22:32","guid":{"rendered":"http:\/\/185.194.217.13\/gewichtsmanagement\/"},"modified":"2021-04-25T19:36:30","modified_gmt":"2021-04-25T19:36:30","slug":"weight-management","status":"publish","type":"page","link":"https:\/\/doctornearyou.eu\/de\/weight-management\/","title":{"rendered":"Gewichtsmanagement"},"content":{"rendered":"\n<p><strong>Gewichtsabnahme (Fettabbau) <\/strong><\/p>\n\n\n\n<p>Ern\u00e4hrungstraining von der ersten Sitzung an und eine personalisierte Vorgehensweise sind der Schl\u00fcssel zu einer dauerhaften und effektiven Gewichtsabnahme!<\/p>\n\n\n\n<p><strong>Ihr Programm<\/strong><\/p>\n\n\n\n<ul class=\"wp-block-list\"><li>Erstellung von personalisierten Ern\u00e4hrungspl\u00e4nen nach Ihren Bed\u00fcrfnissen, Ihren Vorlieben und Ihrem Gewichtsziel<\/li><li>Effektive Gewichtsabnahme durch Ern\u00e4hrungserziehung und Verhaltensmodifikation <\/li><li>Schritt-f\u00fcr-Schritt-Anleitung und \u00dcberwachung, um nicht nur das Ziel zu erreichen, sondern auch das Ergebnis zu halten<\/li><li>Umfassende Beratung einschlie\u00dflich Anamnese<\/li><li>K\u00f6rperzusammensetzung (Messung von Muskeln und K\u00f6rperfett)<\/li><li>Analyse und Bewertung Ihrer aktuellen Ess-, Bewegungs- und Trinkgewohnheiten<\/li><li>Individuelle Ern\u00e4hrungsempfehlungen sowie ein Di\u00e4t- und Trainingsplan zum Mitnehmen<\/li><li>Pers\u00f6nliche Gesundheitsakte <\/li><li>Pers\u00f6nliche Unterst\u00fctzung w\u00e4hrend des gesamten Programms. Eine gesunde Ern\u00e4hrung bedeutet Freiheit und Wahlm\u00f6glichkeiten<\/li><\/ul>\n\n\n\n<p> <strong>Entgiftung &#8211; Anti &#8211; Alterung<\/strong><\/p>\n\n\n\n<p>St\u00e4rken Sie Ihr Immunsystem und sch\u00f6pfen Sie neue Kraft, Energie und Vitalit\u00e4t durch die gezielte Entgiftung Ihres K\u00f6rpers. Sie erfahren, welche Gifte, Schadstoffe und Umwelteinfl\u00fcsse auf Ihren K\u00f6rper wirken und was Sie eigenverantwortlich tun k\u00f6nnen. Eine Detox-Di\u00e4t kann die Ausleitung von Giftstoffen erleichtern und die Gewichtsabnahme f\u00f6rdern.<\/p>\n\n\n\n<p>Mit den richtigen Ma\u00dfnahmen k\u00f6nnen Sie den biologischen Alterungsprozess verlangsamen und eine hohe Lebensqualit\u00e4t so lange wie m\u00f6glich erhalten. Sie lernen die Gewohnheiten und Verhaltensweisen kennen und verstehen, die Ihre Lebensspanne potenziell verk\u00fcrzen oder verl\u00e4ngern k\u00f6nnen. Mit einer Basisdiagnostik k\u00f6nnen wir feststellen, um wie viel Ihr tats\u00e4chliches Alter von Ihrem biologischen Alter abweicht und was Sie tun m\u00fcssen, um Ihre Lebenserwartung bestm\u00f6glich zu erh\u00f6hen.<\/p>\n\n\n\n<p><strong>Ihr Programm<\/strong><\/p>\n\n\n\n<ul class=\"wp-block-list\"><li>Umfassende Beratung inklusive Anamnese<\/li><li>Erstellung eines personalisierten Di\u00e4tplans nach Ihren Bed\u00fcrfnissen und Vorlieben<\/li><li>K\u00f6rperzusammensetzung (Messung von Muskeln und K\u00f6rperfett)<\/li><li>Reinigung des Verdauungstraktes<\/li><li>Analyse und Bewertung Ihrer aktuellen Ess-, Bewegungs- und Trinkgewohnheiten<\/li><li>Planung Ihrer individuellen Detox-Di\u00e4t und Detox-Wohlf\u00fchlbehandlungen<\/li><li>Abschlie\u00dfende Beratung und Hinweise zur Erhaltung und Verbesserung Ihres Gesundheitszustandes<\/li><li>Schritt-f\u00fcr-Schritt-Anleitung und \u00dcberwachung nicht nur zur Erreichung des Ziels, sondern auch zur Erhaltung des Ergebnisses<\/li><li>Individuelle Di\u00e4tempfehlungen sowie ein Di\u00e4t- und Trainingsplan zum Mitnehmen<\/li><li>Pers\u00f6nliche Betreuung w\u00e4hrend des gesamten Programms Ihre Detox-Di\u00e4t<\/li><li>T\u00e4gliches Detox-Getr\u00e4nk und Detox-Tee &#8211; 5 Mahlzeiten basierend auf der kretischen Di\u00e4t<\/li><li>Spezielle Di\u00e4t w\u00e4hrend der Darmreinigung und des Wiederaufbaus der Darmflora<\/li><\/ul>\n\n\n\n<div style=\"height:20px\" aria-hidden=\"true\" class=\"wp-block-spacer\"><\/div>\n\n\n\n<p><strong>Schnelle Gewichtsabnahme mit Pharmakotherapie, Di\u00e4t und Bewegung<\/strong><\/p>\n\n\n\n<p>Adipositas ist eine weit verbreitete chronische Erkrankung, die mit kardiometabolischen St\u00f6rungen, Krebserkrankungen und Osteoarthritis assoziiert ist. Eine Gewichtsabnahme kann die Risikofaktoren verbessern, aber pathophysiologische Ver\u00e4nderungen in den Mechanismen, die die Energieaufnahme und den Stoffwechsel regulieren, k\u00f6nnen eine Gewichtsabnahme und die Vermeidung einer erneuten Gewichtszunahme sehr schwierig machen. Pharmakologische und chirurgische Interventionen k\u00f6nnen bei der Gewichtsabnahme helfen, aber ein gemeinsamer interdisziplin\u00e4rer Ansatz kann die beste Hoffnung f\u00fcr ein nachhaltiges Gewichtsmanagement bieten.<\/p>\n\n\n\n<p>Patienten mit Adipositas, f\u00fcr die ein pharmakologisches Mittel empfohlen werden k\u00f6nnte sind u.a.:<\/p>\n\n\n\n<ul class=\"wp-block-list\"><li>Eine Person, die mit Di\u00e4t und Bewegung allein nicht abnehmen konnte<\/li><li>Eine Person, dessen Gewichtsabnahme durch Di\u00e4t und Bewegung ab einem bestimmten Punkt gestoppt wurde<\/li><li>Eine Person, die durch Di\u00e4t und Bewegung Gewicht verloren hat, aber nun beginnt, das verlorene Gewicht wieder zuzunehmen<\/li><\/ul>\n\n\n\n<div style=\"height:20px\" aria-hidden=\"true\" class=\"wp-block-spacer\"><\/div>\n\n\n\n<p><strong>Ihr Programm<\/strong><\/p>\n\n\n\n<ul class=\"wp-block-list\"><li>Erstellung von personalisierten Di\u00e4tpl\u00e4nen entsprechend Ihren Bed\u00fcrfnissen, Ihren Vorlieben und Ihrem Gewichtsziel<\/li><li>Effektive Gewichtsabnahme durch Ern\u00e4hrungserziehung, pharmakologische Mittel und Verhaltensmodifikation<\/li><li>Personalisiertes Trainingsprogramm<\/li><li>Schritt-f\u00fcr-Schritt-Anleitung und \u00dcberwachung nicht nur zum Erreichen des Ziels, sondern auch zur Erhaltung des Ergebnisses<\/li><li>Umfassende Beratung einschlie\u00dflich Anamnese<\/li><li>K\u00f6rperzusammensetzung (Messung von Muskeln und K\u00f6rperfett)<\/li><li>Bewertung des Stoffwechsels<\/li><li>Analyse und Bewertung Ihrer aktuellen Ess-, Bewegungs- und Trinkgewohnheiten<\/li><li>Individuelle Ern\u00e4hrungsempfehlungen sowie ein Di\u00e4t- und Trainingsplan zum Mitnehmen&#8217;<\/li><li>Pers\u00f6nliche Betreuung w\u00e4hrend des gesamten Programms<\/li><\/ul>\n\n\n\n<div style=\"height:20px\" aria-hidden=\"true\" class=\"wp-block-spacer\"><\/div>\n\n\n\n<p><strong>Ern\u00e4hrungsberatung<\/strong><\/p>\n\n\n\n<p>Wir stimmen unsere Beratung auf Ihre pers\u00f6nlichen Bed\u00fcrfnisse, Gewohnheiten und Ziele ab. Die richtige Ern\u00e4hrung ist der Schl\u00fcssel zu Gl\u00fcck und Wohlbefinden. Sich gesund und ausgewogen zu ern\u00e4hren, ist nicht immer einfach. Es geht nicht darum, bestimmte Lebensmittel zu vermeiden, sondern den Fokus auf eine ausgewogene Ern\u00e4hrung zu legen. Mit der richtigen Ern\u00e4hrungsberatung, angepasst an Ihre Bed\u00fcrfnisse, k\u00f6nnen Sie Ihre Lebensqualit\u00e4t nachhaltig verbessern. Sie umfasst auch die Bereiche spezieller Di\u00e4ten bei Erkrankungen, Lebensmittelallergien<br>und -unvertr\u00e4glichkeiten sowie vegetarische und vegane Ern\u00e4hrung.<\/p>\n\n\n\n<div style=\"height:20px\" aria-hidden=\"true\" class=\"wp-block-spacer\"><\/div>\n\n\n\n<p><strong>Unsere Leistungen<\/strong><\/p>\n\n\n\n<ul class=\"wp-block-list\"><li>Pers\u00f6nliche Betreuung vor, w\u00e4hrend und nach den Mahlzeiten<\/li><li>Individuell geplante Mahlzeiten mit der richtigen Menge an Lebensmitteln <\/li><li>Mahlzeit mit Ern\u00e4hrungsberaterin, bei der Sie Tipps zum Umgang mit Fast Food, Restaurantessen und Gesch\u00e4ftsessen erhalten<\/li><li>Pers\u00f6nliche Beratung am Fr\u00fchst\u00fccksbuffet<\/li><li>Ich plane mit Ihnen gemeinsam die Di\u00e4ttage<\/li><li>Pers\u00f6nlicher Ern\u00e4hrungs- und Trainingsplan inklusive sportlicher Aktivit\u00e4ten und Empfehlungen zu Nahrungserg\u00e4nzungsmitteln<\/li><li>Leicht verst\u00e4ndliche Informationen zu Kohlenhydraten, Eiwei\u00df und Fett<\/li><li>Informationen zu Mineralstoffen, Vitaminen und Vitaminpr\u00e4paraten <\/li><li>Beratung \u00fcber die richtige Trinkmenge<\/li><li>Informationen zu k\u00fcnstlichen S\u00fc\u00dfungsmitteln<\/li><\/ul>\n\n\n\n<div style=\"height:20px\" aria-hidden=\"true\" class=\"wp-block-spacer\"><\/div>\n\n\n\n<p><strong>Analyse der K\u00f6rperzusammensetzung<\/strong><\/p>\n\n\n\n<p>Die K\u00f6rperzusammensetzung ist eine Methode, die beschreibt, woraus der K\u00f6rper besteht. Sie umfasst Fett, Eiwei\u00df, Mineralien und K\u00f6rperwasser. Sie beschreibt auch das Gewicht genauer als der BMI. Die K\u00f6rperzusammensetzungsanalyse kann Ver\u00e4nderungen der Fettmasse, der Muskelmasse und des K\u00f6rperfettanteils genau aufzeigen und Ihnen helfen, Ihre Ziele zu bestimmen und zu erreichen!<\/p>\n\n\n\n<div style=\"height:20px\" aria-hidden=\"true\" class=\"wp-block-spacer\"><\/div>\n\n\n\n<p><strong>Messungen<\/strong><\/p>\n\n\n\n<ul class=\"wp-block-list\"><li>Gewicht<\/li><li>K\u00f6rperfettanteil<\/li><li>K\u00f6rperfettmasse <\/li><li>Muskelmasse &#8211; Knochenmasse<\/li><li>K\u00f6rper-Masse-Index (BMI)<\/li><li>K\u00f6rperbau Bewertung<\/li><li>Gesamtk\u00f6rperwassermenge (TBW)<\/li><li>Grundumsatz (BMR)<\/li><li>Viszerales Fett Bewertung <\/li><li>Vorhandensein von \u00d6demen, Retentionen oder Dehydration etc.<\/li><\/ul>\n\n\n\n<div style=\"height:20px\" aria-hidden=\"true\" class=\"wp-block-spacer\"><\/div>\n\n\n\n<p><strong>Beurteilung der Stoffwechselrate<\/strong><\/p>\n\n\n\n<p>Langsamer vs. schneller Stoffwechsel. Ein langsamer oder schneller Stoffwechsel bezieht sich darauf, ob Ihr K\u00f6rper weniger oder mehr Kalorien als normal verbrennt. Eine lang andauernde Di\u00e4t oder \u00fcberm\u00e4\u00dfiger Kardiotraining kann Ihren Stoffwechsel verlangsamen. Krafttraining oder eine vor\u00fcbergehende Erh\u00f6hung der Kalorienzufuhr kann Ihrem Stoffwechsel helfen, sich zu erholen. Ein langsamer Stoffwechsel f\u00fchrt zu einer geringeren Kalorienverbrennung w\u00e4hrend des Tages und damit zu Schwierigkeiten, Gewicht zu verlieren oder den Gewichtsverlust zu halten.<\/p>\n\n\n\n<p>Die Bewertung des Stoffwechsels hilft uns zu verstehen:<\/p>\n\n\n\n<ul class=\"wp-block-list\"><li>Die Brennstoffquellen, die Ihr K\u00f6rper w\u00e4hrend der t\u00e4glichen Aktivit\u00e4ten verwendet  <\/li><li>Die Gesundheit Ihres Stoffwechsels <\/li><li>Ihre Ern\u00e4hrungsanforderungen basierend auf Ihrer Stoffwechselrate und Ihrem Fitnessziel<\/li><li>Hilft, die Bed\u00fcrfnisse Ihres K\u00f6rpers zu verstehen und Ihr Ziel zu 100 % zu erreichen<\/li><li>Brennstoffquellen<\/li><\/ul>\n\n\n\n<div style=\"height:20px\" aria-hidden=\"true\" class=\"wp-block-spacer\"><\/div>\n\n\n\n<p>Ihr K\u00f6rper verwendet eine Mischung aus Kohlenhydraten und Fett, um die Energie zu erzeugen, die er zum Leben und f\u00fcr seine t\u00e4glichen Aktivit\u00e4ten ben\u00f6tigt. Eine hohe Abh\u00e4ngigkeit von Fett als Brennstoffquelle ist einer der zuverl\u00e4ssigsten Indikatoren f\u00fcr die Gesundheit der Zellen und steht in starkem Zusammenhang mit einer geringen Wahrscheinlichkeit einer Gewichtszunahme oder &#8211; wiederzunahme.<\/p>\n","protected":false},"excerpt":{"rendered":"<p>Gewichtsabnahme (Fettabbau) Ern\u00e4hrungstraining von der ersten Sitzung an und eine personalisierte Vorgehensweise sind der Schl\u00fcssel zu einer dauerhaften und effektiven Gewichtsabnahme! Ihr Programm Erstellung von personalisierten Ern\u00e4hrungspl\u00e4nen nach Ihren Bed\u00fcrfnissen, Ihren Vorlieben und Ihrem Gewichtsziel Effektive Gewichtsabnahme durch Ern\u00e4hrungserziehung und Verhaltensmodifikation Schritt-f\u00fcr-Schritt-Anleitung und \u00dcberwachung, um nicht nur das Ziel zu erreichen, sondern auch das Ergebnis &hellip; <a href=\"https:\/\/doctornearyou.eu\/de\/weight-management\/\">Continued<\/a><\/p>\n","protected":false},"author":24,"featured_media":0,"parent":0,"menu_order":0,"comment_status":"closed","ping_status":"closed","template":"views\/template-custom-with-modal.blade.php","meta":{"footnotes":""},"categories":[],"class_list":["post-4061","page","type-page","status-publish","hentry"],"featured_image_src":null,"yoast_head":"<!-- This site is optimized with the Yoast SEO plugin v27.1.1 - https:\/\/yoast.com\/product\/yoast-seo-wordpress\/ -->\n<title>Gewichtsmanagement | DoctorNearYou.eu<\/title>\n<meta name=\"robots\" content=\"noindex, follow\" \/>\n<meta property=\"og:locale\" content=\"de_DE\" \/>\n<meta property=\"og:type\" content=\"article\" \/>\n<meta property=\"og:title\" content=\"Gewichtsmanagement | DoctorNearYou.eu\" \/>\n<meta property=\"og:description\" content=\"Gewichtsabnahme (Fettabbau) Ern\u00e4hrungstraining von der ersten Sitzung an und eine personalisierte Vorgehensweise sind der Schl\u00fcssel zu einer dauerhaften und effektiven Gewichtsabnahme! Ihr Programm Erstellung von personalisierten Ern\u00e4hrungspl\u00e4nen nach Ihren Bed\u00fcrfnissen, Ihren Vorlieben und Ihrem Gewichtsziel Effektive Gewichtsabnahme durch Ern\u00e4hrungserziehung und Verhaltensmodifikation Schritt-f\u00fcr-Schritt-Anleitung und \u00dcberwachung, um nicht nur das Ziel zu erreichen, sondern auch das Ergebnis &hellip; Continued\" \/>\n<meta property=\"og:url\" content=\"https:\/\/doctornearyou.eu\/weight-management\/\" \/>\n<meta property=\"og:site_name\" content=\"DoctorNearYou.eu\" \/>\n<meta property=\"article:modified_time\" content=\"2021-04-25T19:36:30+00:00\" \/>\n<meta property=\"og:image\" content=\"https:\/\/doctornearyou.eu\/wp-content\/uploads\/doctornearyou-social-new.jpg\" \/>\n\t<meta property=\"og:image:width\" content=\"1200\" \/>\n\t<meta property=\"og:image:height\" content=\"630\" \/>\n\t<meta property=\"og:image:type\" content=\"image\/jpeg\" \/>\n<meta name=\"twitter:card\" content=\"summary_large_image\" \/>\n<meta name=\"twitter:label1\" content=\"Gesch\u00e4tzte Lesezeit\" \/>\n\t<meta name=\"twitter:data1\" content=\"5\u00a0Minuten\" \/>\n<script type=\"application\/ld+json\" class=\"yoast-schema-graph\">{\"@context\":\"https:\/\/schema.org\",\"@graph\":[{\"@type\":\"WebPage\",\"@id\":\"https:\/\/doctornearyou.eu\/weight-management\/\",\"url\":\"https:\/\/doctornearyou.eu\/weight-management\/\",\"name\":\"Gewichtsmanagement | DoctorNearYou.eu\",\"isPartOf\":{\"@id\":\"https:\/\/doctornearyou.eu\/#website\"},\"datePublished\":\"2021-04-02T12:22:32+00:00\",\"dateModified\":\"2021-04-25T19:36:30+00:00\",\"breadcrumb\":{\"@id\":\"https:\/\/doctornearyou.eu\/weight-management\/#breadcrumb\"},\"inLanguage\":\"de\",\"potentialAction\":[{\"@type\":\"ReadAction\",\"target\":[\"https:\/\/doctornearyou.eu\/weight-management\/\"]}]},{\"@type\":\"BreadcrumbList\",\"@id\":\"https:\/\/doctornearyou.eu\/weight-management\/#breadcrumb\",\"itemListElement\":[{\"@type\":\"ListItem\",\"position\":1,\"name\":\"Startseite\",\"item\":\"https:\/\/doctornearyou.eu\/de\/\"},{\"@type\":\"ListItem\",\"position\":2,\"name\":\"Gewichtsmanagement\"}]},{\"@type\":\"WebSite\",\"@id\":\"https:\/\/doctornearyou.eu\/#website\",\"url\":\"https:\/\/doctornearyou.eu\/\",\"name\":\"DoctorNearYou.eu\",\"description\":\"Advanced Medical Services\",\"publisher\":{\"@id\":\"https:\/\/doctornearyou.eu\/#organization\"},\"potentialAction\":[{\"@type\":\"SearchAction\",\"target\":{\"@type\":\"EntryPoint\",\"urlTemplate\":\"https:\/\/doctornearyou.eu\/?s={search_term_string}\"},\"query-input\":{\"@type\":\"PropertyValueSpecification\",\"valueRequired\":true,\"valueName\":\"search_term_string\"}}],\"inLanguage\":\"de\"},{\"@type\":\"Organization\",\"@id\":\"https:\/\/doctornearyou.eu\/#organization\",\"name\":\"Doctor Near You\",\"url\":\"https:\/\/doctornearyou.eu\/\",\"logo\":{\"@type\":\"ImageObject\",\"inLanguage\":\"de\",\"@id\":\"https:\/\/doctornearyou.eu\/#\/schema\/logo\/image\/\",\"url\":\"https:\/\/doctornearyou.eu\/wp-content\/uploads\/logo_DNY.jpg\",\"contentUrl\":\"https:\/\/doctornearyou.eu\/wp-content\/uploads\/logo_DNY.jpg\",\"width\":213,\"height\":80,\"caption\":\"Doctor Near You\"},\"image\":{\"@id\":\"https:\/\/doctornearyou.eu\/#\/schema\/logo\/image\/\"}}]}<\/script>\n<!-- \/ Yoast SEO plugin. -->","yoast_head_json":{"title":"Gewichtsmanagement | DoctorNearYou.eu","robots":{"index":"noindex","follow":"follow"},"og_locale":"de_DE","og_type":"article","og_title":"Gewichtsmanagement | DoctorNearYou.eu","og_description":"Gewichtsabnahme (Fettabbau) Ern\u00e4hrungstraining von der ersten Sitzung an und eine personalisierte Vorgehensweise sind der Schl\u00fcssel zu einer dauerhaften und effektiven Gewichtsabnahme! Ihr Programm Erstellung von personalisierten Ern\u00e4hrungspl\u00e4nen nach Ihren Bed\u00fcrfnissen, Ihren Vorlieben und Ihrem Gewichtsziel Effektive Gewichtsabnahme durch Ern\u00e4hrungserziehung und Verhaltensmodifikation Schritt-f\u00fcr-Schritt-Anleitung und \u00dcberwachung, um nicht nur das Ziel zu erreichen, sondern auch das Ergebnis &hellip; Continued","og_url":"https:\/\/doctornearyou.eu\/weight-management\/","og_site_name":"DoctorNearYou.eu","article_modified_time":"2021-04-25T19:36:30+00:00","og_image":[{"width":1200,"height":630,"url":"https:\/\/doctornearyou.eu\/wp-content\/uploads\/doctornearyou-social-new.jpg","type":"image\/jpeg"}],"twitter_card":"summary_large_image","twitter_misc":{"Gesch\u00e4tzte Lesezeit":"5\u00a0Minuten"},"schema":{"@context":"https:\/\/schema.org","@graph":[{"@type":"WebPage","@id":"https:\/\/doctornearyou.eu\/weight-management\/","url":"https:\/\/doctornearyou.eu\/weight-management\/","name":"Gewichtsmanagement | DoctorNearYou.eu","isPartOf":{"@id":"https:\/\/doctornearyou.eu\/#website"},"datePublished":"2021-04-02T12:22:32+00:00","dateModified":"2021-04-25T19:36:30+00:00","breadcrumb":{"@id":"https:\/\/doctornearyou.eu\/weight-management\/#breadcrumb"},"inLanguage":"de","potentialAction":[{"@type":"ReadAction","target":["https:\/\/doctornearyou.eu\/weight-management\/"]}]},{"@type":"BreadcrumbList","@id":"https:\/\/doctornearyou.eu\/weight-management\/#breadcrumb","itemListElement":[{"@type":"ListItem","position":1,"name":"Startseite","item":"https:\/\/doctornearyou.eu\/de\/"},{"@type":"ListItem","position":2,"name":"Gewichtsmanagement"}]},{"@type":"WebSite","@id":"https:\/\/doctornearyou.eu\/#website","url":"https:\/\/doctornearyou.eu\/","name":"DoctorNearYou.eu","description":"Advanced Medical Services","publisher":{"@id":"https:\/\/doctornearyou.eu\/#organization"},"potentialAction":[{"@type":"SearchAction","target":{"@type":"EntryPoint","urlTemplate":"https:\/\/doctornearyou.eu\/?s={search_term_string}"},"query-input":{"@type":"PropertyValueSpecification","valueRequired":true,"valueName":"search_term_string"}}],"inLanguage":"de"},{"@type":"Organization","@id":"https:\/\/doctornearyou.eu\/#organization","name":"Doctor Near You","url":"https:\/\/doctornearyou.eu\/","logo":{"@type":"ImageObject","inLanguage":"de","@id":"https:\/\/doctornearyou.eu\/#\/schema\/logo\/image\/","url":"https:\/\/doctornearyou.eu\/wp-content\/uploads\/logo_DNY.jpg","contentUrl":"https:\/\/doctornearyou.eu\/wp-content\/uploads\/logo_DNY.jpg","width":213,"height":80,"caption":"Doctor Near You"},"image":{"@id":"https:\/\/doctornearyou.eu\/#\/schema\/logo\/image\/"}}]}},"_links":{"self":[{"href":"https:\/\/doctornearyou.eu\/de\/wp-json\/wp\/v2\/pages\/4061","targetHints":{"allow":["GET"]}}],"collection":[{"href":"https:\/\/doctornearyou.eu\/de\/wp-json\/wp\/v2\/pages"}],"about":[{"href":"https:\/\/doctornearyou.eu\/de\/wp-json\/wp\/v2\/types\/page"}],"author":[{"embeddable":true,"href":"https:\/\/doctornearyou.eu\/de\/wp-json\/wp\/v2\/users\/24"}],"replies":[{"embeddable":true,"href":"https:\/\/doctornearyou.eu\/de\/wp-json\/wp\/v2\/comments?post=4061"}],"version-history":[{"count":0,"href":"https:\/\/doctornearyou.eu\/de\/wp-json\/wp\/v2\/pages\/4061\/revisions"}],"wp:attachment":[{"href":"https:\/\/doctornearyou.eu\/de\/wp-json\/wp\/v2\/media?parent=4061"}],"wp:term":[{"taxonomy":"category","embeddable":true,"href":"https:\/\/doctornearyou.eu\/de\/wp-json\/wp\/v2\/categories?post=4061"}],"curies":[{"name":"wp","href":"https:\/\/api.w.org\/{rel}","templated":true}]}}