{"id":6361,"date":"2021-06-24T10:55:15","date_gmt":"2021-06-24T07:55:15","guid":{"rendered":"http:\/\/185.194.217.13\/online-covid-test\/"},"modified":"2021-07-21T13:48:39","modified_gmt":"2021-07-21T10:48:39","slug":"online-covid-test","status":"publish","type":"page","link":"https:\/\/doctornearyou.eu\/de\/online-covid-test\/","title":{"rendered":"Online COVID Test"},"content":{"rendered":"\n<h1 class=\"h1--blue wp-block-heading\">Online COVID Test<\/h1>\n\n\n\n<div style=\"height:30px\" aria-hidden=\"true\" class=\"wp-block-spacer\"><\/div>\n\n\n\n<p>Buchen Sie einen Online-Termin bei DoctorNearYou.gr und machen Sie einen Schnelltest in Ihrem Hotelzimmer!<br><br>Mit der Buchung Ihres Online-Termins erhalten Sie eine E-Mail mit einem Zoom-Link, den Sie zu dem von Ihnen gew\u00e4hlten Zeitpunkt \u00f6ffnen k\u00f6nnen. Ein Gesundheitsberater steht Ihnen zur Verf\u00fcgung, um Sie durch den Prozess zu f\u00fchren und sicherzustellen, dass der Test g\u00fcltig ist.<\/p>\n\n\n\n<div style=\"height:30px\" aria-hidden=\"true\" class=\"wp-block-spacer\"><\/div>\n\n\n\n<hr class=\"wp-block-separator\"\/>\n\n\n\n<div style=\"height:30px\" aria-hidden=\"true\" class=\"wp-block-spacer\"><\/div>\n\n\n\n<h3 class=\"h3--blue wp-block-heading\">Was du brauchst<\/h3>\n\n\n\n<div style=\"height:30px\" aria-hidden=\"true\" class=\"wp-block-spacer\"><\/div>\n\n\n\n<ul class=\"theme-list-styling wp-block-list\"><li>Ein schneller Selbsttest<\/li><li>&nbsp;Ihr Personalausweis oder Reisepass<\/li><\/ul>\n\n\n\n<div style=\"height:30px\" aria-hidden=\"true\" class=\"wp-block-spacer\"><\/div>\n\n\n\n<h6 class=\"wp-block-heading\"><strong>Antigen-Schnelltests, deren Testergebnisse gegenseitig anerkannt werden<\/strong><\/h6>\n\n\n\n<div style=\"height:20px\" aria-hidden=\"true\" class=\"wp-block-spacer\"><\/div>\n\n\n\n<ul class=\"theme-list-styling wp-block-list\"><li>Abbott Rapid Diagnostics, Panbio\u2122 COVID-19 Ag Rapid Test<\/li><li>AMEDA Labordiagnostik GmbH, AMP Rapid Test SARS-CoV-2 Ag<\/li><li>Becton Dickinson, BD Veritor System for Rapid Deteciton os SARS-CoV-2<\/li><li>Beijing Lepu Medical Technology, SARS-CoV-2 Antigen Rapid Test Kit (Colloidal Gold immunochromatography)<\/li><li>BIOSYNEX SWISS SA, BIOSYNEX COVID-19 Ag BSS<\/li><li>CerTest Biotect S.L., CerTest SARS-CoV-2 CARD TEST<\/li><li>Hangzhou Clongene Biotech, Clungene COVID-19 Antigen Rapid Test Kit<\/li><li>Healgen Scientific Limited, Coronavirus Ag Rapid Test Cassette (Swab)<\/li><li>LumiraDX UK LTd, LumiraDx SARS-CoV-2 Ag Test<\/li><li>nal von minden GmbH, NADAL COVID -19 Ag Test<\/li><li>Quidel Corporation, Sofia 2 SARS Antigen FIA<\/li><li>SD BIOSENSOR, Inc., STANDARD F COVID-19 Ag FIA<\/li><li>SD BIOSENSOR, Inc., STANDARD Q COVID-19 Ag Test<\/li><li>Siemens Healthineers, CLINITEST Rapid COVID-19 Antigen Test<\/li><li>Xiamen Boson Biotech Co, Rapid SARS-CoV-2 Antigen Test card<\/li><li>Zhejiang Orient Gene Biotech Co.,Ltd, Coronavirus Ag Rapid Test Cassette (Swab)<\/li><\/ul>\n\n\n\n<p><\/p>\n\n\n\n<div style=\"height:30px\" aria-hidden=\"true\" class=\"wp-block-spacer\"><\/div>\n\n\n\n<hr class=\"wp-block-separator\"\/>\n\n\n\n<div style=\"height:30px\" aria-hidden=\"true\" class=\"wp-block-spacer\"><\/div>\n\n\n\n<h3 class=\"h3--blue wp-block-heading\"><strong>&nbsp;<\/strong>Wie es geht<\/h3>\n\n\n\n<div style=\"height:30px\" aria-hidden=\"true\" class=\"wp-block-spacer\"><\/div>\n\n\n\n<p>Der von Ihnen erhaltene Selbsttest besteht aus einem Wattest\u00e4bchen, einem R\u00f6hrchen mit Fl\u00fcssigkeit und einem Etui.<\/p>\n\n\n\n<figure class=\"wp-block-image size-large is-resized\"><img loading=\"lazy\" decoding=\"async\" src=\"doctornearyou.euwp-content\/uploads\/\/doctornearyou-self-test-1024x1024.jpg\" alt=\"\" class=\"wp-image-6328\" width=\"512\" height=\"512\" srcset=\"https:\/\/doctornearyou.eu\/wp-content\/uploads\/doctornearyou-self-test-1024x1024.jpg 1024w, https:\/\/doctornearyou.eu\/wp-content\/uploads\/doctornearyou-self-test-300x300.jpg 300w, https:\/\/doctornearyou.eu\/wp-content\/uploads\/doctornearyou-self-test-150x150.jpg 150w, https:\/\/doctornearyou.eu\/wp-content\/uploads\/doctornearyou-self-test-768x768.jpg 768w, https:\/\/doctornearyou.eu\/wp-content\/uploads\/doctornearyou-self-test-1536x1536.jpg 1536w, https:\/\/doctornearyou.eu\/wp-content\/uploads\/doctornearyou-self-test-600x600.jpg 600w, https:\/\/doctornearyou.eu\/wp-content\/uploads\/doctornearyou-self-test-100x100.jpg 100w, https:\/\/doctornearyou.eu\/wp-content\/uploads\/doctornearyou-self-test.jpg 1920w\" sizes=\"auto, (max-width: 512px) 100vw, 512px\" \/><\/figure>\n\n\n\n<div style=\"height:30px\" aria-hidden=\"true\" class=\"wp-block-spacer\"><\/div>\n\n\n\n<p>Reinigen Sie Ihre Nase und machen Sie sich bereit f\u00fcr den Selbsttest vor der Kamera Ihres Telefons oder Computers. \u00d6ffnen Sie die Tasche und legen Sie vor sich hin:<\/p>\n\n\n\n<ul class=\"theme-list-styling wp-block-list\"><li>das Wattest\u00e4bchen<\/li><li>das Rohr mit der Fl\u00fcssigkeit<\/li><li>der Fall<\/li><li>der Personalausweis oder Reisepass<\/li><\/ul>\n\n\n\n<div style=\"height:30px\" aria-hidden=\"true\" class=\"wp-block-spacer\"><\/div>\n\n\n\n<p><strong>Melden Sie sich mit dem Zoom-Link an, den Sie in Ihrer E-Mail erhalten haben. <\/strong>Vor der Kamera und unter Anleitung unseres medizinischen Personals:<\/p>\n\n\n\n<div style=\"height:30px\" aria-hidden=\"true\" class=\"wp-block-spacer\"><\/div>\n\n\n\n<ul class=\"theme-list-styling wp-block-list\"><li>F\u00fchren Sie den Tupfer etwa 2-3 cm in die Nase ein und drehen Sie ihn 5-6 Mal. Wiederholen Sie den Vorgang im anderen Nasenloch.<\/li><li>\u00d6ffnen Sie das R\u00f6hrchen mit der Fl\u00fcssigkeit und f\u00fchren Sie den Tupfer ein.<\/li><li>Drehen Sie den Tupfer 15 Sekunden lang. Dann werfen Sie den Tupfer in den speziellen Abfallbeutel.<\/li><li>\u00d6ffnen Sie den Ordner mit dem Testfall.<\/li><li>\u00d6ffnen Sie die Flasche mit der Fl\u00fcssigkeit und gie\u00dfen Sie 4 Tropfen in das erste Loch des Bodens.<\/li><li>Werfen Sie die Flasche in den speziellen Abfallbeutel.<\/li><\/ul>\n\n\n\n<div style=\"height:30px\" aria-hidden=\"true\" class=\"wp-block-spacer\"><\/div>\n\n\n\n<hr class=\"wp-block-separator\"\/>\n\n\n\n<div style=\"height:30px\" aria-hidden=\"true\" class=\"wp-block-spacer\"><\/div>\n\n\n\n<h3 class=\"h3--blue wp-block-heading\">&nbsp;So lesen Sie die Ergebnisse<\/h3>\n\n\n\n<div style=\"height:30px\" aria-hidden=\"true\" class=\"wp-block-spacer\"><\/div>\n\n\n\n<p>Nach dem Test muss <strong>neben C eine Linie erscheinen<\/strong>. Dies bedeutet, dass der Vorgang korrekt durchgef\u00fchrt wurde und der Test <strong>negativ <\/strong>ist.<\/p>\n\n\n\n<figure class=\"wp-block-image size-large is-resized\"><img loading=\"lazy\" decoding=\"async\" src=\"doctornearyou.euwp-content\/uploads\/\/doctornearyou-self-test-negative-1024x1024.jpg\" alt=\"\" class=\"wp-image-6334\" width=\"512\" height=\"512\" srcset=\"https:\/\/doctornearyou.eu\/wp-content\/uploads\/doctornearyou-self-test-negative-1024x1024.jpg 1024w, https:\/\/doctornearyou.eu\/wp-content\/uploads\/doctornearyou-self-test-negative-300x300.jpg 300w, https:\/\/doctornearyou.eu\/wp-content\/uploads\/doctornearyou-self-test-negative-150x150.jpg 150w, https:\/\/doctornearyou.eu\/wp-content\/uploads\/doctornearyou-self-test-negative-768x768.jpg 768w, https:\/\/doctornearyou.eu\/wp-content\/uploads\/doctornearyou-self-test-negative-1536x1536.jpg 1536w, https:\/\/doctornearyou.eu\/wp-content\/uploads\/doctornearyou-self-test-negative-600x600.jpg 600w, https:\/\/doctornearyou.eu\/wp-content\/uploads\/doctornearyou-self-test-negative-100x100.jpg 100w, https:\/\/doctornearyou.eu\/wp-content\/uploads\/doctornearyou-self-test-negative.jpg 1920w\" sizes=\"auto, (max-width: 512px) 100vw, 512px\" \/><\/figure>\n\n\n\n<p><br><br><\/p>\n\n\n\n<p>Wenn <strong>neben T eine Linie erscheint<\/strong>, bedeutet dies, dass Sie <strong>positiv <\/strong>sind.&nbsp;<\/p>\n\n\n\n<p>Wenn der Eingriff korrekt durchgef\u00fchrt wurde und das Ergebnis negativ ist, erhalten Sie in Ihrer E-Mail das entsprechende Zertifikat von unserem medizinischen Zentrum.&nbsp;<\/p>\n\n\n\n<p>Andernfalls f\u00fchrt Sie unser medizinisches Personal zu den n\u00e4chsten Schritten, die Sie befolgen m\u00fcssen.<\/p>\n\n\n\n<p><\/p>\n\n\n<div class=\"latepoint-book-button-wrapper wp-block-button\"><a href=\"#\" class=\"latepoint-book-button os_trigger_booking wp-block-button__link\" style=\"background-color: #d44f6a; color: #ffffff; border-radius: 5px; margin: 20px 0px; padding: 1.2em 2em\" data-selected-location=\"946\" data-selected-agent=\"40\" data-selected-service=\"13\" >Online-Termin buchen<\/a><\/div>\n","protected":false},"excerpt":{"rendered":"<p>Online COVID Test Buchen Sie einen Online-Termin bei DoctorNearYou.gr und machen Sie einen Schnelltest in Ihrem Hotelzimmer! Mit der Buchung Ihres Online-Termins erhalten Sie eine E-Mail mit einem Zoom-Link, den Sie zu dem von Ihnen gew\u00e4hlten Zeitpunkt \u00f6ffnen k\u00f6nnen. Ein Gesundheitsberater steht Ihnen zur Verf\u00fcgung, um Sie durch den Prozess zu f\u00fchren und sicherzustellen, dass &hellip; <a href=\"https:\/\/doctornearyou.eu\/de\/online-covid-test\/\">Continued<\/a><\/p>\n","protected":false},"author":9,"featured_media":6352,"parent":0,"menu_order":0,"comment_status":"closed","ping_status":"closed","template":"views\/template-custom-header-img.blade.php","meta":{"footnotes":""},"categories":[],"class_list":["post-6361","page","type-page","status-publish","has-post-thumbnail","hentry"],"featured_image_src":"https:\/\/doctornearyou.eu\/wp-content\/uploads\/covid-video-call.jpg","yoast_head":"<!-- This site is optimized with the Yoast SEO plugin v27.1.1 - https:\/\/yoast.com\/product\/yoast-seo-wordpress\/ -->\n<title>Online COVID Test | DoctorNearYou.eu<\/title>\n<meta name=\"robots\" content=\"noindex, follow\" \/>\n<meta property=\"og:locale\" content=\"de_DE\" \/>\n<meta property=\"og:type\" content=\"article\" \/>\n<meta property=\"og:title\" content=\"Online COVID Test | DoctorNearYou.eu\" \/>\n<meta property=\"og:description\" content=\"Online COVID Test Buchen Sie einen Online-Termin bei DoctorNearYou.gr und machen Sie einen Schnelltest in Ihrem Hotelzimmer! Mit der Buchung Ihres Online-Termins erhalten Sie eine E-Mail mit einem Zoom-Link, den Sie zu dem von Ihnen gew\u00e4hlten Zeitpunkt \u00f6ffnen k\u00f6nnen. Ein Gesundheitsberater steht Ihnen zur Verf\u00fcgung, um Sie durch den Prozess zu f\u00fchren und sicherzustellen, dass &hellip; Continued\" \/>\n<meta property=\"og:url\" content=\"https:\/\/doctornearyou.eu\/?page_id=6313\" \/>\n<meta property=\"og:site_name\" content=\"DoctorNearYou.eu\" \/>\n<meta property=\"article:modified_time\" content=\"2021-07-21T10:48:39+00:00\" \/>\n<meta property=\"og:image\" content=\"https:\/\/doctornearyou.eu\/wp-content\/uploads\/covid-video-call.jpg\" \/>\n\t<meta property=\"og:image:width\" content=\"1920\" \/>\n\t<meta property=\"og:image:height\" content=\"650\" \/>\n\t<meta property=\"og:image:type\" content=\"image\/jpeg\" \/>\n<meta name=\"twitter:card\" content=\"summary_large_image\" \/>\n<meta name=\"twitter:label1\" content=\"Gesch\u00e4tzte Lesezeit\" \/>\n\t<meta name=\"twitter:data1\" content=\"3\u00a0Minuten\" \/>\n<script type=\"application\/ld+json\" class=\"yoast-schema-graph\">{\"@context\":\"https:\/\/schema.org\",\"@graph\":[{\"@type\":\"WebPage\",\"@id\":\"https:\/\/doctornearyou.eu\/?page_id=6313\",\"url\":\"https:\/\/doctornearyou.eu\/?page_id=6313\",\"name\":\"Online COVID Test | DoctorNearYou.eu\",\"isPartOf\":{\"@id\":\"https:\/\/doctornearyou.eu\/#website\"},\"primaryImageOfPage\":{\"@id\":\"https:\/\/doctornearyou.eu\/?page_id=6313#primaryimage\"},\"image\":{\"@id\":\"https:\/\/doctornearyou.eu\/?page_id=6313#primaryimage\"},\"thumbnailUrl\":\"https:\/\/doctornearyou.eu\/wp-content\/uploads\/covid-video-call.jpg\",\"datePublished\":\"2021-06-24T07:55:15+00:00\",\"dateModified\":\"2021-07-21T10:48:39+00:00\",\"breadcrumb\":{\"@id\":\"https:\/\/doctornearyou.eu\/?page_id=6313#breadcrumb\"},\"inLanguage\":\"de\",\"potentialAction\":[{\"@type\":\"ReadAction\",\"target\":[\"https:\/\/doctornearyou.eu\/?page_id=6313\"]}]},{\"@type\":\"ImageObject\",\"inLanguage\":\"de\",\"@id\":\"https:\/\/doctornearyou.eu\/?page_id=6313#primaryimage\",\"url\":\"https:\/\/doctornearyou.eu\/wp-content\/uploads\/covid-video-call.jpg\",\"contentUrl\":\"https:\/\/doctornearyou.eu\/wp-content\/uploads\/covid-video-call.jpg\",\"width\":1920,\"height\":650},{\"@type\":\"BreadcrumbList\",\"@id\":\"https:\/\/doctornearyou.eu\/?page_id=6313#breadcrumb\",\"itemListElement\":[{\"@type\":\"ListItem\",\"position\":1,\"name\":\"Startseite\",\"item\":\"https:\/\/doctornearyou.eu\/de\/\"},{\"@type\":\"ListItem\",\"position\":2,\"name\":\"Online COVID Test\"}]},{\"@type\":\"WebSite\",\"@id\":\"https:\/\/doctornearyou.eu\/#website\",\"url\":\"https:\/\/doctornearyou.eu\/\",\"name\":\"DoctorNearYou.eu\",\"description\":\"Advanced Medical Services\",\"publisher\":{\"@id\":\"https:\/\/doctornearyou.eu\/#organization\"},\"potentialAction\":[{\"@type\":\"SearchAction\",\"target\":{\"@type\":\"EntryPoint\",\"urlTemplate\":\"https:\/\/doctornearyou.eu\/?s={search_term_string}\"},\"query-input\":{\"@type\":\"PropertyValueSpecification\",\"valueRequired\":true,\"valueName\":\"search_term_string\"}}],\"inLanguage\":\"de\"},{\"@type\":\"Organization\",\"@id\":\"https:\/\/doctornearyou.eu\/#organization\",\"name\":\"Doctor Near You\",\"url\":\"https:\/\/doctornearyou.eu\/\",\"logo\":{\"@type\":\"ImageObject\",\"inLanguage\":\"de\",\"@id\":\"https:\/\/doctornearyou.eu\/#\/schema\/logo\/image\/\",\"url\":\"https:\/\/doctornearyou.eu\/wp-content\/uploads\/logo_DNY.jpg\",\"contentUrl\":\"https:\/\/doctornearyou.eu\/wp-content\/uploads\/logo_DNY.jpg\",\"width\":213,\"height\":80,\"caption\":\"Doctor Near You\"},\"image\":{\"@id\":\"https:\/\/doctornearyou.eu\/#\/schema\/logo\/image\/\"}}]}<\/script>\n<!-- \/ Yoast SEO plugin. -->","yoast_head_json":{"title":"Online COVID Test | DoctorNearYou.eu","robots":{"index":"noindex","follow":"follow"},"og_locale":"de_DE","og_type":"article","og_title":"Online COVID Test | DoctorNearYou.eu","og_description":"Online COVID Test Buchen Sie einen Online-Termin bei DoctorNearYou.gr und machen Sie einen Schnelltest in Ihrem Hotelzimmer! Mit der Buchung Ihres Online-Termins erhalten Sie eine E-Mail mit einem Zoom-Link, den Sie zu dem von Ihnen gew\u00e4hlten Zeitpunkt \u00f6ffnen k\u00f6nnen. Ein Gesundheitsberater steht Ihnen zur Verf\u00fcgung, um Sie durch den Prozess zu f\u00fchren und sicherzustellen, dass &hellip; Continued","og_url":"https:\/\/doctornearyou.eu\/?page_id=6313","og_site_name":"DoctorNearYou.eu","article_modified_time":"2021-07-21T10:48:39+00:00","og_image":[{"width":1920,"height":650,"url":"https:\/\/doctornearyou.eu\/wp-content\/uploads\/covid-video-call.jpg","type":"image\/jpeg"}],"twitter_card":"summary_large_image","twitter_misc":{"Gesch\u00e4tzte Lesezeit":"3\u00a0Minuten"},"schema":{"@context":"https:\/\/schema.org","@graph":[{"@type":"WebPage","@id":"https:\/\/doctornearyou.eu\/?page_id=6313","url":"https:\/\/doctornearyou.eu\/?page_id=6313","name":"Online COVID Test | DoctorNearYou.eu","isPartOf":{"@id":"https:\/\/doctornearyou.eu\/#website"},"primaryImageOfPage":{"@id":"https:\/\/doctornearyou.eu\/?page_id=6313#primaryimage"},"image":{"@id":"https:\/\/doctornearyou.eu\/?page_id=6313#primaryimage"},"thumbnailUrl":"https:\/\/doctornearyou.eu\/wp-content\/uploads\/covid-video-call.jpg","datePublished":"2021-06-24T07:55:15+00:00","dateModified":"2021-07-21T10:48:39+00:00","breadcrumb":{"@id":"https:\/\/doctornearyou.eu\/?page_id=6313#breadcrumb"},"inLanguage":"de","potentialAction":[{"@type":"ReadAction","target":["https:\/\/doctornearyou.eu\/?page_id=6313"]}]},{"@type":"ImageObject","inLanguage":"de","@id":"https:\/\/doctornearyou.eu\/?page_id=6313#primaryimage","url":"https:\/\/doctornearyou.eu\/wp-content\/uploads\/covid-video-call.jpg","contentUrl":"https:\/\/doctornearyou.eu\/wp-content\/uploads\/covid-video-call.jpg","width":1920,"height":650},{"@type":"BreadcrumbList","@id":"https:\/\/doctornearyou.eu\/?page_id=6313#breadcrumb","itemListElement":[{"@type":"ListItem","position":1,"name":"Startseite","item":"https:\/\/doctornearyou.eu\/de\/"},{"@type":"ListItem","position":2,"name":"Online COVID Test"}]},{"@type":"WebSite","@id":"https:\/\/doctornearyou.eu\/#website","url":"https:\/\/doctornearyou.eu\/","name":"DoctorNearYou.eu","description":"Advanced Medical Services","publisher":{"@id":"https:\/\/doctornearyou.eu\/#organization"},"potentialAction":[{"@type":"SearchAction","target":{"@type":"EntryPoint","urlTemplate":"https:\/\/doctornearyou.eu\/?s={search_term_string}"},"query-input":{"@type":"PropertyValueSpecification","valueRequired":true,"valueName":"search_term_string"}}],"inLanguage":"de"},{"@type":"Organization","@id":"https:\/\/doctornearyou.eu\/#organization","name":"Doctor Near You","url":"https:\/\/doctornearyou.eu\/","logo":{"@type":"ImageObject","inLanguage":"de","@id":"https:\/\/doctornearyou.eu\/#\/schema\/logo\/image\/","url":"https:\/\/doctornearyou.eu\/wp-content\/uploads\/logo_DNY.jpg","contentUrl":"https:\/\/doctornearyou.eu\/wp-content\/uploads\/logo_DNY.jpg","width":213,"height":80,"caption":"Doctor Near You"},"image":{"@id":"https:\/\/doctornearyou.eu\/#\/schema\/logo\/image\/"}}]}},"_links":{"self":[{"href":"https:\/\/doctornearyou.eu\/de\/wp-json\/wp\/v2\/pages\/6361","targetHints":{"allow":["GET"]}}],"collection":[{"href":"https:\/\/doctornearyou.eu\/de\/wp-json\/wp\/v2\/pages"}],"about":[{"href":"https:\/\/doctornearyou.eu\/de\/wp-json\/wp\/v2\/types\/page"}],"author":[{"embeddable":true,"href":"https:\/\/doctornearyou.eu\/de\/wp-json\/wp\/v2\/users\/9"}],"replies":[{"embeddable":true,"href":"https:\/\/doctornearyou.eu\/de\/wp-json\/wp\/v2\/comments?post=6361"}],"version-history":[{"count":9,"href":"https:\/\/doctornearyou.eu\/de\/wp-json\/wp\/v2\/pages\/6361\/revisions"}],"predecessor-version":[{"id":7325,"href":"https:\/\/doctornearyou.eu\/de\/wp-json\/wp\/v2\/pages\/6361\/revisions\/7325"}],"wp:featuredmedia":[{"embeddable":true,"href":"https:\/\/doctornearyou.eu\/de\/wp-json\/wp\/v2\/media\/6352"}],"wp:attachment":[{"href":"https:\/\/doctornearyou.eu\/de\/wp-json\/wp\/v2\/media?parent=6361"}],"wp:term":[{"taxonomy":"category","embeddable":true,"href":"https:\/\/doctornearyou.eu\/de\/wp-json\/wp\/v2\/categories?post=6361"}],"curies":[{"name":"wp","href":"https:\/\/api.w.org\/{rel}","templated":true}]}}