{"id":4030,"date":"2021-04-02T12:06:28","date_gmt":"2021-04-02T12:06:28","guid":{"rendered":"http:\/\/185.194.217.13\/?page_id=4030"},"modified":"2021-04-02T12:09:29","modified_gmt":"2021-04-02T12:09:29","slug":"renal-rehabilitation","status":"publish","type":"page","link":"https:\/\/doctornearyou.eu\/fr\/renal-rehabilitation\/","title":{"rendered":"R\u00e9\u00e9ducation r\u00e9nale"},"content":{"rendered":"\n<p><strong> FREE accommodation to kidney disease \u2013 Hemodialysis Patients, from Sweden, France, Netherlands and Belgium, in Apollonia Hotel Resort &amp; Spa (please note that the accommodation rate refer to your companion)<\/strong><\/p>\n\n\n\n<p>\nMESOGEIOS\nDialysis Centers<br>TIME TO RELAX<br>FIRST CLASS HOLIDAY DIALYSIS IN\nGREECE<br>The MESOGEIOS Dialysis Centers Group was founded for the\nsole purpose<br>of fully covering the needs of dialysis patients\naccording to the highest standards.<br>Our vision is to create a\nmodel hospitalization unit that will improve the patients\u2019 quality\nof life.We offer dialysis patients safety and quality in dialysis\ntreatments in a highly sophisticated environment, close to their\npermanent place of residence, but also close to vacation spots where\npatientshave the opportunity to enjoy their holidays.<\/p>\n\n\n\n<p><strong> The unit in Crete:<\/strong><\/p>\n\n\n\n<p>\nThis\nunit in Crete is located at a distance of 10 kilometers from\nAmmoudara \u2013one of the most beautiful tourist resorts in the\nprefecture of Heraklion-, at a close distance from the archaeological\nsite of Knossos, and only 5 kilometers from the Heraklion University\nHospital.<\/p>\n\n\n\n<p><strong> Facilities<\/strong><\/p>\n\n\n\n<p>\nAn\nelegant building of 1,700 square meters was erected in a privately\nowned area of 8,000 square meters, among a lush garden that also\nincludes a pool. The well-equipped medical facility provides patients\nwith high quality healthcare services, in a pleasant environment of\nhigh aesthetics.<\/p>\n\n\n\n<p><strong> Unit Capacity<\/strong><\/p>\n\n\n\n<p>\nThis\nunit has a capacity of 160 patients and 40 Fresenius Medical Care\n5008S online HDF machines, while it also annually accommodates the\nneeds of at least 700 visitors (Greek and foreign).<\/p>\n\n\n\n<p><strong> Safety &amp; Quality<\/strong><\/p>\n\n\n\n<ul class=\"wp-block-list\"><li>Constant presence of Nephrologists during dialysis sessions<\/li><li>Designated areas for treating patients with Hepatitis B &amp; C<\/li><li>High and low flux polysulfone and helixonehemodialysers by Fresenius Medical Care<\/li><li>HIV negative unit<\/li><\/ul>\n\n\n\n<div style=\"height:20px\" aria-hidden=\"true\" class=\"wp-block-spacer\"><\/div>\n\n\n\n<p><strong> Services<\/strong><\/p>\n\n\n\n<ul class=\"wp-block-list\"><li>FREE accommodation to kidney disease \u2013 Hemodialysis Patients, from Sweden, France, Netherlands and Belgium<\/li><li>Two dialysis rooms of 1,200 square meters<\/li><li>Continuous monitoring by a cardiologist and immediate treatment of vascular access problems by affiliated vascular surgeons<\/li><li>High-educated, multilingual administrative, medical and nursing personnel<\/li><li>24 hour medical support <\/li><li>Private ambulance \u2022 Luxury facilities for guests and their accompanying persons<\/li><li>Special privileges for our returning dialysis guests <\/li><li>Tourist information office for foreign patients<\/li><li>Contracts with all the insurance institutions\/companies<\/li><li>Free transfer during dialysis ( from the tourist areas of Heraklion prefecture)<\/li><li>The unit is open from Monday to Saturday and provides dialysis in three shifts (07:00, 12:00 and 17:00)<\/li><\/ul>\n","protected":false},"excerpt":{"rendered":"<p>FREE accommodation to kidney disease \u2013 Hemodialysis Patients, from Sweden, France, Netherlands and Belgium, in Apollonia Hotel Resort &amp; Spa (please note that the accommodation rate refer to your companion) MESOGEIOS Dialysis CentersTIME TO RELAXFIRST CLASS HOLIDAY DIALYSIS IN GREECEThe MESOGEIOS Dialysis Centers Group was founded for the sole purposeof fully covering the needs of &hellip; <a href=\"https:\/\/doctornearyou.eu\/fr\/renal-rehabilitation\/\">Continued<\/a><\/p>\n","protected":false},"author":24,"featured_media":0,"parent":0,"menu_order":0,"comment_status":"closed","ping_status":"closed","template":"views\/template-custom-with-modal.blade.php","meta":{"footnotes":""},"categories":[],"class_list":["post-4030","page","type-page","status-publish","hentry"],"featured_image_src":null,"yoast_head":"<!-- This site is optimized with the Yoast SEO plugin v27.1.1 - https:\/\/yoast.com\/product\/yoast-seo-wordpress\/ -->\n<title>R\u00e9\u00e9ducation r\u00e9nale | DoctorNearYou.eu<\/title>\n<meta name=\"robots\" content=\"noindex, follow\" \/>\n<meta property=\"og:locale\" content=\"fr_FR\" \/>\n<meta property=\"og:type\" content=\"article\" \/>\n<meta property=\"og:title\" content=\"R\u00e9\u00e9ducation r\u00e9nale | DoctorNearYou.eu\" \/>\n<meta property=\"og:description\" content=\"FREE accommodation to kidney disease \u2013 Hemodialysis Patients, from Sweden, France, Netherlands and Belgium, in Apollonia Hotel Resort &amp; Spa (please note that the accommodation rate refer to your companion) MESOGEIOS Dialysis CentersTIME TO RELAXFIRST CLASS HOLIDAY DIALYSIS IN GREECEThe MESOGEIOS Dialysis Centers Group was founded for the sole purposeof fully covering the needs of &hellip; Continued\" \/>\n<meta property=\"og:url\" content=\"https:\/\/doctornearyou.eu\/fr\/renal-rehabilitation\/\" \/>\n<meta property=\"og:site_name\" content=\"DoctorNearYou.eu\" \/>\n<meta property=\"article:modified_time\" content=\"2021-04-02T12:09:29+00:00\" \/>\n<meta property=\"og:image\" content=\"https:\/\/doctornearyou.eu\/wp-content\/uploads\/doctornearyou-social-new.jpg\" \/>\n\t<meta property=\"og:image:width\" content=\"1200\" \/>\n\t<meta property=\"og:image:height\" content=\"630\" \/>\n\t<meta property=\"og:image:type\" content=\"image\/jpeg\" \/>\n<meta name=\"twitter:card\" content=\"summary_large_image\" \/>\n<meta name=\"twitter:label1\" content=\"Dur\u00e9e de lecture estim\u00e9e\" \/>\n\t<meta name=\"twitter:data1\" content=\"2 minutes\" \/>\n<script type=\"application\/ld+json\" class=\"yoast-schema-graph\">{\"@context\":\"https:\/\/schema.org\",\"@graph\":[{\"@type\":\"WebPage\",\"@id\":\"https:\/\/doctornearyou.eu\/fr\/renal-rehabilitation\/\",\"url\":\"https:\/\/doctornearyou.eu\/fr\/renal-rehabilitation\/\",\"name\":\"R\u00e9\u00e9ducation r\u00e9nale | DoctorNearYou.eu\",\"isPartOf\":{\"@id\":\"https:\/\/doctornearyou.eu\/#website\"},\"datePublished\":\"2021-04-02T12:06:28+00:00\",\"dateModified\":\"2021-04-02T12:09:29+00:00\",\"breadcrumb\":{\"@id\":\"https:\/\/doctornearyou.eu\/fr\/renal-rehabilitation\/#breadcrumb\"},\"inLanguage\":\"fr-FR\",\"potentialAction\":[{\"@type\":\"ReadAction\",\"target\":[\"https:\/\/doctornearyou.eu\/fr\/renal-rehabilitation\/\"]}]},{\"@type\":\"BreadcrumbList\",\"@id\":\"https:\/\/doctornearyou.eu\/fr\/renal-rehabilitation\/#breadcrumb\",\"itemListElement\":[{\"@type\":\"ListItem\",\"position\":1,\"name\":\"Home\",\"item\":\"https:\/\/doctornearyou.eu\/fr\/\"},{\"@type\":\"ListItem\",\"position\":2,\"name\":\"R\u00e9\u00e9ducation r\u00e9nale\"}]},{\"@type\":\"WebSite\",\"@id\":\"https:\/\/doctornearyou.eu\/#website\",\"url\":\"https:\/\/doctornearyou.eu\/\",\"name\":\"DoctorNearYou.eu\",\"description\":\"Advanced Medical Services\",\"publisher\":{\"@id\":\"https:\/\/doctornearyou.eu\/#organization\"},\"potentialAction\":[{\"@type\":\"SearchAction\",\"target\":{\"@type\":\"EntryPoint\",\"urlTemplate\":\"https:\/\/doctornearyou.eu\/?s={search_term_string}\"},\"query-input\":{\"@type\":\"PropertyValueSpecification\",\"valueRequired\":true,\"valueName\":\"search_term_string\"}}],\"inLanguage\":\"fr-FR\"},{\"@type\":\"Organization\",\"@id\":\"https:\/\/doctornearyou.eu\/#organization\",\"name\":\"Doctor Near You\",\"url\":\"https:\/\/doctornearyou.eu\/\",\"logo\":{\"@type\":\"ImageObject\",\"inLanguage\":\"fr-FR\",\"@id\":\"https:\/\/doctornearyou.eu\/#\/schema\/logo\/image\/\",\"url\":\"https:\/\/doctornearyou.eu\/wp-content\/uploads\/logo_DNY.jpg\",\"contentUrl\":\"https:\/\/doctornearyou.eu\/wp-content\/uploads\/logo_DNY.jpg\",\"width\":213,\"height\":80,\"caption\":\"Doctor Near You\"},\"image\":{\"@id\":\"https:\/\/doctornearyou.eu\/#\/schema\/logo\/image\/\"}}]}<\/script>\n<!-- \/ Yoast SEO plugin. -->","yoast_head_json":{"title":"R\u00e9\u00e9ducation r\u00e9nale | DoctorNearYou.eu","robots":{"index":"noindex","follow":"follow"},"og_locale":"fr_FR","og_type":"article","og_title":"R\u00e9\u00e9ducation r\u00e9nale | DoctorNearYou.eu","og_description":"FREE accommodation to kidney disease \u2013 Hemodialysis Patients, from Sweden, France, Netherlands and Belgium, in Apollonia Hotel Resort &amp; Spa (please note that the accommodation rate refer to your companion) MESOGEIOS Dialysis CentersTIME TO RELAXFIRST CLASS HOLIDAY DIALYSIS IN GREECEThe MESOGEIOS Dialysis Centers Group was founded for the sole purposeof fully covering the needs of &hellip; Continued","og_url":"https:\/\/doctornearyou.eu\/fr\/renal-rehabilitation\/","og_site_name":"DoctorNearYou.eu","article_modified_time":"2021-04-02T12:09:29+00:00","og_image":[{"width":1200,"height":630,"url":"https:\/\/doctornearyou.eu\/wp-content\/uploads\/doctornearyou-social-new.jpg","type":"image\/jpeg"}],"twitter_card":"summary_large_image","twitter_misc":{"Dur\u00e9e de lecture estim\u00e9e":"2 minutes"},"schema":{"@context":"https:\/\/schema.org","@graph":[{"@type":"WebPage","@id":"https:\/\/doctornearyou.eu\/fr\/renal-rehabilitation\/","url":"https:\/\/doctornearyou.eu\/fr\/renal-rehabilitation\/","name":"R\u00e9\u00e9ducation r\u00e9nale | DoctorNearYou.eu","isPartOf":{"@id":"https:\/\/doctornearyou.eu\/#website"},"datePublished":"2021-04-02T12:06:28+00:00","dateModified":"2021-04-02T12:09:29+00:00","breadcrumb":{"@id":"https:\/\/doctornearyou.eu\/fr\/renal-rehabilitation\/#breadcrumb"},"inLanguage":"fr-FR","potentialAction":[{"@type":"ReadAction","target":["https:\/\/doctornearyou.eu\/fr\/renal-rehabilitation\/"]}]},{"@type":"BreadcrumbList","@id":"https:\/\/doctornearyou.eu\/fr\/renal-rehabilitation\/#breadcrumb","itemListElement":[{"@type":"ListItem","position":1,"name":"Home","item":"https:\/\/doctornearyou.eu\/fr\/"},{"@type":"ListItem","position":2,"name":"R\u00e9\u00e9ducation r\u00e9nale"}]},{"@type":"WebSite","@id":"https:\/\/doctornearyou.eu\/#website","url":"https:\/\/doctornearyou.eu\/","name":"DoctorNearYou.eu","description":"Advanced Medical Services","publisher":{"@id":"https:\/\/doctornearyou.eu\/#organization"},"potentialAction":[{"@type":"SearchAction","target":{"@type":"EntryPoint","urlTemplate":"https:\/\/doctornearyou.eu\/?s={search_term_string}"},"query-input":{"@type":"PropertyValueSpecification","valueRequired":true,"valueName":"search_term_string"}}],"inLanguage":"fr-FR"},{"@type":"Organization","@id":"https:\/\/doctornearyou.eu\/#organization","name":"Doctor Near You","url":"https:\/\/doctornearyou.eu\/","logo":{"@type":"ImageObject","inLanguage":"fr-FR","@id":"https:\/\/doctornearyou.eu\/#\/schema\/logo\/image\/","url":"https:\/\/doctornearyou.eu\/wp-content\/uploads\/logo_DNY.jpg","contentUrl":"https:\/\/doctornearyou.eu\/wp-content\/uploads\/logo_DNY.jpg","width":213,"height":80,"caption":"Doctor Near You"},"image":{"@id":"https:\/\/doctornearyou.eu\/#\/schema\/logo\/image\/"}}]}},"_links":{"self":[{"href":"https:\/\/doctornearyou.eu\/fr\/wp-json\/wp\/v2\/pages\/4030","targetHints":{"allow":["GET"]}}],"collection":[{"href":"https:\/\/doctornearyou.eu\/fr\/wp-json\/wp\/v2\/pages"}],"about":[{"href":"https:\/\/doctornearyou.eu\/fr\/wp-json\/wp\/v2\/types\/page"}],"author":[{"embeddable":true,"href":"https:\/\/doctornearyou.eu\/fr\/wp-json\/wp\/v2\/users\/24"}],"replies":[{"embeddable":true,"href":"https:\/\/doctornearyou.eu\/fr\/wp-json\/wp\/v2\/comments?post=4030"}],"version-history":[{"count":0,"href":"https:\/\/doctornearyou.eu\/fr\/wp-json\/wp\/v2\/pages\/4030\/revisions"}],"wp:attachment":[{"href":"https:\/\/doctornearyou.eu\/fr\/wp-json\/wp\/v2\/media?parent=4030"}],"wp:term":[{"taxonomy":"category","embeddable":true,"href":"https:\/\/doctornearyou.eu\/fr\/wp-json\/wp\/v2\/categories?post=4030"}],"curies":[{"name":"wp","href":"https:\/\/api.w.org\/{rel}","templated":true}]}}