{"id":4047,"date":"2021-04-02T12:17:22","date_gmt":"2021-04-02T12:17:22","guid":{"rendered":"http:\/\/185.194.217.13\/?page_id=4047"},"modified":"2021-04-02T12:17:38","modified_gmt":"2021-04-02T12:17:38","slug":"seniors-care-hotels","status":"publish","type":"page","link":"https:\/\/doctornearyou.eu\/fr\/seniors-care-hotels\/","title":{"rendered":"H\u00f4tels pour personnes \u00e2g\u00e9es"},"content":{"rendered":"\n<p>A well-run seniors care Hotel\u2019s goals will focus on enriching participants\u2019 lives, building upon their skills and strengths, and providing lots of social interaction.<\/p>\n\n\n\n<p><strong>Our Services<\/strong><br>Social activities. Planned activities tend to be tailored to the participants\u2019 abilities and health conditions,<\/p>\n\n\n\n<p><strong>Highlights\nof Our Animation Team\u2019s program:<\/strong><\/p>\n\n\n\n<ul class=\"wp-block-list\"><li>Musical entertainment and sing-a-longs<\/li><li>Mental stimulation games such as bingo, stretching or other gentle exercise<\/li><li>Discussion groups (for books, films, or current events, for example)<\/li><li>Holiday, birthday celebrations and local outings<\/li><\/ul>\n\n\n\n<div style=\"height:20px\" aria-hidden=\"true\" class=\"wp-block-spacer\"><\/div>\n\n\n\n<p><strong>Nutrition<\/strong><\/p>\n\n\n\n<p>Our Seniors care Hotels provide seniors with nutritious meals, including those that accommodate special diets, along with snacks.<br><strong>Personal care<\/strong><br>Hotel staff can help with the activities of daily living such as grooming, toilet hygiene, walking, and feeding. (Extra charge)<br><strong>Health services<\/strong><br>We can treat all the health problems such us blood pressure monitoring, hearing checks, vision screening, to symptom management and more intensive medical or therapeutic services.<br>Our GP doctor is available daily from 10.00-12.00 (free of charge)<br>Our private clinic is available 5 days a week (offers private ambulance)<br>Two hospitals in Heraklion are available 24 hours X 7 days<\/p>\n\n\n\n<div style=\"height:20px\" aria-hidden=\"true\" class=\"wp-block-spacer\"><\/div>\n\n\n\n<p><strong>Transportation<\/strong><\/p>\n\n\n\n<p>Our Seniors care Hotels provide transportation from the Hotel to the city and back<br>Benefits for the older adult:<\/p>\n\n\n\n<ul class=\"wp-block-list\"><li>For the participant, a Senior care Hotel\u2019s benefits can be extensive<\/li><li>Safe and secure environment<\/li><li>Enjoyable and educational activities<\/li><li>Appropriate physical exercise to reduce falls<\/li><li>Mental and social stimulation during the day to improve the quality of your sleep at night<\/li><li>Participation in activities to enhance or maintain your level of independence and delaying your escalation of dependence<\/li><li>Chance to build new friendships and enjoy peer support<\/li><\/ul>\n\n\n\n<div style=\"height:20px\" aria-hidden=\"true\" class=\"wp-block-spacer\"><\/div>\n\n\n\n<p><strong>Good candidates for Seniors care Hotels are seniors who<\/strong>:<\/p>\n\n\n\n<ul class=\"wp-block-list\"><li>Can benefit from the friendship and functional assistance a day care Hotel offers<\/li><li>May be physically or cognitively challenged but do not require 24-hour supervision<\/li><li>Are mobile, with the possible assistance of a cane, walker, or wheelchair What do we offer?<\/li><li>Twin rooms with comfortable beds<\/li><li>Sea &amp; Garden views Rooms <\/li><li>Bathrooms with shower<\/li><li>Kitchenette with coffee &amp; tea display<\/li><li>Daily Housekeeping service<\/li><li>Three main meals and snacks<\/li><li>Free use of in-door pool &amp; Wet area<\/li><li>Free use of gym<\/li><li>Free self-catering laundry &amp; ironing facilities <\/li><li>Daily activities such as: social activities \u2013 gym \u2013 aqua gym<\/li><li>Doctor &amp; nurses on duty 24 hours \u2013 7 days<\/li><li>Daily Transfers to the near-by city<\/li><\/ul>\n\n\n\n<div style=\"height:20px\" aria-hidden=\"true\" class=\"wp-block-spacer\"><\/div>\n\n\n\n<p><strong>On\nextra charge<\/strong><\/p>\n\n\n\n<ul class=\"wp-block-list\"><li>Personal assistant \u2013 nurse<\/li><li>Personal trainer<\/li><li>SPA facilities &amp; services (exclusive low cost spa packages) <\/li><li>Agro-touristic interactive activities \u2013 excursion <\/li><li>Nature &amp; Culture excursions <\/li><li>Sports: Golf-Tennis-Biking-Trekking<\/li><\/ul>\n","protected":false},"excerpt":{"rendered":"<p>A well-run seniors care Hotel\u2019s goals will focus on enriching participants\u2019 lives, building upon their skills and strengths, and providing lots of social interaction. Our ServicesSocial activities. Planned activities tend to be tailored to the participants\u2019 abilities and health conditions, Highlights of Our Animation Team\u2019s program: Musical entertainment and sing-a-longs Mental stimulation games such as &hellip; <a href=\"https:\/\/doctornearyou.eu\/fr\/seniors-care-hotels\/\">Continued<\/a><\/p>\n","protected":false},"author":24,"featured_media":0,"parent":0,"menu_order":0,"comment_status":"closed","ping_status":"closed","template":"views\/template-custom-with-modal.blade.php","meta":{"footnotes":""},"categories":[],"class_list":["post-4047","page","type-page","status-publish","hentry"],"featured_image_src":null,"yoast_head":"<!-- This site is optimized with the Yoast SEO plugin v27.1.1 - https:\/\/yoast.com\/product\/yoast-seo-wordpress\/ -->\n<title>H\u00f4tels pour personnes \u00e2g\u00e9es | DoctorNearYou.eu<\/title>\n<meta name=\"robots\" content=\"noindex, follow\" \/>\n<meta property=\"og:locale\" content=\"fr_FR\" \/>\n<meta property=\"og:type\" content=\"article\" \/>\n<meta property=\"og:title\" content=\"H\u00f4tels pour personnes \u00e2g\u00e9es | DoctorNearYou.eu\" \/>\n<meta property=\"og:description\" content=\"A well-run seniors care Hotel\u2019s goals will focus on enriching participants\u2019 lives, building upon their skills and strengths, and providing lots of social interaction. Our ServicesSocial activities. Planned activities tend to be tailored to the participants\u2019 abilities and health conditions, Highlights of Our Animation Team\u2019s program: Musical entertainment and sing-a-longs Mental stimulation games such as &hellip; Continued\" \/>\n<meta property=\"og:url\" content=\"https:\/\/doctornearyou.eu\/fr\/seniors-care-hotels\/\" \/>\n<meta property=\"og:site_name\" content=\"DoctorNearYou.eu\" \/>\n<meta property=\"article:modified_time\" content=\"2021-04-02T12:17:38+00:00\" \/>\n<meta property=\"og:image\" content=\"https:\/\/doctornearyou.eu\/wp-content\/uploads\/doctornearyou-social-new.jpg\" \/>\n\t<meta property=\"og:image:width\" content=\"1200\" \/>\n\t<meta property=\"og:image:height\" content=\"630\" \/>\n\t<meta property=\"og:image:type\" content=\"image\/jpeg\" \/>\n<meta name=\"twitter:card\" content=\"summary_large_image\" \/>\n<meta name=\"twitter:label1\" content=\"Dur\u00e9e de lecture estim\u00e9e\" \/>\n\t<meta name=\"twitter:data1\" content=\"2 minutes\" \/>\n<script type=\"application\/ld+json\" class=\"yoast-schema-graph\">{\"@context\":\"https:\/\/schema.org\",\"@graph\":[{\"@type\":\"WebPage\",\"@id\":\"https:\/\/doctornearyou.eu\/fr\/seniors-care-hotels\/\",\"url\":\"https:\/\/doctornearyou.eu\/fr\/seniors-care-hotels\/\",\"name\":\"H\u00f4tels pour personnes \u00e2g\u00e9es | DoctorNearYou.eu\",\"isPartOf\":{\"@id\":\"https:\/\/doctornearyou.eu\/#website\"},\"datePublished\":\"2021-04-02T12:17:22+00:00\",\"dateModified\":\"2021-04-02T12:17:38+00:00\",\"breadcrumb\":{\"@id\":\"https:\/\/doctornearyou.eu\/fr\/seniors-care-hotels\/#breadcrumb\"},\"inLanguage\":\"fr-FR\",\"potentialAction\":[{\"@type\":\"ReadAction\",\"target\":[\"https:\/\/doctornearyou.eu\/fr\/seniors-care-hotels\/\"]}]},{\"@type\":\"BreadcrumbList\",\"@id\":\"https:\/\/doctornearyou.eu\/fr\/seniors-care-hotels\/#breadcrumb\",\"itemListElement\":[{\"@type\":\"ListItem\",\"position\":1,\"name\":\"Home\",\"item\":\"https:\/\/doctornearyou.eu\/fr\/\"},{\"@type\":\"ListItem\",\"position\":2,\"name\":\"H\u00f4tels pour personnes \u00e2g\u00e9es\"}]},{\"@type\":\"WebSite\",\"@id\":\"https:\/\/doctornearyou.eu\/#website\",\"url\":\"https:\/\/doctornearyou.eu\/\",\"name\":\"DoctorNearYou.eu\",\"description\":\"Advanced Medical Services\",\"publisher\":{\"@id\":\"https:\/\/doctornearyou.eu\/#organization\"},\"potentialAction\":[{\"@type\":\"SearchAction\",\"target\":{\"@type\":\"EntryPoint\",\"urlTemplate\":\"https:\/\/doctornearyou.eu\/?s={search_term_string}\"},\"query-input\":{\"@type\":\"PropertyValueSpecification\",\"valueRequired\":true,\"valueName\":\"search_term_string\"}}],\"inLanguage\":\"fr-FR\"},{\"@type\":\"Organization\",\"@id\":\"https:\/\/doctornearyou.eu\/#organization\",\"name\":\"Doctor Near You\",\"url\":\"https:\/\/doctornearyou.eu\/\",\"logo\":{\"@type\":\"ImageObject\",\"inLanguage\":\"fr-FR\",\"@id\":\"https:\/\/doctornearyou.eu\/#\/schema\/logo\/image\/\",\"url\":\"https:\/\/doctornearyou.eu\/wp-content\/uploads\/logo_DNY.jpg\",\"contentUrl\":\"https:\/\/doctornearyou.eu\/wp-content\/uploads\/logo_DNY.jpg\",\"width\":213,\"height\":80,\"caption\":\"Doctor Near You\"},\"image\":{\"@id\":\"https:\/\/doctornearyou.eu\/#\/schema\/logo\/image\/\"}}]}<\/script>\n<!-- \/ Yoast SEO plugin. -->","yoast_head_json":{"title":"H\u00f4tels pour personnes \u00e2g\u00e9es | DoctorNearYou.eu","robots":{"index":"noindex","follow":"follow"},"og_locale":"fr_FR","og_type":"article","og_title":"H\u00f4tels pour personnes \u00e2g\u00e9es | DoctorNearYou.eu","og_description":"A well-run seniors care Hotel\u2019s goals will focus on enriching participants\u2019 lives, building upon their skills and strengths, and providing lots of social interaction. Our ServicesSocial activities. Planned activities tend to be tailored to the participants\u2019 abilities and health conditions, Highlights of Our Animation Team\u2019s program: Musical entertainment and sing-a-longs Mental stimulation games such as &hellip; Continued","og_url":"https:\/\/doctornearyou.eu\/fr\/seniors-care-hotels\/","og_site_name":"DoctorNearYou.eu","article_modified_time":"2021-04-02T12:17:38+00:00","og_image":[{"width":1200,"height":630,"url":"https:\/\/doctornearyou.eu\/wp-content\/uploads\/doctornearyou-social-new.jpg","type":"image\/jpeg"}],"twitter_card":"summary_large_image","twitter_misc":{"Dur\u00e9e de lecture estim\u00e9e":"2 minutes"},"schema":{"@context":"https:\/\/schema.org","@graph":[{"@type":"WebPage","@id":"https:\/\/doctornearyou.eu\/fr\/seniors-care-hotels\/","url":"https:\/\/doctornearyou.eu\/fr\/seniors-care-hotels\/","name":"H\u00f4tels pour personnes \u00e2g\u00e9es | DoctorNearYou.eu","isPartOf":{"@id":"https:\/\/doctornearyou.eu\/#website"},"datePublished":"2021-04-02T12:17:22+00:00","dateModified":"2021-04-02T12:17:38+00:00","breadcrumb":{"@id":"https:\/\/doctornearyou.eu\/fr\/seniors-care-hotels\/#breadcrumb"},"inLanguage":"fr-FR","potentialAction":[{"@type":"ReadAction","target":["https:\/\/doctornearyou.eu\/fr\/seniors-care-hotels\/"]}]},{"@type":"BreadcrumbList","@id":"https:\/\/doctornearyou.eu\/fr\/seniors-care-hotels\/#breadcrumb","itemListElement":[{"@type":"ListItem","position":1,"name":"Home","item":"https:\/\/doctornearyou.eu\/fr\/"},{"@type":"ListItem","position":2,"name":"H\u00f4tels pour personnes \u00e2g\u00e9es"}]},{"@type":"WebSite","@id":"https:\/\/doctornearyou.eu\/#website","url":"https:\/\/doctornearyou.eu\/","name":"DoctorNearYou.eu","description":"Advanced Medical Services","publisher":{"@id":"https:\/\/doctornearyou.eu\/#organization"},"potentialAction":[{"@type":"SearchAction","target":{"@type":"EntryPoint","urlTemplate":"https:\/\/doctornearyou.eu\/?s={search_term_string}"},"query-input":{"@type":"PropertyValueSpecification","valueRequired":true,"valueName":"search_term_string"}}],"inLanguage":"fr-FR"},{"@type":"Organization","@id":"https:\/\/doctornearyou.eu\/#organization","name":"Doctor Near You","url":"https:\/\/doctornearyou.eu\/","logo":{"@type":"ImageObject","inLanguage":"fr-FR","@id":"https:\/\/doctornearyou.eu\/#\/schema\/logo\/image\/","url":"https:\/\/doctornearyou.eu\/wp-content\/uploads\/logo_DNY.jpg","contentUrl":"https:\/\/doctornearyou.eu\/wp-content\/uploads\/logo_DNY.jpg","width":213,"height":80,"caption":"Doctor Near You"},"image":{"@id":"https:\/\/doctornearyou.eu\/#\/schema\/logo\/image\/"}}]}},"_links":{"self":[{"href":"https:\/\/doctornearyou.eu\/fr\/wp-json\/wp\/v2\/pages\/4047","targetHints":{"allow":["GET"]}}],"collection":[{"href":"https:\/\/doctornearyou.eu\/fr\/wp-json\/wp\/v2\/pages"}],"about":[{"href":"https:\/\/doctornearyou.eu\/fr\/wp-json\/wp\/v2\/types\/page"}],"author":[{"embeddable":true,"href":"https:\/\/doctornearyou.eu\/fr\/wp-json\/wp\/v2\/users\/24"}],"replies":[{"embeddable":true,"href":"https:\/\/doctornearyou.eu\/fr\/wp-json\/wp\/v2\/comments?post=4047"}],"version-history":[{"count":0,"href":"https:\/\/doctornearyou.eu\/fr\/wp-json\/wp\/v2\/pages\/4047\/revisions"}],"wp:attachment":[{"href":"https:\/\/doctornearyou.eu\/fr\/wp-json\/wp\/v2\/media?parent=4047"}],"wp:term":[{"taxonomy":"category","embeddable":true,"href":"https:\/\/doctornearyou.eu\/fr\/wp-json\/wp\/v2\/categories?post=4047"}],"curies":[{"name":"wp","href":"https:\/\/api.w.org\/{rel}","templated":true}]}}