{"id":4072,"date":"2021-04-02T12:32:29","date_gmt":"2021-04-02T12:32:29","guid":{"rendered":"http:\/\/185.194.217.13\/?page_id=4072"},"modified":"2022-02-09T16:05:51","modified_gmt":"2022-02-09T14:05:51","slug":"register","status":"publish","type":"page","link":"https:\/\/doctornearyou.eu\/fr\/register\/","title":{"rendered":"Create a doctor profile"},"content":{"rendered":"\n<h5 class=\"has-text-align-center wp-block-heading\"><strong>\u00cates-vous un m\u00e9decin ou un centre m\u00e9dical?<\/strong><\/h5>\n\n\n\n<h1 class=\"has-text-align-center h1--blue wp-block-heading\">Cr\u00e9er un profil de m\u00e9decin<\/h1>\n\n\n\n<div style=\"height:50px\" aria-hidden=\"true\" class=\"wp-block-spacer\"><\/div>\n\n\n\n<div class=\"wp-block-columns is-layout-flex wp-container-core-columns-is-layout-9d6595d7 wp-block-columns-is-layout-flex\">\n<div class=\"wp-block-column is-layout-flow wp-block-column-is-layout-flow\"><p>[agent_registration_shortcode]<\/p>\n<\/div>\n\n\n\n<div class=\"wp-block-column is-layout-flow wp-block-column-is-layout-flow\">\n<h4 class=\"group-doctors wp-block-heading\">Rejoignez notre \u00e9quipe en ligne et profitez de votre promotion DoctorNearYou<\/h4>\n\n\n\n<div style=\"height:30px\" aria-hidden=\"true\" class=\"wp-block-spacer\"><\/div>\n\n\n\n<ul class=\"theme-list-styling wp-block-list\"><li>More and more patients around the world are looking for specialists who can help them with a health problem<\/li><li>Provided easy access to a wider range of patients around the world<\/li><li>Your online presence is enhanced with live availability at appointments<\/li><\/ul>\n\n\n\n<div style=\"height:20px\" aria-hidden=\"true\" class=\"wp-block-spacer\"><\/div>\n\n\n\n<p>It is necessary for us to collect and process your personal data to which you give us access, taking all necessary measures, in accordance with the New European General Data Protection Regulation (GDPR).<\/p>\n<\/div>\n<\/div>\n\n\n\n<p><\/p>\n","protected":false},"excerpt":{"rendered":"<p>\u00cates-vous un m\u00e9decin ou un centre m\u00e9dical? Cr\u00e9er un profil de m\u00e9decin Rejoignez notre \u00e9quipe en ligne et profitez de votre promotion DoctorNearYou More and more patients around the world are looking for specialists who can help them with a health problem Provided easy access to a wider range of patients around the world Your &hellip; <a href=\"https:\/\/doctornearyou.eu\/fr\/register\/\">Continued<\/a><\/p>\n","protected":false},"author":24,"featured_media":4449,"parent":0,"menu_order":0,"comment_status":"closed","ping_status":"closed","template":"views\/template-custom-header-img.blade.php","meta":{"footnotes":""},"categories":[],"class_list":["post-4072","page","type-page","status-publish","has-post-thumbnail","hentry"],"featured_image_src":"https:\/\/doctornearyou.eu\/wp-content\/uploads\/doctor-img-1.jpg","yoast_head":"<!-- This site is optimized with the Yoast SEO plugin v27.1.1 - https:\/\/yoast.com\/product\/yoast-seo-wordpress\/ -->\n<title>Create a doctor profile | DoctorNearYou.eu<\/title>\n<meta name=\"robots\" content=\"noindex, follow\" \/>\n<meta property=\"og:locale\" content=\"fr_FR\" \/>\n<meta property=\"og:type\" content=\"article\" \/>\n<meta property=\"og:title\" content=\"Create a doctor profile | DoctorNearYou.eu\" \/>\n<meta property=\"og:description\" content=\"\u00cates-vous un m\u00e9decin ou un centre m\u00e9dical? Cr\u00e9er un profil de m\u00e9decin Rejoignez notre \u00e9quipe en ligne et profitez de votre promotion DoctorNearYou More and more patients around the world are looking for specialists who can help them with a health problem Provided easy access to a wider range of patients around the world Your &hellip; Continued\" \/>\n<meta property=\"og:url\" content=\"https:\/\/doctornearyou.eu\/register\/\" \/>\n<meta property=\"og:site_name\" content=\"DoctorNearYou.eu\" \/>\n<meta property=\"article:modified_time\" content=\"2022-02-09T14:05:51+00:00\" \/>\n<meta property=\"og:image\" content=\"https:\/\/doctornearyou.eu\/wp-content\/uploads\/doctor-img-1.jpg\" \/>\n\t<meta property=\"og:image:width\" content=\"1980\" \/>\n\t<meta property=\"og:image:height\" content=\"639\" \/>\n\t<meta property=\"og:image:type\" content=\"image\/jpeg\" \/>\n<meta name=\"twitter:card\" content=\"summary_large_image\" \/>\n<meta name=\"twitter:label1\" content=\"Dur\u00e9e de lecture estim\u00e9e\" \/>\n\t<meta name=\"twitter:data1\" content=\"1 minute\" \/>\n<script type=\"application\/ld+json\" class=\"yoast-schema-graph\">{\"@context\":\"https:\/\/schema.org\",\"@graph\":[{\"@type\":\"WebPage\",\"@id\":\"https:\/\/doctornearyou.eu\/register\/\",\"url\":\"https:\/\/doctornearyou.eu\/register\/\",\"name\":\"Create a doctor profile | DoctorNearYou.eu\",\"isPartOf\":{\"@id\":\"https:\/\/doctornearyou.eu\/#website\"},\"primaryImageOfPage\":{\"@id\":\"https:\/\/doctornearyou.eu\/register\/#primaryimage\"},\"image\":{\"@id\":\"https:\/\/doctornearyou.eu\/register\/#primaryimage\"},\"thumbnailUrl\":\"https:\/\/doctornearyou.eu\/wp-content\/uploads\/doctor-img-1.jpg\",\"datePublished\":\"2021-04-02T12:32:29+00:00\",\"dateModified\":\"2022-02-09T14:05:51+00:00\",\"breadcrumb\":{\"@id\":\"https:\/\/doctornearyou.eu\/register\/#breadcrumb\"},\"inLanguage\":\"fr-FR\",\"potentialAction\":[{\"@type\":\"ReadAction\",\"target\":[\"https:\/\/doctornearyou.eu\/register\/\"]}]},{\"@type\":\"ImageObject\",\"inLanguage\":\"fr-FR\",\"@id\":\"https:\/\/doctornearyou.eu\/register\/#primaryimage\",\"url\":\"https:\/\/doctornearyou.eu\/wp-content\/uploads\/doctor-img-1.jpg\",\"contentUrl\":\"https:\/\/doctornearyou.eu\/wp-content\/uploads\/doctor-img-1.jpg\",\"width\":1980,\"height\":639},{\"@type\":\"BreadcrumbList\",\"@id\":\"https:\/\/doctornearyou.eu\/register\/#breadcrumb\",\"itemListElement\":[{\"@type\":\"ListItem\",\"position\":1,\"name\":\"Home\",\"item\":\"https:\/\/doctornearyou.eu\/fr\/\"},{\"@type\":\"ListItem\",\"position\":2,\"name\":\"Create a doctor profile\"}]},{\"@type\":\"WebSite\",\"@id\":\"https:\/\/doctornearyou.eu\/#website\",\"url\":\"https:\/\/doctornearyou.eu\/\",\"name\":\"DoctorNearYou.eu\",\"description\":\"Advanced Medical Services\",\"publisher\":{\"@id\":\"https:\/\/doctornearyou.eu\/#organization\"},\"potentialAction\":[{\"@type\":\"SearchAction\",\"target\":{\"@type\":\"EntryPoint\",\"urlTemplate\":\"https:\/\/doctornearyou.eu\/?s={search_term_string}\"},\"query-input\":{\"@type\":\"PropertyValueSpecification\",\"valueRequired\":true,\"valueName\":\"search_term_string\"}}],\"inLanguage\":\"fr-FR\"},{\"@type\":\"Organization\",\"@id\":\"https:\/\/doctornearyou.eu\/#organization\",\"name\":\"Doctor Near You\",\"url\":\"https:\/\/doctornearyou.eu\/\",\"logo\":{\"@type\":\"ImageObject\",\"inLanguage\":\"fr-FR\",\"@id\":\"https:\/\/doctornearyou.eu\/#\/schema\/logo\/image\/\",\"url\":\"https:\/\/doctornearyou.eu\/wp-content\/uploads\/logo_DNY.jpg\",\"contentUrl\":\"https:\/\/doctornearyou.eu\/wp-content\/uploads\/logo_DNY.jpg\",\"width\":213,\"height\":80,\"caption\":\"Doctor Near You\"},\"image\":{\"@id\":\"https:\/\/doctornearyou.eu\/#\/schema\/logo\/image\/\"}}]}<\/script>\n<!-- \/ Yoast SEO plugin. -->","yoast_head_json":{"title":"Create a doctor profile | DoctorNearYou.eu","robots":{"index":"noindex","follow":"follow"},"og_locale":"fr_FR","og_type":"article","og_title":"Create a doctor profile | DoctorNearYou.eu","og_description":"\u00cates-vous un m\u00e9decin ou un centre m\u00e9dical? Cr\u00e9er un profil de m\u00e9decin Rejoignez notre \u00e9quipe en ligne et profitez de votre promotion DoctorNearYou More and more patients around the world are looking for specialists who can help them with a health problem Provided easy access to a wider range of patients around the world Your &hellip; Continued","og_url":"https:\/\/doctornearyou.eu\/register\/","og_site_name":"DoctorNearYou.eu","article_modified_time":"2022-02-09T14:05:51+00:00","og_image":[{"width":1980,"height":639,"url":"https:\/\/doctornearyou.eu\/wp-content\/uploads\/doctor-img-1.jpg","type":"image\/jpeg"}],"twitter_card":"summary_large_image","twitter_misc":{"Dur\u00e9e de lecture estim\u00e9e":"1 minute"},"schema":{"@context":"https:\/\/schema.org","@graph":[{"@type":"WebPage","@id":"https:\/\/doctornearyou.eu\/register\/","url":"https:\/\/doctornearyou.eu\/register\/","name":"Create a doctor profile | DoctorNearYou.eu","isPartOf":{"@id":"https:\/\/doctornearyou.eu\/#website"},"primaryImageOfPage":{"@id":"https:\/\/doctornearyou.eu\/register\/#primaryimage"},"image":{"@id":"https:\/\/doctornearyou.eu\/register\/#primaryimage"},"thumbnailUrl":"https:\/\/doctornearyou.eu\/wp-content\/uploads\/doctor-img-1.jpg","datePublished":"2021-04-02T12:32:29+00:00","dateModified":"2022-02-09T14:05:51+00:00","breadcrumb":{"@id":"https:\/\/doctornearyou.eu\/register\/#breadcrumb"},"inLanguage":"fr-FR","potentialAction":[{"@type":"ReadAction","target":["https:\/\/doctornearyou.eu\/register\/"]}]},{"@type":"ImageObject","inLanguage":"fr-FR","@id":"https:\/\/doctornearyou.eu\/register\/#primaryimage","url":"https:\/\/doctornearyou.eu\/wp-content\/uploads\/doctor-img-1.jpg","contentUrl":"https:\/\/doctornearyou.eu\/wp-content\/uploads\/doctor-img-1.jpg","width":1980,"height":639},{"@type":"BreadcrumbList","@id":"https:\/\/doctornearyou.eu\/register\/#breadcrumb","itemListElement":[{"@type":"ListItem","position":1,"name":"Home","item":"https:\/\/doctornearyou.eu\/fr\/"},{"@type":"ListItem","position":2,"name":"Create a doctor profile"}]},{"@type":"WebSite","@id":"https:\/\/doctornearyou.eu\/#website","url":"https:\/\/doctornearyou.eu\/","name":"DoctorNearYou.eu","description":"Advanced Medical Services","publisher":{"@id":"https:\/\/doctornearyou.eu\/#organization"},"potentialAction":[{"@type":"SearchAction","target":{"@type":"EntryPoint","urlTemplate":"https:\/\/doctornearyou.eu\/?s={search_term_string}"},"query-input":{"@type":"PropertyValueSpecification","valueRequired":true,"valueName":"search_term_string"}}],"inLanguage":"fr-FR"},{"@type":"Organization","@id":"https:\/\/doctornearyou.eu\/#organization","name":"Doctor Near You","url":"https:\/\/doctornearyou.eu\/","logo":{"@type":"ImageObject","inLanguage":"fr-FR","@id":"https:\/\/doctornearyou.eu\/#\/schema\/logo\/image\/","url":"https:\/\/doctornearyou.eu\/wp-content\/uploads\/logo_DNY.jpg","contentUrl":"https:\/\/doctornearyou.eu\/wp-content\/uploads\/logo_DNY.jpg","width":213,"height":80,"caption":"Doctor Near You"},"image":{"@id":"https:\/\/doctornearyou.eu\/#\/schema\/logo\/image\/"}}]}},"_links":{"self":[{"href":"https:\/\/doctornearyou.eu\/fr\/wp-json\/wp\/v2\/pages\/4072","targetHints":{"allow":["GET"]}}],"collection":[{"href":"https:\/\/doctornearyou.eu\/fr\/wp-json\/wp\/v2\/pages"}],"about":[{"href":"https:\/\/doctornearyou.eu\/fr\/wp-json\/wp\/v2\/types\/page"}],"author":[{"embeddable":true,"href":"https:\/\/doctornearyou.eu\/fr\/wp-json\/wp\/v2\/users\/24"}],"replies":[{"embeddable":true,"href":"https:\/\/doctornearyou.eu\/fr\/wp-json\/wp\/v2\/comments?post=4072"}],"version-history":[{"count":6,"href":"https:\/\/doctornearyou.eu\/fr\/wp-json\/wp\/v2\/pages\/4072\/revisions"}],"predecessor-version":[{"id":10767,"href":"https:\/\/doctornearyou.eu\/fr\/wp-json\/wp\/v2\/pages\/4072\/revisions\/10767"}],"wp:featuredmedia":[{"embeddable":true,"href":"https:\/\/doctornearyou.eu\/fr\/wp-json\/wp\/v2\/media\/4449"}],"wp:attachment":[{"href":"https:\/\/doctornearyou.eu\/fr\/wp-json\/wp\/v2\/media?parent=4072"}],"wp:term":[{"taxonomy":"category","embeddable":true,"href":"https:\/\/doctornearyou.eu\/fr\/wp-json\/wp\/v2\/categories?post=4072"}],"curies":[{"name":"wp","href":"https:\/\/api.w.org\/{rel}","templated":true}]}}