{"id":4105,"date":"2021-04-02T12:59:55","date_gmt":"2021-04-02T12:59:55","guid":{"rendered":"http:\/\/185.194.217.13\/?page_id=4105"},"modified":"2021-08-20T13:07:13","modified_gmt":"2021-08-20T10:07:13","slug":"hospitals-clinics-in-heraklion","status":"publish","type":"page","link":"https:\/\/doctornearyou.eu\/fr\/hospitals-clinics-in-heraklion\/","title":{"rendered":"H\u00f4pitaux et cliniques \u00e0 H\u00e9raklion"},"content":{"rendered":"\n<h2 class=\"wp-block-heading\">Supporting Locations<\/h2>\n\n\n\n<div style=\"height:20px\" aria-hidden=\"true\" class=\"wp-block-spacer\"><\/div>\n\n\n\n<ul class=\"supporting__inner wp-block-list\"><li>Heraklion<\/li><li>Gouves<\/li><li>Hersonissos<\/li><li>Agia Pelagia<\/li><li>Kokkini Hani<\/li><li>Gournes<\/li><li>Lygaria<\/li><li>Stalida<\/li><li>Analipsi<\/li><\/ul>\n\n\n\n<div style=\"height:40px\" aria-hidden=\"true\" class=\"wp-block-spacer\"><\/div>\n\n\n\n<h2 class=\"wp-block-heading\">Public Hospitals<\/h2>\n\n\n\n<div style=\"height:38px\" aria-hidden=\"true\" class=\"wp-block-spacer\"><\/div>\n\n\n\n<div class=\"wp-block-columns has-2-columns is-layout-flex wp-container-core-columns-is-layout-9d6595d7 wp-block-columns-is-layout-flex\">\n<div class=\"wp-block-column is-layout-flow wp-block-column-is-layout-flow\">\n<h3 class=\"wp-block-heading\"><strong>University General Hospital of Heraklion (PAGNI)<\/strong><\/h3>\n\n\n\n<p>Address: <a href=\"https:\/\/goo.gl\/maps\/e4SmjwUjUktx63Er7\">Voutes, 71110, Heraklion, Crete, Greece<\/a><br>Telephone: <a href=\"tel:+302813402111\">(+30) 2813 402 111<\/a> <br>Website: <a rel=\"noreferrer noopener\" aria-label=\"https:\/\/www.pagni.gr\/  (\u03b1\u03bd\u03bf\u03af\u03b3\u03b5\u03b9 \u03c3\u03b5 \u03bd\u03ad\u03b1 \u03ba\u03b1\u03c1\u03c4\u03ad\u03bb\u03b1)\" href=\"https:\/\/www.pagni.gr\/\" target=\"_blank\">www.pagni.gr<\/a><\/p>\n\n\n\n<div style=\"height:20px\" aria-hidden=\"true\" class=\"wp-block-spacer\"><\/div>\n\n\n\n<p><strong>On 24hr duty the following days for the time frame <\/strong><br><strong>July \u2013 October 2020<\/strong><\/p>\n\n\n\n<figure class=\"wp-block-table\"><table class=\"has-fixed-layout\"><tbody><tr><td>\n  July 2020\n  <\/td><td>\n  1,3,5,7,9,11,13,15,17,19,21,23,25,27,29,31\n  <\/td><\/tr><tr><td>\n  August 2020\n  <\/td><td>\n  2,4,6,8,10,12,14,16,18,20,22,24,26,28,30\n  <\/td><\/tr><tr><td>   September 2020     <\/td><td>\n  1,3,5,7,9,11,13,15,17,19,21,23,25,27,29\n  <\/td><\/tr><tr><td>\n  October 2020\n  <\/td><td>\n  1,3,5,7,9,11,13,15,17,19,21,23,25,27,29,31\n  <\/td><\/tr><\/tbody><\/table><\/figure>\n<\/div>\n\n\n\n<div class=\"wp-block-column is-layout-flow wp-block-column-is-layout-flow\">\n<h3 class=\"wp-block-heading\"><strong>Venizeleio General Hospital of Heraklion<\/strong><\/h3>\n\n\n\n<p>Address: <a href=\"https:\/\/goo.gl\/maps\/xw6ajfUVx8un2QMN6\">Avenue Knossou 44, 71409 Heraklion, Crete, Greece<\/a> <br>Telephone: <a aria-label=\"https:\/\/www.venizeleio.gr\/  (\u03b1\u03bd\u03bf\u03af\u03b3\u03b5\u03b9 \u03c3\u03b5 \u03bd\u03ad\u03b1 \u03ba\u03b1\u03c1\u03c4\u03ad\u03bb\u03b1)\" href=\"tel:+302813408000\">(+30) 2813 408 000<\/a><br>Website: <a rel=\"noreferrer noopener\" aria-label=\"https:\/\/www.venizeleio.gr\/  (\u03b1\u03bd\u03bf\u03af\u03b3\u03b5\u03b9 \u03c3\u03b5 \u03bd\u03ad\u03b1 \u03ba\u03b1\u03c1\u03c4\u03ad\u03bb\u03b1)\" href=\"https:\/\/www.venizeleio.gr\/\" target=\"_blank\">www.venizeleio.gr<\/a><\/p>\n\n\n\n<div style=\"height:20px\" aria-hidden=\"true\" class=\"wp-block-spacer\"><\/div>\n\n\n\n<p><strong>On 24hr duty the following days for the time frame<\/strong><br><strong> July \u2013 October 2020<\/strong><\/p>\n\n\n\n<figure class=\"wp-block-table\"><table class=\"has-fixed-layout\"><tbody><tr><td>\n  July 2020\n  <\/td><td>\n  2,4,6,8,10,12,14,16,18,20,22,24,26,28,30\n  <\/td><\/tr><tr><td>\n  August 2020\n  <\/td><td>\n  1,3,5,7,9,11,13,15,17,19,21,23,25,27,29,31\n  <\/td><\/tr><tr><td>\n  September 2020\n  <\/td><td>\n  2,4,6,8,10,12,14,16,18,20,22,24,26,28,30\n  <\/td><\/tr><tr><td>\n  October 2020\n  <\/td><td>\n  2,4,6,8,10,12,14,16,18,20,22,24,26,28,30\n  <\/td><\/tr><\/tbody><\/table><\/figure>\n<\/div>\n<\/div>\n\n\n\n<div style=\"height:78px\" aria-hidden=\"true\" class=\"wp-block-spacer\"><\/div>\n\n\n\n<h2 class=\"wp-block-heading\">Private Clinics<\/h2>\n\n\n\n<div style=\"height:34px\" aria-hidden=\"true\" class=\"wp-block-spacer\"><\/div>\n\n\n\n<div class=\"wp-block-columns has-2-columns is-layout-flex wp-container-core-columns-is-layout-9d6595d7 wp-block-columns-is-layout-flex\">\n<div class=\"wp-block-column is-layout-flow wp-block-column-is-layout-flow\">\n<h3 class=\"wp-block-heading\"><strong>Asklipeion Kritis <\/strong><\/h3>\n\n\n\n<p>Address: Zografou 8, Heraklion, Crete, Greece<br>Telephone: <a href=\"tel:+302810246140\">(+30) 2810 246140<\/a> <br>Website:  <a rel=\"noreferrer noopener\" aria-label=\"https:\/\/asklepieon.gr\/  (\u03b1\u03bd\u03bf\u03af\u03b3\u03b5\u03b9 \u03c3\u03b5 \u03bd\u03ad\u03b1 \u03ba\u03b1\u03c1\u03c4\u03ad\u03bb\u03b1)\" href=\"https:\/\/asklepieon.gr\/\" target=\"_blank\">asklepieon.gr<\/a><\/p>\n\n\n\n<p><strong>On duty 24 hours \/ 7 days per week <\/strong><\/p>\n\n\n\n<p><\/p>\n<\/div>\n\n\n\n<div class=\"wp-block-column is-layout-flow wp-block-column-is-layout-flow\">\n<p><br><br><\/p>\n\n\n\n<p><\/p>\n<\/div>\n<\/div>\n\n\n\n<div style=\"height:50px\" aria-hidden=\"true\" class=\"wp-block-spacer\"><\/div>\n\n\n\n<p><\/p>\n","protected":false},"excerpt":{"rendered":"<p>Supporting Locations Heraklion Gouves Hersonissos Agia Pelagia Kokkini Hani Gournes Lygaria Stalida Analipsi Public Hospitals University General Hospital of Heraklion (PAGNI) Address: Voutes, 71110, Heraklion, Crete, GreeceTelephone: (+30) 2813 402 111 Website: www.pagni.gr On 24hr duty the following days for the time frame July \u2013 October 2020 July 2020 1,3,5,7,9,11,13,15,17,19,21,23,25,27,29,31 August 2020 2,4,6,8,10,12,14,16,18,20,22,24,26,28,30 September 2020 &hellip; <a href=\"https:\/\/doctornearyou.eu\/fr\/hospitals-clinics-in-heraklion\/\">Continued<\/a><\/p>\n","protected":false},"author":24,"featured_media":0,"parent":0,"menu_order":0,"comment_status":"closed","ping_status":"closed","template":"","meta":{"footnotes":""},"categories":[],"class_list":["post-4105","page","type-page","status-publish","hentry"],"featured_image_src":null,"yoast_head":"<!-- This site is optimized with the Yoast SEO plugin v27.1.1 - https:\/\/yoast.com\/product\/yoast-seo-wordpress\/ -->\n<title>H\u00f4pitaux et cliniques \u00e0 H\u00e9raklion | DoctorNearYou.eu<\/title>\n<meta name=\"robots\" content=\"noindex, follow\" \/>\n<meta property=\"og:locale\" content=\"fr_FR\" \/>\n<meta property=\"og:type\" content=\"article\" \/>\n<meta property=\"og:title\" content=\"H\u00f4pitaux et cliniques \u00e0 H\u00e9raklion | DoctorNearYou.eu\" \/>\n<meta property=\"og:description\" content=\"Supporting Locations Heraklion Gouves Hersonissos Agia Pelagia Kokkini Hani Gournes Lygaria Stalida Analipsi Public Hospitals University General Hospital of Heraklion (PAGNI) Address: Voutes, 71110, Heraklion, Crete, GreeceTelephone: (+30) 2813 402 111 Website: www.pagni.gr On 24hr duty the following days for the time frame July \u2013 October 2020 July 2020 1,3,5,7,9,11,13,15,17,19,21,23,25,27,29,31 August 2020 2,4,6,8,10,12,14,16,18,20,22,24,26,28,30 September 2020 &hellip; Continued\" \/>\n<meta property=\"og:url\" content=\"https:\/\/doctornearyou.eu\/hospitals-clinics-heraklion\/\" \/>\n<meta property=\"og:site_name\" content=\"DoctorNearYou.eu\" \/>\n<meta property=\"article:modified_time\" content=\"2021-08-20T10:07:13+00:00\" \/>\n<meta property=\"og:image\" content=\"https:\/\/doctornearyou.eu\/wp-content\/uploads\/doctornearyou-social-new.jpg\" \/>\n\t<meta property=\"og:image:width\" content=\"1200\" \/>\n\t<meta property=\"og:image:height\" content=\"630\" \/>\n\t<meta property=\"og:image:type\" content=\"image\/jpeg\" \/>\n<meta name=\"twitter:card\" content=\"summary_large_image\" \/>\n<meta name=\"twitter:label1\" content=\"Dur\u00e9e de lecture estim\u00e9e\" \/>\n\t<meta name=\"twitter:data1\" content=\"1 minute\" \/>\n<script type=\"application\/ld+json\" class=\"yoast-schema-graph\">{\"@context\":\"https:\/\/schema.org\",\"@graph\":[{\"@type\":\"WebPage\",\"@id\":\"https:\/\/doctornearyou.eu\/hospitals-clinics-heraklion\/\",\"url\":\"https:\/\/doctornearyou.eu\/hospitals-clinics-heraklion\/\",\"name\":\"H\u00f4pitaux et cliniques \u00e0 H\u00e9raklion | DoctorNearYou.eu\",\"isPartOf\":{\"@id\":\"https:\/\/doctornearyou.eu\/#website\"},\"datePublished\":\"2021-04-02T12:59:55+00:00\",\"dateModified\":\"2021-08-20T10:07:13+00:00\",\"breadcrumb\":{\"@id\":\"https:\/\/doctornearyou.eu\/hospitals-clinics-heraklion\/#breadcrumb\"},\"inLanguage\":\"fr-FR\",\"potentialAction\":[{\"@type\":\"ReadAction\",\"target\":[\"https:\/\/doctornearyou.eu\/hospitals-clinics-heraklion\/\"]}]},{\"@type\":\"BreadcrumbList\",\"@id\":\"https:\/\/doctornearyou.eu\/hospitals-clinics-heraklion\/#breadcrumb\",\"itemListElement\":[{\"@type\":\"ListItem\",\"position\":1,\"name\":\"Home\",\"item\":\"https:\/\/doctornearyou.eu\/fr\/\"},{\"@type\":\"ListItem\",\"position\":2,\"name\":\"H\u00f4pitaux et cliniques \u00e0 H\u00e9raklion\"}]},{\"@type\":\"WebSite\",\"@id\":\"https:\/\/doctornearyou.eu\/#website\",\"url\":\"https:\/\/doctornearyou.eu\/\",\"name\":\"DoctorNearYou.eu\",\"description\":\"Advanced Medical Services\",\"publisher\":{\"@id\":\"https:\/\/doctornearyou.eu\/#organization\"},\"potentialAction\":[{\"@type\":\"SearchAction\",\"target\":{\"@type\":\"EntryPoint\",\"urlTemplate\":\"https:\/\/doctornearyou.eu\/?s={search_term_string}\"},\"query-input\":{\"@type\":\"PropertyValueSpecification\",\"valueRequired\":true,\"valueName\":\"search_term_string\"}}],\"inLanguage\":\"fr-FR\"},{\"@type\":\"Organization\",\"@id\":\"https:\/\/doctornearyou.eu\/#organization\",\"name\":\"Doctor Near You\",\"url\":\"https:\/\/doctornearyou.eu\/\",\"logo\":{\"@type\":\"ImageObject\",\"inLanguage\":\"fr-FR\",\"@id\":\"https:\/\/doctornearyou.eu\/#\/schema\/logo\/image\/\",\"url\":\"https:\/\/doctornearyou.eu\/wp-content\/uploads\/logo_DNY.jpg\",\"contentUrl\":\"https:\/\/doctornearyou.eu\/wp-content\/uploads\/logo_DNY.jpg\",\"width\":213,\"height\":80,\"caption\":\"Doctor Near You\"},\"image\":{\"@id\":\"https:\/\/doctornearyou.eu\/#\/schema\/logo\/image\/\"}}]}<\/script>\n<!-- \/ Yoast SEO plugin. -->","yoast_head_json":{"title":"H\u00f4pitaux et cliniques \u00e0 H\u00e9raklion | DoctorNearYou.eu","robots":{"index":"noindex","follow":"follow"},"og_locale":"fr_FR","og_type":"article","og_title":"H\u00f4pitaux et cliniques \u00e0 H\u00e9raklion | DoctorNearYou.eu","og_description":"Supporting Locations Heraklion Gouves Hersonissos Agia Pelagia Kokkini Hani Gournes Lygaria Stalida Analipsi Public Hospitals University General Hospital of Heraklion (PAGNI) Address: Voutes, 71110, Heraklion, Crete, GreeceTelephone: (+30) 2813 402 111 Website: www.pagni.gr On 24hr duty the following days for the time frame July \u2013 October 2020 July 2020 1,3,5,7,9,11,13,15,17,19,21,23,25,27,29,31 August 2020 2,4,6,8,10,12,14,16,18,20,22,24,26,28,30 September 2020 &hellip; Continued","og_url":"https:\/\/doctornearyou.eu\/hospitals-clinics-heraklion\/","og_site_name":"DoctorNearYou.eu","article_modified_time":"2021-08-20T10:07:13+00:00","og_image":[{"width":1200,"height":630,"url":"https:\/\/doctornearyou.eu\/wp-content\/uploads\/doctornearyou-social-new.jpg","type":"image\/jpeg"}],"twitter_card":"summary_large_image","twitter_misc":{"Dur\u00e9e de lecture estim\u00e9e":"1 minute"},"schema":{"@context":"https:\/\/schema.org","@graph":[{"@type":"WebPage","@id":"https:\/\/doctornearyou.eu\/hospitals-clinics-heraklion\/","url":"https:\/\/doctornearyou.eu\/hospitals-clinics-heraklion\/","name":"H\u00f4pitaux et cliniques \u00e0 H\u00e9raklion | DoctorNearYou.eu","isPartOf":{"@id":"https:\/\/doctornearyou.eu\/#website"},"datePublished":"2021-04-02T12:59:55+00:00","dateModified":"2021-08-20T10:07:13+00:00","breadcrumb":{"@id":"https:\/\/doctornearyou.eu\/hospitals-clinics-heraklion\/#breadcrumb"},"inLanguage":"fr-FR","potentialAction":[{"@type":"ReadAction","target":["https:\/\/doctornearyou.eu\/hospitals-clinics-heraklion\/"]}]},{"@type":"BreadcrumbList","@id":"https:\/\/doctornearyou.eu\/hospitals-clinics-heraklion\/#breadcrumb","itemListElement":[{"@type":"ListItem","position":1,"name":"Home","item":"https:\/\/doctornearyou.eu\/fr\/"},{"@type":"ListItem","position":2,"name":"H\u00f4pitaux et cliniques \u00e0 H\u00e9raklion"}]},{"@type":"WebSite","@id":"https:\/\/doctornearyou.eu\/#website","url":"https:\/\/doctornearyou.eu\/","name":"DoctorNearYou.eu","description":"Advanced Medical Services","publisher":{"@id":"https:\/\/doctornearyou.eu\/#organization"},"potentialAction":[{"@type":"SearchAction","target":{"@type":"EntryPoint","urlTemplate":"https:\/\/doctornearyou.eu\/?s={search_term_string}"},"query-input":{"@type":"PropertyValueSpecification","valueRequired":true,"valueName":"search_term_string"}}],"inLanguage":"fr-FR"},{"@type":"Organization","@id":"https:\/\/doctornearyou.eu\/#organization","name":"Doctor Near You","url":"https:\/\/doctornearyou.eu\/","logo":{"@type":"ImageObject","inLanguage":"fr-FR","@id":"https:\/\/doctornearyou.eu\/#\/schema\/logo\/image\/","url":"https:\/\/doctornearyou.eu\/wp-content\/uploads\/logo_DNY.jpg","contentUrl":"https:\/\/doctornearyou.eu\/wp-content\/uploads\/logo_DNY.jpg","width":213,"height":80,"caption":"Doctor Near You"},"image":{"@id":"https:\/\/doctornearyou.eu\/#\/schema\/logo\/image\/"}}]}},"_links":{"self":[{"href":"https:\/\/doctornearyou.eu\/fr\/wp-json\/wp\/v2\/pages\/4105","targetHints":{"allow":["GET"]}}],"collection":[{"href":"https:\/\/doctornearyou.eu\/fr\/wp-json\/wp\/v2\/pages"}],"about":[{"href":"https:\/\/doctornearyou.eu\/fr\/wp-json\/wp\/v2\/types\/page"}],"author":[{"embeddable":true,"href":"https:\/\/doctornearyou.eu\/fr\/wp-json\/wp\/v2\/users\/24"}],"replies":[{"embeddable":true,"href":"https:\/\/doctornearyou.eu\/fr\/wp-json\/wp\/v2\/comments?post=4105"}],"version-history":[{"count":1,"href":"https:\/\/doctornearyou.eu\/fr\/wp-json\/wp\/v2\/pages\/4105\/revisions"}],"predecessor-version":[{"id":8649,"href":"https:\/\/doctornearyou.eu\/fr\/wp-json\/wp\/v2\/pages\/4105\/revisions\/8649"}],"wp:attachment":[{"href":"https:\/\/doctornearyou.eu\/fr\/wp-json\/wp\/v2\/media?parent=4105"}],"wp:term":[{"taxonomy":"category","embeddable":true,"href":"https:\/\/doctornearyou.eu\/fr\/wp-json\/wp\/v2\/categories?post=4105"}],"curies":[{"name":"wp","href":"https:\/\/api.w.org\/{rel}","templated":true}]}}