{"id":5328,"date":"2021-05-21T13:02:27","date_gmt":"2021-05-21T13:02:27","guid":{"rendered":"http:\/\/185.194.217.13\/?page_id=5328"},"modified":"2021-05-21T18:13:27","modified_gmt":"2021-05-21T18:13:27","slug":"covid-pcr-test-in-crete","status":"publish","type":"page","link":"https:\/\/doctornearyou.eu\/fr\/covid-pcr-test-in-crete\/","title":{"rendered":"COVID : Test PCR en Cr\u00e8te"},"content":{"rendered":"\n<h1 class=\"has-text-align-center h1--blue wp-block-heading\">Test PCR COVID-19 en Cr\u00e8te<\/h1>\n\n\n\n<div style=\"height:30px\" aria-hidden=\"true\" class=\"wp-block-spacer\"><\/div>\n\n\n\n<p>La PCR en temps r\u00e9el (RT-PCR) est une m\u00e9thode de d\u00e9tection de pathog\u00e8ne, permettant d\u2019identifier son mat\u00e9riel g\u00e9n\u00e9tique de mani\u00e8re sp\u00e9cifique. Il s\u2019agit d\u2019une des m\u00e9thodes les plus utilis\u00e9s dans le cadre de l\u2019identification du virus Sars-Cov2 (COVID-19).<\/p>\n\n\n\n<div style=\"height:80px\" aria-hidden=\"true\" class=\"wp-block-spacer\"><\/div>\n\n\n\n<h2 class=\"has-text-align-center h3--gray-big wp-block-heading\">Test PCR a H\u00e9raklion Cr\u00e8te<\/h2>\n\n\n\n<div style=\"height:50px\" aria-hidden=\"true\" class=\"wp-block-spacer\"><\/div>\n\n\n\n<div class=\"wp-block-columns is-layout-flex wp-container-core-columns-is-layout-9d6595d7 wp-block-columns-is-layout-flex\">\n<div class=\"wp-block-column is-layout-flow wp-block-column-is-layout-flow\">\n<h3 class=\"h3--blue wp-block-heading\">Asklipios Diagnosis<br>Medical Center<\/h3>\n\n\n\n<div style=\"height:20px\" aria-hidden=\"true\" class=\"wp-block-spacer\"><\/div>\n\n\n\n<p>Addresse : Machis Kritis 10, Heraklion, Crete, Greece<br>T\u00e9l\u00e9phone: <a href=\"tel:00306975833000\">+30 697 5833000<\/a> <br><a href=\"tel:00302816004747\">+30 2816 004747<\/a><br><\/p>\n\n\n<div class=\"latepoint-book-button-wrapper wp-block-button\"><a href=\"#\" class=\"latepoint-book-button os_trigger_booking wp-block-button__link\" style=\"background-color: #d44f6a; color: #ffffff; border-radius: 5px; margin: 20px 0px; padding: 1.2em 2em\" data-selected-location=\"54\" data-selected-agent=\"any\" data-selected-service=\"1\" >R\u00e9servez maintenant<\/a><\/div>\n<\/div>\n\n\n\n<div class=\"wp-block-column is-layout-flow wp-block-column-is-layout-flow\">\n<h3 class=\"h3--blue wp-block-heading\">Asklipios Diagnosis<br>Medical Center<\/h3>\n\n\n\n<div style=\"height:20px\" aria-hidden=\"true\" class=\"wp-block-spacer\"><\/div>\n\n\n\n<p>Addresse: Kornarou 46, Heraklion, Crete<br>T\u00e9l\u00e9phone: <a href=\"tel:00302810246140\">+30 2810 246140<\/a><br><\/p>\n\n\n<div class=\"latepoint-book-button-wrapper wp-block-button\"><a href=\"#\" class=\"latepoint-book-button os_trigger_booking wp-block-button__link\" style=\"background-color: #d44f6a; color: #ffffff; border-radius: 5px; margin: 20px 0px; padding: 1.2em 2em\" data-selected-location=\"754\" data-selected-agent=\"any\" data-selected-service=\"1\" >R\u00e9servez maintenant<\/a><\/div>\n<\/div>\n<\/div>\n\n\n\n<div class=\"wp-block-columns is-layout-flex wp-container-core-columns-is-layout-9d6595d7 wp-block-columns-is-layout-flex\">\n<div class=\"wp-block-column is-layout-flow wp-block-column-is-layout-flow\">\n<div style=\"height:40px\" aria-hidden=\"true\" class=\"wp-block-spacer\"><\/div>\n\n\n\n<h3 class=\"h3--blue wp-block-heading\">Test PCR \u00e0 votre H\u00f4tel<\/h3>\n\n\n\n<div style=\"height:20px\" aria-hidden=\"true\" class=\"wp-block-spacer\"><\/div>\n\n\n\n<p>Processus de r\u00e9servation enti\u00e8rement automatis\u00e9 (24\/7) selon les commodit\u00e9s de votre h\u00f4tel.<\/p>\n\n\n<div class=\"latepoint-book-button-wrapper wp-block-button\"><a href=\"#\" class=\"latepoint-book-button os_trigger_booking wp-block-button__link\" style=\"background-color: #d44f6a; color: #ffffff; border-radius: 5px; margin: 20px 0px; padding: 1.2em 2em\" data-selected-agent=\"any\" data-selected-service=\"1\" >R\u00e9servez maintenant<\/a><\/div>\n<\/div>\n<\/div>\n\n\n\n<div style=\"height:80px\" aria-hidden=\"true\" class=\"wp-block-spacer\"><\/div>\n\n\n\n<h2 class=\"has-text-align-center h3--gray-big wp-block-heading\">Test PCR \u00e0 Hersonissos\/Chers\u00f3nissos Cr\u00e8te<\/h2>\n\n\n\n<div style=\"height:80px\" aria-hidden=\"true\" class=\"wp-block-spacer\"><\/div>\n\n\n\n<div class=\"wp-block-columns is-layout-flex wp-container-core-columns-is-layout-9d6595d7 wp-block-columns-is-layout-flex\">\n<div class=\"wp-block-column is-layout-flow wp-block-column-is-layout-flow\">\n<h3 class=\"h3--blue wp-block-heading\">Medical Spot Prime MD Hersonisos<\/h3>\n\n\n\n<div style=\"height:20px\" aria-hidden=\"true\" class=\"wp-block-spacer\"><\/div>\n\n\n\n<p>Addresse: El. Venizelou, Hersonissos, Crete<br>T\u00e9l\u00e9phone: <a href=\"tel:00302897305145\">+30 2897 305145<\/a><br><a href=\"tel:00306983880920\">+30 698 3880920<\/a> <\/p>\n\n\n<div class=\"latepoint-book-button-wrapper wp-block-button\"><a href=\"#\" class=\"latepoint-book-button os_trigger_booking wp-block-button__link\" style=\"background-color: #d44f6a; color: #ffffff; border-radius: 5px; margin: 20px 0px; padding: 1.2em 2em\" data-selected-location=\"755\" data-selected-agent=\"any\" data-selected-service=\"1\" >R\u00e9servez maintenant<\/a><\/div>\n<\/div>\n\n\n\n<div class=\"wp-block-column is-layout-flow wp-block-column-is-layout-flow\">\n<h3 class=\"h3--blue wp-block-heading\">Test PCR \u00e0 votre H\u00f4tel<\/h3>\n\n\n\n<div style=\"height:20px\" aria-hidden=\"true\" class=\"wp-block-spacer\"><\/div>\n\n\n\n<p>Processus de r\u00e9servation enti\u00e8rement automatis\u00e9 (24\/7) selon les commodit\u00e9s de votre h\u00f4tel.<\/p>\n\n\n<div class=\"latepoint-book-button-wrapper wp-block-button\"><a href=\"#\" class=\"latepoint-book-button os_trigger_booking wp-block-button__link\" style=\"background-color: #d44f6a; color: #ffffff; border-radius: 5px; margin: 20px 0px; padding: 1.2em 2em\" data-selected-agent=\"any\" data-selected-service=\"1\" >R\u00e9servez maintenant<\/a><\/div>\n<\/div>\n<\/div>\n\n\n\n<div style=\"height:80px\" aria-hidden=\"true\" class=\"wp-block-spacer\"><\/div>\n\n\n\n<h2 class=\"has-text-align-center h3--gray-big wp-block-heading\">Test PCR \u00e0 Elounda Cr\u00e8te<\/h2>\n\n\n\n<div style=\"height:50px\" aria-hidden=\"true\" class=\"wp-block-spacer\"><\/div>\n\n\n\n<div class=\"wp-block-columns is-layout-flex wp-container-core-columns-is-layout-9d6595d7 wp-block-columns-is-layout-flex\">\n<div class=\"wp-block-column is-layout-flow wp-block-column-is-layout-flow\">\n<h3 class=\"h3--blue wp-block-heading\">Medical Spot Prime MD Elounda<\/h3>\n\n\n\n<div style=\"height:20px\" aria-hidden=\"true\" class=\"wp-block-spacer\"><\/div>\n\n\n\n<p>Addresse: Epar.Od. Agiou Nikolaou &#8211; Vrouchas 42, Schisma Elountas, Crete<br>T\u00e9l\u00e9phone: (+30)   <\/p>\n\n\n<div class=\"latepoint-book-button-wrapper wp-block-button\"><a href=\"#\" class=\"latepoint-book-button os_trigger_booking wp-block-button__link\" style=\"background-color: #d44f6a; color: #ffffff; border-radius: 5px; margin: 20px 0px; padding: 1.2em 2em\" data-selected-location=\"756\" data-selected-agent=\"any\" data-selected-service=\"1\" >R\u00e9servez maintenant<\/a><\/div>\n<\/div>\n\n\n\n<div class=\"wp-block-column is-layout-flow wp-block-column-is-layout-flow\">\n<h3 class=\"h3--blue wp-block-heading\">Test PCR \u00e0 votre H\u00f4tel<\/h3>\n\n\n\n<div style=\"height:20px\" aria-hidden=\"true\" class=\"wp-block-spacer\"><\/div>\n\n\n\n<p>Processus de r\u00e9servation enti\u00e8rement automatis\u00e9 (24\/7) selon les commodit\u00e9s de votre h\u00f4tel.<\/p>\n\n\n<div class=\"latepoint-book-button-wrapper wp-block-button\"><a href=\"#\" class=\"latepoint-book-button os_trigger_booking wp-block-button__link\" style=\"background-color: #d44f6a; color: #ffffff; border-radius: 5px; margin: 20px 0px; padding: 1.2em 2em\" data-selected-agent=\"any\" data-selected-service=\"1\" >R\u00e9servez maintenant<\/a><\/div>\n<\/div>\n<\/div>\n\n\n\n<div style=\"height:80px\" aria-hidden=\"true\" class=\"wp-block-spacer\"><\/div>\n\n\n\n<h2 class=\"has-text-align-center h3--gray-big wp-block-heading\">Test PCR \u00e0 Chania Cr\u00e8te<\/h2>\n\n\n\n<div style=\"height:50px\" aria-hidden=\"true\" class=\"wp-block-spacer\"><\/div>\n\n\n\n<div class=\"wp-block-columns is-layout-flex wp-container-core-columns-is-layout-9d6595d7 wp-block-columns-is-layout-flex\">\n<div class=\"wp-block-column is-layout-flow wp-block-column-is-layout-flow\">\n<h3 class=\"h3--blue wp-block-heading\">Medical Spot Nikolidaki Aphroditi<\/h3>\n\n\n\n<div style=\"height:20px\" aria-hidden=\"true\" class=\"wp-block-spacer\"><\/div>\n\n\n\n<p>Addresse: \u039a. Kritovoulidou 7, Chania, Crete<br>T\u00e9l\u00e9phone: <a href=\"tel:0030282102852830\">+30 2821 02852830 <\/a><br><a href=\"tel:00306981649281\">+30 698 1649281 <\/a> <\/p>\n\n\n<div class=\"latepoint-book-button-wrapper wp-block-button\"><a href=\"#\" class=\"latepoint-book-button os_trigger_booking wp-block-button__link\" style=\"background-color: #d44f6a; color: #ffffff; border-radius: 5px; margin: 20px 0px; padding: 1.2em 2em\" data-selected-location=\"264\" data-selected-agent=\"any\" data-selected-service=\"1\" >R\u00e9servez maintenant<\/a><\/div>\n<\/div>\n\n\n\n<div class=\"wp-block-column is-layout-flow wp-block-column-is-layout-flow\">\n<h3 class=\"h3--blue wp-block-heading\">Test PCR \u00e0 votre H\u00f4tel<\/h3>\n\n\n\n<div style=\"height:20px\" aria-hidden=\"true\" class=\"wp-block-spacer\"><\/div>\n\n\n\n<p>Processus de r\u00e9servation enti\u00e8rement automatis\u00e9 (24\/7) selon les commodit\u00e9s de votre h\u00f4tel.<\/p>\n\n\n<div class=\"latepoint-book-button-wrapper wp-block-button\"><a href=\"#\" class=\"latepoint-book-button os_trigger_booking wp-block-button__link\" style=\"background-color: #d44f6a; color: #ffffff; border-radius: 5px; margin: 20px 0px; padding: 1.2em 2em\" data-selected-agent=\"any\" data-selected-service=\"1\" >R\u00e9servez maintenant<\/a><\/div>\n<\/div>\n<\/div>\n\n\n\n<div style=\"height:80px\" aria-hidden=\"true\" class=\"wp-block-spacer\"><\/div>\n\n\n\n<h2 class=\"has-text-align-center h3--gray-big wp-block-heading\">Test PCR \u00e0 Rethymno Cr\u00e8te<\/h2>\n\n\n\n<div style=\"height:50px\" aria-hidden=\"true\" class=\"wp-block-spacer\"><\/div>\n\n\n\n<div class=\"wp-block-columns is-layout-flex wp-container-core-columns-is-layout-9d6595d7 wp-block-columns-is-layout-flex\">\n<div class=\"wp-block-column is-layout-flow wp-block-column-is-layout-flow\">\n<h3 class=\"h3--blue wp-block-heading\">Diagnosis Medical Lab Rethymno<\/h3>\n\n\n\n<div style=\"height:20px\" aria-hidden=\"true\" class=\"wp-block-spacer\"><\/div>\n\n\n\n<p>Addresse: Drouliskou 12, Rethymno, Crete<br>T\u00e9l\u00e9phone: <a href=\"tel:00302831021015\">+30 2831 021 015<\/a>  <\/p>\n\n\n<div class=\"latepoint-book-button-wrapper wp-block-button\"><a href=\"#\" class=\"latepoint-book-button os_trigger_booking wp-block-button__link\" style=\"background-color: #d44f6a; color: #ffffff; border-radius: 5px; margin: 20px 0px; padding: 1.2em 2em\" data-selected-location=\"750\" data-selected-agent=\"any\" data-selected-service=\"1\" >R\u00e9servez maintenant<\/a><\/div>\n<\/div>\n\n\n\n<div class=\"wp-block-column is-layout-flow wp-block-column-is-layout-flow\">\n<h3 class=\"h3--blue wp-block-heading\">Dr. Stathakos Efstathios <br>Assistance m\u00e9dicale h24 Rethymno<\/h3>\n\n\n\n<div style=\"height:20px\" aria-hidden=\"true\" class=\"wp-block-spacer\"><\/div>\n\n\n\n<p>Addresse: Dramia, Rethymno, Crete<br>T\u00e9l\u00e9phone: <a href=\"tel:00306938881237\">+30 693 888 1237<\/a>  <\/p>\n\n\n<div class=\"latepoint-book-button-wrapper wp-block-button\"><a href=\"#\" class=\"latepoint-book-button os_trigger_booking wp-block-button__link\" style=\"background-color: #d44f6a; color: #ffffff; border-radius: 5px; margin: 20px 0px; padding: 1.2em 2em\" data-selected-location=\"752\" data-selected-agent=\"any\" data-selected-service=\"1\" >R\u00e9servez maintenant<\/a><\/div>\n<\/div>\n<\/div>\n\n\n\n<div class=\"wp-block-columns is-layout-flex wp-container-core-columns-is-layout-9d6595d7 wp-block-columns-is-layout-flex\">\n<div class=\"wp-block-column is-layout-flow wp-block-column-is-layout-flow\">\n<h3 class=\"h3--blue wp-block-heading\">Dr. Stathakos Efstathios <br>Assistance m\u00e9dicale h24 Rethymno<\/h3>\n\n\n\n<div style=\"height:20px\" aria-hidden=\"true\" class=\"wp-block-spacer\"><\/div>\n\n\n\n<p>Addresse: Panagiotaki 1, Rethymno, Crete<br>T\u00e9l\u00e9phone: <a href=\"tel:00306938881237\">+30 693 888 1237<\/a><\/p>\n\n\n<div class=\"latepoint-book-button-wrapper wp-block-button\"><a href=\"#\" class=\"latepoint-book-button os_trigger_booking wp-block-button__link\" style=\"background-color: #d44f6a; color: #ffffff; border-radius: 5px; margin: 20px 0px; padding: 1.2em 2em\" data-selected-location=\"753\" data-selected-agent=\"any\" data-selected-service=\"1\" >R\u00e9servez maintenant<\/a><\/div>\n<\/div>\n\n\n\n<div class=\"wp-block-column is-layout-flow wp-block-column-is-layout-flow\">\n<h3 class=\"h3--blue wp-block-heading\">Test PCR \u00e0 votre H\u00f4tel<\/h3>\n\n\n\n<div style=\"height:20px\" aria-hidden=\"true\" class=\"wp-block-spacer\"><\/div>\n\n\n\n<p>Processus de r\u00e9servation enti\u00e8rement automatis\u00e9 (24\/7) selon les commodit\u00e9s de votre h\u00f4tel.<\/p>\n\n\n<div class=\"latepoint-book-button-wrapper wp-block-button\"><a href=\"#\" class=\"latepoint-book-button os_trigger_booking wp-block-button__link\" style=\"background-color: #d44f6a; color: #ffffff; border-radius: 5px; margin: 20px 0px; padding: 1.2em 2em\" data-selected-agent=\"any\" data-selected-service=\"1\" >R\u00e9servez maintenant<\/a><\/div>\n<\/div>\n<\/div>\n\n\n\n<div style=\"height:120px\" aria-hidden=\"true\" class=\"wp-block-spacer\"><\/div>\n\n\n\n<div class=\"wp-block-columns p-5 has-background is-layout-flex wp-container-core-columns-is-layout-9d6595d7 wp-block-columns-is-layout-flex\" style=\"background-color:#f1f1f1\">\n<div class=\"wp-block-column is-layout-flow wp-block-column-is-layout-flow\" style=\"flex-basis:20%\">\n<div style=\"height:10px\" aria-hidden=\"true\" class=\"wp-block-spacer\"><\/div>\n\n\n\n<figure class=\"wp-block-image size-full is-resized img-fluid\"><img loading=\"lazy\" decoding=\"async\" src=\"doctornearyou.euwp-content\/uploads\/document.png\" alt=\"\" class=\"wp-image-5227\" width=\"190\" height=\"164\"\/><\/figure>\n<\/div>\n\n\n\n<div class=\"wp-block-column is-layout-flow wp-block-column-is-layout-flow\" style=\"flex-basis:80%\">\n<h2 class=\"h3--gray-big wp-block-heading\">Obtenez votre certificat\/attestation\/vos r\u00e9sultat d&#8217;analyse en 24h<\/h2>\n\n\n\n<div style=\"height:40px\" aria-hidden=\"true\" class=\"wp-block-spacer\"><\/div>\n\n\n\n<p>La PCR en temps r\u00e9el (RT-PCR) est une m\u00e9thode de d\u00e9tection de pathog\u00e8ne, permettant d\u2019identifier son mat\u00e9riel g\u00e9n\u00e9tique de mani\u00e8re sp\u00e9cifique. Il s\u2019agit d\u2019une des m\u00e9thodes les plus utilis\u00e9s dans le cadre de l\u2019identification du virus Sars-Cov2 (COVID-19).<\/p>\n<\/div>\n<\/div>\n\n\n\n<p><\/p>\n","protected":false},"excerpt":{"rendered":"<p>Test PCR COVID-19 en Cr\u00e8te La PCR en temps r\u00e9el (RT-PCR) est une m\u00e9thode de d\u00e9tection de pathog\u00e8ne, permettant d\u2019identifier son mat\u00e9riel g\u00e9n\u00e9tique de mani\u00e8re sp\u00e9cifique. Il s\u2019agit d\u2019une des m\u00e9thodes les plus utilis\u00e9s dans le cadre de l\u2019identification du virus Sars-Cov2 (COVID-19). Test PCR a H\u00e9raklion Cr\u00e8te Asklipios DiagnosisMedical Center Addresse : Machis Kritis &hellip; <a href=\"https:\/\/doctornearyou.eu\/fr\/covid-pcr-test-in-crete\/\">Continued<\/a><\/p>\n","protected":false},"author":278,"featured_media":5186,"parent":0,"menu_order":0,"comment_status":"closed","ping_status":"closed","template":"views\/template-custom-header-img-covid.blade.php","meta":{"footnotes":""},"categories":[],"class_list":["post-5328","page","type-page","status-publish","has-post-thumbnail","hentry"],"featured_image_src":"https:\/\/doctornearyou.eu\/wp-content\/uploads\/pcr-test.jpg","yoast_head":"<!-- This site is optimized with the Yoast SEO plugin v27.1.1 - https:\/\/yoast.com\/product\/yoast-seo-wordpress\/ -->\n<title>COVID : Test PCR en Cr\u00e8te | DoctorNearYou.eu<\/title>\n<meta name=\"robots\" content=\"noindex, follow\" \/>\n<meta property=\"og:locale\" content=\"fr_FR\" \/>\n<meta property=\"og:type\" content=\"article\" \/>\n<meta property=\"og:title\" content=\"COVID : Test PCR en Cr\u00e8te | DoctorNearYou.eu\" \/>\n<meta property=\"og:description\" content=\"Test PCR COVID-19 en Cr\u00e8te La PCR en temps r\u00e9el (RT-PCR) est une m\u00e9thode de d\u00e9tection de pathog\u00e8ne, permettant d\u2019identifier son mat\u00e9riel g\u00e9n\u00e9tique de mani\u00e8re sp\u00e9cifique. Il s\u2019agit d\u2019une des m\u00e9thodes les plus utilis\u00e9s dans le cadre de l\u2019identification du virus Sars-Cov2 (COVID-19). Test PCR a H\u00e9raklion Cr\u00e8te Asklipios DiagnosisMedical Center Addresse : Machis Kritis &hellip; Continued\" \/>\n<meta property=\"og:url\" content=\"https:\/\/doctornearyou.eu\/fr\/covid-pcr-test-in-crete\/\" \/>\n<meta property=\"og:site_name\" content=\"DoctorNearYou.eu\" \/>\n<meta property=\"article:modified_time\" content=\"2021-05-21T18:13:27+00:00\" \/>\n<meta property=\"og:image\" content=\"https:\/\/doctornearyou.eu\/wp-content\/uploads\/pcr-test.jpg\" \/>\n\t<meta property=\"og:image:width\" content=\"1932\" \/>\n\t<meta property=\"og:image:height\" content=\"598\" \/>\n\t<meta property=\"og:image:type\" content=\"image\/jpeg\" \/>\n<meta name=\"twitter:card\" content=\"summary_large_image\" \/>\n<meta name=\"twitter:label1\" content=\"Dur\u00e9e de lecture estim\u00e9e\" \/>\n\t<meta name=\"twitter:data1\" content=\"3 minutes\" \/>\n<script type=\"application\/ld+json\" class=\"yoast-schema-graph\">{\"@context\":\"https:\/\/schema.org\",\"@graph\":[{\"@type\":\"WebPage\",\"@id\":\"https:\/\/doctornearyou.eu\/fr\/covid-pcr-test-in-crete\/\",\"url\":\"https:\/\/doctornearyou.eu\/fr\/covid-pcr-test-in-crete\/\",\"name\":\"COVID : Test PCR en Cr\u00e8te | DoctorNearYou.eu\",\"isPartOf\":{\"@id\":\"https:\/\/doctornearyou.eu\/#website\"},\"primaryImageOfPage\":{\"@id\":\"https:\/\/doctornearyou.eu\/fr\/covid-pcr-test-in-crete\/#primaryimage\"},\"image\":{\"@id\":\"https:\/\/doctornearyou.eu\/fr\/covid-pcr-test-in-crete\/#primaryimage\"},\"thumbnailUrl\":\"https:\/\/doctornearyou.eu\/wp-content\/uploads\/pcr-test.jpg\",\"datePublished\":\"2021-05-21T13:02:27+00:00\",\"dateModified\":\"2021-05-21T18:13:27+00:00\",\"breadcrumb\":{\"@id\":\"https:\/\/doctornearyou.eu\/fr\/covid-pcr-test-in-crete\/#breadcrumb\"},\"inLanguage\":\"fr-FR\",\"potentialAction\":[{\"@type\":\"ReadAction\",\"target\":[\"https:\/\/doctornearyou.eu\/fr\/covid-pcr-test-in-crete\/\"]}]},{\"@type\":\"ImageObject\",\"inLanguage\":\"fr-FR\",\"@id\":\"https:\/\/doctornearyou.eu\/fr\/covid-pcr-test-in-crete\/#primaryimage\",\"url\":\"https:\/\/doctornearyou.eu\/wp-content\/uploads\/pcr-test.jpg\",\"contentUrl\":\"https:\/\/doctornearyou.eu\/wp-content\/uploads\/pcr-test.jpg\",\"width\":1932,\"height\":598},{\"@type\":\"BreadcrumbList\",\"@id\":\"https:\/\/doctornearyou.eu\/fr\/covid-pcr-test-in-crete\/#breadcrumb\",\"itemListElement\":[{\"@type\":\"ListItem\",\"position\":1,\"name\":\"Home\",\"item\":\"https:\/\/doctornearyou.eu\/fr\/\"},{\"@type\":\"ListItem\",\"position\":2,\"name\":\"COVID : Test PCR en Cr\u00e8te\"}]},{\"@type\":\"WebSite\",\"@id\":\"https:\/\/doctornearyou.eu\/#website\",\"url\":\"https:\/\/doctornearyou.eu\/\",\"name\":\"DoctorNearYou.eu\",\"description\":\"Advanced Medical Services\",\"publisher\":{\"@id\":\"https:\/\/doctornearyou.eu\/#organization\"},\"potentialAction\":[{\"@type\":\"SearchAction\",\"target\":{\"@type\":\"EntryPoint\",\"urlTemplate\":\"https:\/\/doctornearyou.eu\/?s={search_term_string}\"},\"query-input\":{\"@type\":\"PropertyValueSpecification\",\"valueRequired\":true,\"valueName\":\"search_term_string\"}}],\"inLanguage\":\"fr-FR\"},{\"@type\":\"Organization\",\"@id\":\"https:\/\/doctornearyou.eu\/#organization\",\"name\":\"Doctor Near You\",\"url\":\"https:\/\/doctornearyou.eu\/\",\"logo\":{\"@type\":\"ImageObject\",\"inLanguage\":\"fr-FR\",\"@id\":\"https:\/\/doctornearyou.eu\/#\/schema\/logo\/image\/\",\"url\":\"https:\/\/doctornearyou.eu\/wp-content\/uploads\/logo_DNY.jpg\",\"contentUrl\":\"https:\/\/doctornearyou.eu\/wp-content\/uploads\/logo_DNY.jpg\",\"width\":213,\"height\":80,\"caption\":\"Doctor Near You\"},\"image\":{\"@id\":\"https:\/\/doctornearyou.eu\/#\/schema\/logo\/image\/\"}}]}<\/script>\n<!-- \/ Yoast SEO plugin. -->","yoast_head_json":{"title":"COVID : Test PCR en Cr\u00e8te | DoctorNearYou.eu","robots":{"index":"noindex","follow":"follow"},"og_locale":"fr_FR","og_type":"article","og_title":"COVID : Test PCR en Cr\u00e8te | DoctorNearYou.eu","og_description":"Test PCR COVID-19 en Cr\u00e8te La PCR en temps r\u00e9el (RT-PCR) est une m\u00e9thode de d\u00e9tection de pathog\u00e8ne, permettant d\u2019identifier son mat\u00e9riel g\u00e9n\u00e9tique de mani\u00e8re sp\u00e9cifique. Il s\u2019agit d\u2019une des m\u00e9thodes les plus utilis\u00e9s dans le cadre de l\u2019identification du virus Sars-Cov2 (COVID-19). Test PCR a H\u00e9raklion Cr\u00e8te Asklipios DiagnosisMedical Center Addresse : Machis Kritis &hellip; Continued","og_url":"https:\/\/doctornearyou.eu\/fr\/covid-pcr-test-in-crete\/","og_site_name":"DoctorNearYou.eu","article_modified_time":"2021-05-21T18:13:27+00:00","og_image":[{"width":1932,"height":598,"url":"https:\/\/doctornearyou.eu\/wp-content\/uploads\/pcr-test.jpg","type":"image\/jpeg"}],"twitter_card":"summary_large_image","twitter_misc":{"Dur\u00e9e de lecture estim\u00e9e":"3 minutes"},"schema":{"@context":"https:\/\/schema.org","@graph":[{"@type":"WebPage","@id":"https:\/\/doctornearyou.eu\/fr\/covid-pcr-test-in-crete\/","url":"https:\/\/doctornearyou.eu\/fr\/covid-pcr-test-in-crete\/","name":"COVID : Test PCR en Cr\u00e8te | DoctorNearYou.eu","isPartOf":{"@id":"https:\/\/doctornearyou.eu\/#website"},"primaryImageOfPage":{"@id":"https:\/\/doctornearyou.eu\/fr\/covid-pcr-test-in-crete\/#primaryimage"},"image":{"@id":"https:\/\/doctornearyou.eu\/fr\/covid-pcr-test-in-crete\/#primaryimage"},"thumbnailUrl":"https:\/\/doctornearyou.eu\/wp-content\/uploads\/pcr-test.jpg","datePublished":"2021-05-21T13:02:27+00:00","dateModified":"2021-05-21T18:13:27+00:00","breadcrumb":{"@id":"https:\/\/doctornearyou.eu\/fr\/covid-pcr-test-in-crete\/#breadcrumb"},"inLanguage":"fr-FR","potentialAction":[{"@type":"ReadAction","target":["https:\/\/doctornearyou.eu\/fr\/covid-pcr-test-in-crete\/"]}]},{"@type":"ImageObject","inLanguage":"fr-FR","@id":"https:\/\/doctornearyou.eu\/fr\/covid-pcr-test-in-crete\/#primaryimage","url":"https:\/\/doctornearyou.eu\/wp-content\/uploads\/pcr-test.jpg","contentUrl":"https:\/\/doctornearyou.eu\/wp-content\/uploads\/pcr-test.jpg","width":1932,"height":598},{"@type":"BreadcrumbList","@id":"https:\/\/doctornearyou.eu\/fr\/covid-pcr-test-in-crete\/#breadcrumb","itemListElement":[{"@type":"ListItem","position":1,"name":"Home","item":"https:\/\/doctornearyou.eu\/fr\/"},{"@type":"ListItem","position":2,"name":"COVID : Test PCR en Cr\u00e8te"}]},{"@type":"WebSite","@id":"https:\/\/doctornearyou.eu\/#website","url":"https:\/\/doctornearyou.eu\/","name":"DoctorNearYou.eu","description":"Advanced Medical Services","publisher":{"@id":"https:\/\/doctornearyou.eu\/#organization"},"potentialAction":[{"@type":"SearchAction","target":{"@type":"EntryPoint","urlTemplate":"https:\/\/doctornearyou.eu\/?s={search_term_string}"},"query-input":{"@type":"PropertyValueSpecification","valueRequired":true,"valueName":"search_term_string"}}],"inLanguage":"fr-FR"},{"@type":"Organization","@id":"https:\/\/doctornearyou.eu\/#organization","name":"Doctor Near You","url":"https:\/\/doctornearyou.eu\/","logo":{"@type":"ImageObject","inLanguage":"fr-FR","@id":"https:\/\/doctornearyou.eu\/#\/schema\/logo\/image\/","url":"https:\/\/doctornearyou.eu\/wp-content\/uploads\/logo_DNY.jpg","contentUrl":"https:\/\/doctornearyou.eu\/wp-content\/uploads\/logo_DNY.jpg","width":213,"height":80,"caption":"Doctor Near You"},"image":{"@id":"https:\/\/doctornearyou.eu\/#\/schema\/logo\/image\/"}}]}},"_links":{"self":[{"href":"https:\/\/doctornearyou.eu\/fr\/wp-json\/wp\/v2\/pages\/5328","targetHints":{"allow":["GET"]}}],"collection":[{"href":"https:\/\/doctornearyou.eu\/fr\/wp-json\/wp\/v2\/pages"}],"about":[{"href":"https:\/\/doctornearyou.eu\/fr\/wp-json\/wp\/v2\/types\/page"}],"author":[{"embeddable":true,"href":"https:\/\/doctornearyou.eu\/fr\/wp-json\/wp\/v2\/users\/278"}],"replies":[{"embeddable":true,"href":"https:\/\/doctornearyou.eu\/fr\/wp-json\/wp\/v2\/comments?post=5328"}],"version-history":[{"count":6,"href":"https:\/\/doctornearyou.eu\/fr\/wp-json\/wp\/v2\/pages\/5328\/revisions"}],"predecessor-version":[{"id":5382,"href":"https:\/\/doctornearyou.eu\/fr\/wp-json\/wp\/v2\/pages\/5328\/revisions\/5382"}],"wp:featuredmedia":[{"embeddable":true,"href":"https:\/\/doctornearyou.eu\/fr\/wp-json\/wp\/v2\/media\/5186"}],"wp:attachment":[{"href":"https:\/\/doctornearyou.eu\/fr\/wp-json\/wp\/v2\/media?parent=5328"}],"wp:term":[{"taxonomy":"category","embeddable":true,"href":"https:\/\/doctornearyou.eu\/fr\/wp-json\/wp\/v2\/categories?post=5328"}],"curies":[{"name":"wp","href":"https:\/\/api.w.org\/{rel}","templated":true}]}}