{"id":5857,"date":"2021-06-09T13:36:23","date_gmt":"2021-06-09T10:36:23","guid":{"rendered":"http:\/\/185.194.217.13\/covid-test-georgioupoli\/"},"modified":"2022-01-21T11:15:56","modified_gmt":"2022-01-21T09:15:56","slug":"covid-test-georgioupoli","status":"publish","type":"page","link":"https:\/\/doctornearyou.eu\/fr\/covid-test-greece\/covid-test-georgioupoli\/","title":{"rendered":"\u03a4est PCR COVID-19 et test antig\u00e9nique rapide \u00e0 Georgioupoli Cr\u00e8te"},"content":{"rendered":"\n<div style=\"height:30px\" aria-hidden=\"true\" class=\"wp-block-spacer\"><\/div>\n\n\n\n<p>RT \u2013 La PCR (Real time-PCR) est une m\u00e9thode d\u2019origine moleculaire permettant de d\u00e9tecter la pr\u00e9sence de mat\u00e9riel g\u00e9n\u00e9tique sp\u00e9cifique dans n\u2019importe quel agent pathog\u00e8ne, y compris un virus.&nbsp;C\u2019est l\u2019une des m\u00e9thodes de laboratoire les plus utilis\u00e9es pour d\u00e9tecter le virus COVID-19.<br><br>Les tests de diagnostic rapide (TDR) d\u00e9tectent la pr\u00e9sence de prot\u00e9ines virales (antig\u00e8nes) exprim\u00e9es par le virus COVID-19 dans un \u00e9chantillon des voies respiratoires d\u2019une personne.<\/p>\n\n\n\n<div style=\"height:80px\" aria-hidden=\"true\" class=\"wp-block-spacer\"><\/div>\n\n\n\n<h2 class=\"has-text-align-center h3--gray-big wp-block-heading\">Test PCR en Cr\u00e8te de Georgioupoli<\/h2>\n\n\n\n<div style=\"height:50px\" aria-hidden=\"true\" class=\"wp-block-spacer\"><\/div>\n\n\n\n<div class=\"wp-block-columns is-layout-flex wp-container-core-columns-is-layout-9d6595d7 wp-block-columns-is-layout-flex\">\n<div class=\"wp-block-column is-layout-flow wp-block-column-is-layout-flow\">\n<h3 class=\"h3--red wp-block-heading\"><strong>Assistance m\u00e9dicale du Dr Stathakos<\/strong><\/h3>\n\n\n\n<div style=\"height:20px\" aria-hidden=\"true\" class=\"wp-block-spacer\"><\/div>\n\n\n\n<p>Adresse: Dramia,Rethymno,Crete<br>Telephone: <a href=\"tel:00302831021015\"><\/a><a href=\"tel:00306938881237\">+30 693 888 1237<\/a><\/p>\n\n\n<div class=\"latepoint-book-button-wrapper wp-block-button\"><a href=\"#\" class=\"latepoint-book-button os_trigger_booking wp-block-button__link\" style=\"background-color: #d44f6a; color: #ffffff; border-radius: 5px; margin: 20px 0px; padding: 1.2em 2em\" data-selected-location=\"752\" data-selected-agent=\"any\" data-selected-service=\"8\" >R\u00e9servez maintenant<\/a><\/div>\n<\/div>\n\n\n\n<div class=\"wp-block-column is-layout-flow wp-block-column-is-layout-flow\">\n<h3 class=\"h3--red wp-block-heading\"><strong>Test PCR \u00e0 votre h\u00f4tel<\/strong><\/h3>\n\n\n\n<div style=\"height:20px\" aria-hidden=\"true\" class=\"wp-block-spacer\"><\/div>\n\n\n\n<p>Processus de r\u00e9servation enti\u00e8rement automatis\u00e9 24\/7 avec des tests \u00e0 la convenance de votre h\u00f4tel.<\/p>\n\n\n<div class=\"latepoint-book-button-wrapper wp-block-button\"><a href=\"#\" class=\"latepoint-book-button os_trigger_booking wp-block-button__link\" style=\"background-color: #d44f6a; color: #ffffff; border-radius: 5px; margin: 20px 0px; padding: 1.2em 2em\" data-selected-agent=\"any\" data-selected-service=\"1\" >R\u00e9servez maintenant<\/a><\/div>\n<\/div>\n<\/div>\n\n\n\n<div style=\"height:50px\" aria-hidden=\"true\" class=\"wp-block-spacer\"><\/div>\n\n\n\n<h2 class=\"has-text-align-center h3--gray-big wp-block-heading\">Test antig\u00e9nique rapide en Cr\u00e8te de Georgioupoli<\/h2>\n\n\n\n<div style=\"height:50px\" aria-hidden=\"true\" class=\"wp-block-spacer\"><\/div>\n\n\n\n<div class=\"wp-block-columns is-layout-flex wp-container-core-columns-is-layout-9d6595d7 wp-block-columns-is-layout-flex\">\n<div class=\"wp-block-column is-layout-flow wp-block-column-is-layout-flow\">\n<h3 class=\"h3--red wp-block-heading\"><strong>Assistance m\u00e9dicale du Dr Stathakos<\/strong><\/h3>\n\n\n\n<div style=\"height:20px\" aria-hidden=\"true\" class=\"wp-block-spacer\"><\/div>\n\n\n\n<p>Adresse: Dramia,Rethymno,Crete<br>Telephone: <a href=\"tel:00306938881237\"><\/a><a href=\"tel:00306938881237\">+30 693 888 1237<\/a><\/p>\n\n\n<div class=\"latepoint-book-button-wrapper wp-block-button\"><a href=\"#\" class=\"latepoint-book-button os_trigger_booking wp-block-button__link\" style=\"background-color: #d44f6a; color: #ffffff; border-radius: 5px; margin: 20px 0px; padding: 1.2em 2em\" data-selected-location=\"752\" data-selected-agent=\"any\" data-selected-service=\"7\" >R\u00e9servez maintenant<\/a><\/div>\n<\/div>\n\n\n\n<div class=\"wp-block-column is-layout-flow wp-block-column-is-layout-flow\">\n<h3 class=\"h3--red wp-block-heading\"><strong>Test antig\u00e9nique rapide \u00e0 votre h\u00f4tel<\/strong><\/h3>\n\n\n\n<div style=\"height:20px\" aria-hidden=\"true\" class=\"wp-block-spacer\"><\/div>\n\n\n\n<p>Processus de r\u00e9servation enti\u00e8rement automatis\u00e9 24\/7 avec des tests \u00e0 la convenance de votre h\u00f4tel.<\/p>\n\n\n<div class=\"latepoint-book-button-wrapper wp-block-button\"><a href=\"#\" class=\"latepoint-book-button os_trigger_booking wp-block-button__link\" style=\"background-color: #d44f6a; color: #ffffff; border-radius: 5px; margin: 20px 0px; padding: 1.2em 2em\" data-selected-agent=\"any\" data-selected-service=\"2\" >R\u00e9servez maintenant<\/a><\/div>\n<\/div>\n<\/div>\n\n\n\n<div style=\"height:40px\" aria-hidden=\"true\" class=\"wp-block-spacer\"><\/div>\n","protected":false},"excerpt":{"rendered":"<p>RT \u2013 La PCR (Real time-PCR) est une m\u00e9thode d\u2019origine moleculaire permettant de d\u00e9tecter la pr\u00e9sence de mat\u00e9riel g\u00e9n\u00e9tique sp\u00e9cifique dans n\u2019importe quel agent pathog\u00e8ne, y compris un virus.&nbsp;C\u2019est l\u2019une des m\u00e9thodes de laboratoire les plus utilis\u00e9es pour d\u00e9tecter le virus COVID-19. Les tests de diagnostic rapide (TDR) d\u00e9tectent la pr\u00e9sence de prot\u00e9ines virales (antig\u00e8nes) &hellip; <a href=\"https:\/\/doctornearyou.eu\/fr\/covid-test-greece\/covid-test-georgioupoli\/\">Continued<\/a><\/p>\n","protected":false},"author":9,"featured_media":5186,"parent":6885,"menu_order":0,"comment_status":"closed","ping_status":"closed","template":"views\/template-dynamic-location-pages.blade.php","meta":{"footnotes":""},"categories":[95],"class_list":["post-5857","page","type-page","status-publish","has-post-thumbnail","hentry","category-location-fr"],"featured_image_src":"https:\/\/doctornearyou.eu\/wp-content\/uploads\/pcr-test.jpg","yoast_head":"<!-- This site is optimized with the Yoast SEO plugin v27.1.1 - https:\/\/yoast.com\/product\/yoast-seo-wordpress\/ -->\n<title>\u03a4est PCR COVID-19 et test antig\u00e9nique rapide \u00e0 Georgioupoli Cr\u00e8te | DoctorNearYou.eu<\/title>\n<meta name=\"robots\" content=\"noindex, follow\" \/>\n<meta property=\"og:locale\" content=\"fr_FR\" \/>\n<meta property=\"og:type\" content=\"article\" \/>\n<meta property=\"og:title\" content=\"\u03a4est PCR COVID-19 et test antig\u00e9nique rapide \u00e0 Georgioupoli Cr\u00e8te | DoctorNearYou.eu\" \/>\n<meta property=\"og:description\" content=\"RT \u2013 La PCR (Real time-PCR) est une m\u00e9thode d\u2019origine moleculaire permettant de d\u00e9tecter la pr\u00e9sence de mat\u00e9riel g\u00e9n\u00e9tique sp\u00e9cifique dans n\u2019importe quel agent pathog\u00e8ne, y compris un virus.&nbsp;C\u2019est l\u2019une des m\u00e9thodes de laboratoire les plus utilis\u00e9es pour d\u00e9tecter le virus COVID-19. Les tests de diagnostic rapide (TDR) d\u00e9tectent la pr\u00e9sence de prot\u00e9ines virales (antig\u00e8nes) &hellip; Continued\" \/>\n<meta property=\"og:url\" content=\"https:\/\/doctornearyou.eu\/fr\/covid-test-greece\/covid-test-georgioupoli\/\" \/>\n<meta property=\"og:site_name\" content=\"DoctorNearYou.eu\" \/>\n<meta property=\"article:modified_time\" content=\"2022-01-21T09:15:56+00:00\" \/>\n<meta property=\"og:image\" content=\"https:\/\/doctornearyou.eu\/wp-content\/uploads\/pcr-test.jpg\" \/>\n\t<meta property=\"og:image:width\" content=\"1932\" \/>\n\t<meta property=\"og:image:height\" content=\"598\" \/>\n\t<meta property=\"og:image:type\" content=\"image\/jpeg\" \/>\n<meta name=\"twitter:card\" content=\"summary_large_image\" \/>\n<meta name=\"twitter:label1\" content=\"Dur\u00e9e de lecture estim\u00e9e\" \/>\n\t<meta name=\"twitter:data1\" content=\"1 minute\" \/>\n<script type=\"application\/ld+json\" class=\"yoast-schema-graph\">{\"@context\":\"https:\/\/schema.org\",\"@graph\":[{\"@type\":\"WebPage\",\"@id\":\"https:\/\/doctornearyou.eu\/fr\/covid-test-greece\/covid-test-georgioupoli\/\",\"url\":\"https:\/\/doctornearyou.eu\/fr\/covid-test-greece\/covid-test-georgioupoli\/\",\"name\":\"\u03a4est PCR COVID-19 et test antig\u00e9nique rapide \u00e0 Georgioupoli Cr\u00e8te | DoctorNearYou.eu\",\"isPartOf\":{\"@id\":\"https:\/\/doctornearyou.eu\/#website\"},\"primaryImageOfPage\":{\"@id\":\"https:\/\/doctornearyou.eu\/fr\/covid-test-greece\/covid-test-georgioupoli\/#primaryimage\"},\"image\":{\"@id\":\"https:\/\/doctornearyou.eu\/fr\/covid-test-greece\/covid-test-georgioupoli\/#primaryimage\"},\"thumbnailUrl\":\"https:\/\/doctornearyou.eu\/wp-content\/uploads\/pcr-test.jpg\",\"datePublished\":\"2021-06-09T10:36:23+00:00\",\"dateModified\":\"2022-01-21T09:15:56+00:00\",\"breadcrumb\":{\"@id\":\"https:\/\/doctornearyou.eu\/fr\/covid-test-greece\/covid-test-georgioupoli\/#breadcrumb\"},\"inLanguage\":\"fr-FR\",\"potentialAction\":[{\"@type\":\"ReadAction\",\"target\":[\"https:\/\/doctornearyou.eu\/fr\/covid-test-greece\/covid-test-georgioupoli\/\"]}]},{\"@type\":\"ImageObject\",\"inLanguage\":\"fr-FR\",\"@id\":\"https:\/\/doctornearyou.eu\/fr\/covid-test-greece\/covid-test-georgioupoli\/#primaryimage\",\"url\":\"https:\/\/doctornearyou.eu\/wp-content\/uploads\/pcr-test.jpg\",\"contentUrl\":\"https:\/\/doctornearyou.eu\/wp-content\/uploads\/pcr-test.jpg\",\"width\":1932,\"height\":598},{\"@type\":\"BreadcrumbList\",\"@id\":\"https:\/\/doctornearyou.eu\/fr\/covid-test-greece\/covid-test-georgioupoli\/#breadcrumb\",\"itemListElement\":[{\"@type\":\"ListItem\",\"position\":1,\"name\":\"Home\",\"item\":\"https:\/\/doctornearyou.eu\/fr\/\"},{\"@type\":\"ListItem\",\"position\":2,\"name\":\"COVID Test in Greece\",\"item\":\"https:\/\/doctornearyou.eu\/fr\/covid-test-greece\/\"},{\"@type\":\"ListItem\",\"position\":3,\"name\":\"\u03a4est PCR COVID-19 et test antig\u00e9nique rapide \u00e0 Georgioupoli Cr\u00e8te\"}]},{\"@type\":\"WebSite\",\"@id\":\"https:\/\/doctornearyou.eu\/#website\",\"url\":\"https:\/\/doctornearyou.eu\/\",\"name\":\"DoctorNearYou.eu\",\"description\":\"Advanced Medical Services\",\"publisher\":{\"@id\":\"https:\/\/doctornearyou.eu\/#organization\"},\"potentialAction\":[{\"@type\":\"SearchAction\",\"target\":{\"@type\":\"EntryPoint\",\"urlTemplate\":\"https:\/\/doctornearyou.eu\/?s={search_term_string}\"},\"query-input\":{\"@type\":\"PropertyValueSpecification\",\"valueRequired\":true,\"valueName\":\"search_term_string\"}}],\"inLanguage\":\"fr-FR\"},{\"@type\":\"Organization\",\"@id\":\"https:\/\/doctornearyou.eu\/#organization\",\"name\":\"Doctor Near You\",\"url\":\"https:\/\/doctornearyou.eu\/\",\"logo\":{\"@type\":\"ImageObject\",\"inLanguage\":\"fr-FR\",\"@id\":\"https:\/\/doctornearyou.eu\/#\/schema\/logo\/image\/\",\"url\":\"https:\/\/doctornearyou.eu\/wp-content\/uploads\/logo_DNY.jpg\",\"contentUrl\":\"https:\/\/doctornearyou.eu\/wp-content\/uploads\/logo_DNY.jpg\",\"width\":213,\"height\":80,\"caption\":\"Doctor Near You\"},\"image\":{\"@id\":\"https:\/\/doctornearyou.eu\/#\/schema\/logo\/image\/\"}}]}<\/script>\n<!-- \/ Yoast SEO plugin. -->","yoast_head_json":{"title":"\u03a4est PCR COVID-19 et test antig\u00e9nique rapide \u00e0 Georgioupoli Cr\u00e8te | DoctorNearYou.eu","robots":{"index":"noindex","follow":"follow"},"og_locale":"fr_FR","og_type":"article","og_title":"\u03a4est PCR COVID-19 et test antig\u00e9nique rapide \u00e0 Georgioupoli Cr\u00e8te | DoctorNearYou.eu","og_description":"RT \u2013 La PCR (Real time-PCR) est une m\u00e9thode d\u2019origine moleculaire permettant de d\u00e9tecter la pr\u00e9sence de mat\u00e9riel g\u00e9n\u00e9tique sp\u00e9cifique dans n\u2019importe quel agent pathog\u00e8ne, y compris un virus.&nbsp;C\u2019est l\u2019une des m\u00e9thodes de laboratoire les plus utilis\u00e9es pour d\u00e9tecter le virus COVID-19. Les tests de diagnostic rapide (TDR) d\u00e9tectent la pr\u00e9sence de prot\u00e9ines virales (antig\u00e8nes) &hellip; Continued","og_url":"https:\/\/doctornearyou.eu\/fr\/covid-test-greece\/covid-test-georgioupoli\/","og_site_name":"DoctorNearYou.eu","article_modified_time":"2022-01-21T09:15:56+00:00","og_image":[{"width":1932,"height":598,"url":"https:\/\/doctornearyou.eu\/wp-content\/uploads\/pcr-test.jpg","type":"image\/jpeg"}],"twitter_card":"summary_large_image","twitter_misc":{"Dur\u00e9e de lecture estim\u00e9e":"1 minute"},"schema":{"@context":"https:\/\/schema.org","@graph":[{"@type":"WebPage","@id":"https:\/\/doctornearyou.eu\/fr\/covid-test-greece\/covid-test-georgioupoli\/","url":"https:\/\/doctornearyou.eu\/fr\/covid-test-greece\/covid-test-georgioupoli\/","name":"\u03a4est PCR COVID-19 et test antig\u00e9nique rapide \u00e0 Georgioupoli Cr\u00e8te | DoctorNearYou.eu","isPartOf":{"@id":"https:\/\/doctornearyou.eu\/#website"},"primaryImageOfPage":{"@id":"https:\/\/doctornearyou.eu\/fr\/covid-test-greece\/covid-test-georgioupoli\/#primaryimage"},"image":{"@id":"https:\/\/doctornearyou.eu\/fr\/covid-test-greece\/covid-test-georgioupoli\/#primaryimage"},"thumbnailUrl":"https:\/\/doctornearyou.eu\/wp-content\/uploads\/pcr-test.jpg","datePublished":"2021-06-09T10:36:23+00:00","dateModified":"2022-01-21T09:15:56+00:00","breadcrumb":{"@id":"https:\/\/doctornearyou.eu\/fr\/covid-test-greece\/covid-test-georgioupoli\/#breadcrumb"},"inLanguage":"fr-FR","potentialAction":[{"@type":"ReadAction","target":["https:\/\/doctornearyou.eu\/fr\/covid-test-greece\/covid-test-georgioupoli\/"]}]},{"@type":"ImageObject","inLanguage":"fr-FR","@id":"https:\/\/doctornearyou.eu\/fr\/covid-test-greece\/covid-test-georgioupoli\/#primaryimage","url":"https:\/\/doctornearyou.eu\/wp-content\/uploads\/pcr-test.jpg","contentUrl":"https:\/\/doctornearyou.eu\/wp-content\/uploads\/pcr-test.jpg","width":1932,"height":598},{"@type":"BreadcrumbList","@id":"https:\/\/doctornearyou.eu\/fr\/covid-test-greece\/covid-test-georgioupoli\/#breadcrumb","itemListElement":[{"@type":"ListItem","position":1,"name":"Home","item":"https:\/\/doctornearyou.eu\/fr\/"},{"@type":"ListItem","position":2,"name":"COVID Test in Greece","item":"https:\/\/doctornearyou.eu\/fr\/covid-test-greece\/"},{"@type":"ListItem","position":3,"name":"\u03a4est PCR COVID-19 et test antig\u00e9nique rapide \u00e0 Georgioupoli Cr\u00e8te"}]},{"@type":"WebSite","@id":"https:\/\/doctornearyou.eu\/#website","url":"https:\/\/doctornearyou.eu\/","name":"DoctorNearYou.eu","description":"Advanced Medical Services","publisher":{"@id":"https:\/\/doctornearyou.eu\/#organization"},"potentialAction":[{"@type":"SearchAction","target":{"@type":"EntryPoint","urlTemplate":"https:\/\/doctornearyou.eu\/?s={search_term_string}"},"query-input":{"@type":"PropertyValueSpecification","valueRequired":true,"valueName":"search_term_string"}}],"inLanguage":"fr-FR"},{"@type":"Organization","@id":"https:\/\/doctornearyou.eu\/#organization","name":"Doctor Near You","url":"https:\/\/doctornearyou.eu\/","logo":{"@type":"ImageObject","inLanguage":"fr-FR","@id":"https:\/\/doctornearyou.eu\/#\/schema\/logo\/image\/","url":"https:\/\/doctornearyou.eu\/wp-content\/uploads\/logo_DNY.jpg","contentUrl":"https:\/\/doctornearyou.eu\/wp-content\/uploads\/logo_DNY.jpg","width":213,"height":80,"caption":"Doctor Near You"},"image":{"@id":"https:\/\/doctornearyou.eu\/#\/schema\/logo\/image\/"}}]}},"_links":{"self":[{"href":"https:\/\/doctornearyou.eu\/fr\/wp-json\/wp\/v2\/pages\/5857","targetHints":{"allow":["GET"]}}],"collection":[{"href":"https:\/\/doctornearyou.eu\/fr\/wp-json\/wp\/v2\/pages"}],"about":[{"href":"https:\/\/doctornearyou.eu\/fr\/wp-json\/wp\/v2\/types\/page"}],"author":[{"embeddable":true,"href":"https:\/\/doctornearyou.eu\/fr\/wp-json\/wp\/v2\/users\/9"}],"replies":[{"embeddable":true,"href":"https:\/\/doctornearyou.eu\/fr\/wp-json\/wp\/v2\/comments?post=5857"}],"version-history":[{"count":5,"href":"https:\/\/doctornearyou.eu\/fr\/wp-json\/wp\/v2\/pages\/5857\/revisions"}],"predecessor-version":[{"id":10484,"href":"https:\/\/doctornearyou.eu\/fr\/wp-json\/wp\/v2\/pages\/5857\/revisions\/10484"}],"up":[{"embeddable":true,"href":"https:\/\/doctornearyou.eu\/fr\/wp-json\/wp\/v2\/pages\/6885"}],"wp:featuredmedia":[{"embeddable":true,"href":"https:\/\/doctornearyou.eu\/fr\/wp-json\/wp\/v2\/media\/5186"}],"wp:attachment":[{"href":"https:\/\/doctornearyou.eu\/fr\/wp-json\/wp\/v2\/media?parent=5857"}],"wp:term":[{"taxonomy":"category","embeddable":true,"href":"https:\/\/doctornearyou.eu\/fr\/wp-json\/wp\/v2\/categories?post=5857"}],"curies":[{"name":"wp","href":"https:\/\/api.w.org\/{rel}","templated":true}]}}