{"id":5906,"date":"2021-06-09T13:51:56","date_gmt":"2021-06-09T10:51:56","guid":{"rendered":"http:\/\/185.194.217.13\/covid-test-rethymno\/"},"modified":"2022-01-21T11:16:16","modified_gmt":"2022-01-21T09:16:16","slug":"covid-test-rethymno","status":"publish","type":"page","link":"https:\/\/doctornearyou.eu\/fr\/covid-test-rethymno\/","title":{"rendered":"\u03a4est PCR pour covid-19 et test antig\u00e9nique rapide \u00e0 R\u00e9thymnon, Cr\u00e8te"},"content":{"rendered":"\n<div style=\"height:30px\" aria-hidden=\"true\" class=\"wp-block-spacer\"><\/div>\n\n\n\n<p>RT\u2013PCR (Real time- PCR) is a nuclear-derived method for detecting the presence of specific genetic material in any pathogen, including a virus. It is one of the most widely used laboratory methods for detecting the COVID-19 virus. <\/p>\n\n\n\n<p>Rapid diagnostic tests (RDT) detect the presence of viral proteins (antigens) expressed by the COVID-19 virus in a sample from the respiratory tract of a person.<\/p>\n\n\n\n<div style=\"height:80px\" aria-hidden=\"true\" class=\"wp-block-spacer\"><\/div>\n\n\n\n<h2 class=\"has-text-align-center h3--gray-big wp-block-heading\"><strong>Test PCR \u00e0 R\u00e9thymnon, Cr\u00e8te<\/strong><\/h2>\n\n\n\n<div style=\"height:50px\" aria-hidden=\"true\" class=\"wp-block-spacer\"><\/div>\n\n\n\n<div class=\"wp-block-columns is-layout-flex wp-container-core-columns-is-layout-9d6595d7 wp-block-columns-is-layout-flex\">\n<div class=\"wp-block-column is-layout-flow wp-block-column-is-layout-flow\">\n<h3 class=\"h3--red wp-block-heading\"><strong>Centre m\u00e9dical \u00ab&nbsp;Diagnostics.&nbsp;Laboratoire m\u00e9dical \u00bb<\/strong><\/h3>\n\n\n\n<div style=\"height:20px\" aria-hidden=\"true\" class=\"wp-block-spacer\"><\/div>\n\n\n\n<p>Adresse: Drouliskou 12, Rethymno, Crete<br>Telephone: <a href=\"tel:00302831021015\">+30 2831 021015<\/a><\/p>\n\n\n<div class=\"latepoint-book-button-wrapper wp-block-button\"><a href=\"#\" class=\"latepoint-book-button os_trigger_booking wp-block-button__link\" style=\"background-color: #d44f6a; color: #ffffff; border-radius: 5px; margin: 20px 0px; padding: 1.2em 2em\" data-selected-location=\"750\" data-selected-agent=\"any\" data-selected-service=\"8\" >R\u00e9servez maintenant<\/a><\/div>\n<\/div>\n\n\n\n<div class=\"wp-block-column is-layout-flow wp-block-column-is-layout-flow\">\n<h3 class=\"h3--red wp-block-heading\"><strong>Assistance m\u00e9dicale 24 heures sur 24 Dr Stasakos Efstatios<\/strong><\/h3>\n\n\n\n<div style=\"height:20px\" aria-hidden=\"true\" class=\"wp-block-spacer\"><\/div>\n\n\n\n<p>Adresse: Panagiotaki 1, Rethymno, Crete<br>Telephone: <a href=\"tel:00306938881237\">+30 693 888 1237<\/a><\/p>\n\n\n<div class=\"latepoint-book-button-wrapper wp-block-button\"><a href=\"#\" class=\"latepoint-book-button os_trigger_booking wp-block-button__link\" style=\"background-color: #d44f6a; color: #ffffff; border-radius: 5px; margin: 20px 0px; padding: 1.2em 2em\" data-selected-location=\"753\" data-selected-agent=\"any\" data-selected-service=\"8\" >R\u00e9servez maintenant<\/a><\/div>\n<\/div>\n<\/div>\n\n\n\n<div style=\"height:40px\" aria-hidden=\"true\" class=\"wp-block-spacer\"><\/div>\n\n\n\n<h3 class=\"h3--red wp-block-heading\"><strong>Test PCR \u00e0 votre h\u00f4tel<\/strong><\/h3>\n\n\n\n<div style=\"height:20px\" aria-hidden=\"true\" class=\"wp-block-spacer\"><\/div>\n\n\n\n<p>Processus de r\u00e9servation de test enti\u00e8rement automatis\u00e9 24\/7 \u00e0 votre h\u00f4tel.<\/p>\n\n\n<div class=\"latepoint-book-button-wrapper wp-block-button\"><a href=\"#\" class=\"latepoint-book-button os_trigger_booking wp-block-button__link\" style=\"background-color: #d44f6a; color: #ffffff; border-radius: 5px; margin: 20px 0px; padding: 1.2em 2em\" data-selected-agent=\"any\" data-selected-service=\"1\" >R\u00e9servez maintenant<\/a><\/div>\n\n\n\n<div style=\"height:100px\" aria-hidden=\"true\" class=\"wp-block-spacer\"><\/div>\n\n\n\n<h2 class=\"has-text-align-center h3--gray-big wp-block-heading\"><strong>Test antig\u00e9nique rapide \u00e0 R\u00e9thymnon, P. Cr\u00e8te<\/strong><\/h2>\n\n\n\n<div style=\"height:50px\" aria-hidden=\"true\" class=\"wp-block-spacer\"><\/div>\n\n\n\n<div class=\"wp-block-columns is-layout-flex wp-container-core-columns-is-layout-9d6595d7 wp-block-columns-is-layout-flex\">\n<div class=\"wp-block-column is-layout-flow wp-block-column-is-layout-flow\">\n<h3 class=\"h3--red wp-block-heading\"><strong>Centre m\u00e9dical \u00ab&nbsp;Diagnostics.&nbsp;Laboratoire m\u00e9dical \u00bb<\/strong><\/h3>\n\n\n\n<div style=\"height:20px\" aria-hidden=\"true\" class=\"wp-block-spacer\"><\/div>\n\n\n\n<p>Adresse: Drouliskou 12, Rethymno, Crete<br>Telephone: <a href=\"tel:00302831021015\">+30 2831 021015<\/a><br><\/p>\n\n\n<div class=\"latepoint-book-button-wrapper wp-block-button\"><a href=\"#\" class=\"latepoint-book-button os_trigger_booking wp-block-button__link\" style=\"background-color: #d44f6a; color: #ffffff; border-radius: 5px; margin: 20px 0px; padding: 1.2em 2em\" data-selected-location=\"750\" data-selected-agent=\"any\" data-selected-service=\"7\" >R\u00e9servez maintenant<\/a><\/div>\n<\/div>\n\n\n\n<div class=\"wp-block-column is-layout-flow wp-block-column-is-layout-flow\">\n<h3 class=\"h3--red wp-block-heading\"><strong>Assistance m\u00e9dicale 24 heures sur 24 Dr Stasakos Efstatios<\/strong><\/h3>\n\n\n\n<div style=\"height:20px\" aria-hidden=\"true\" class=\"wp-block-spacer\"><\/div>\n\n\n\n<p>Adresse: Panagiotaki 1, Rethymno, Crete<br>Telephone: <a href=\"tel:00306938881237\">+30 693 888 1237<\/a><br><\/p>\n\n\n<div class=\"latepoint-book-button-wrapper wp-block-button\"><a href=\"#\" class=\"latepoint-book-button os_trigger_booking wp-block-button__link\" style=\"background-color: #d44f6a; color: #ffffff; border-radius: 5px; margin: 20px 0px; padding: 1.2em 2em\" data-selected-location=\"753\" data-selected-agent=\"any\" data-selected-service=\"7\" >R\u00e9servez maintenant<\/a><\/div>\n<\/div>\n<\/div>\n\n\n\n<div class=\"wp-block-columns is-layout-flex wp-container-core-columns-is-layout-9d6595d7 wp-block-columns-is-layout-flex\">\n<div class=\"wp-block-column is-layout-flow wp-block-column-is-layout-flow\">\n<div style=\"height:40px\" aria-hidden=\"true\" class=\"wp-block-spacer\"><\/div>\n\n\n\n<h3 class=\"h3--red wp-block-heading\"><strong>Test antig\u00e9nique rapide \u00e0 votre h\u00f4tel<\/strong><\/h3>\n\n\n\n<div style=\"height:20px\" aria-hidden=\"true\" class=\"wp-block-spacer\"><\/div>\n\n\n\n<p>Processus de r\u00e9servation de test enti\u00e8rement automatis\u00e9 24\/7 \u00e0 votre h\u00f4tel.<\/p>\n\n\n<div class=\"latepoint-book-button-wrapper wp-block-button\"><a href=\"#\" class=\"latepoint-book-button os_trigger_booking wp-block-button__link\" style=\"background-color: #d44f6a; color: #ffffff; border-radius: 5px; margin: 20px 0px; padding: 1.2em 2em\" data-selected-agent=\"any\" data-selected-service=\"2\" >R\u00e9servez maintenant<\/a><\/div>\n\n\n\n<p><\/p>\n<\/div>\n<\/div>\n\n\n\n<div style=\"height:80px\" aria-hidden=\"true\" class=\"wp-block-spacer\"><\/div>\n\n\n\n<p><\/p>\n","protected":false},"excerpt":{"rendered":"<p>RT\u2013PCR (Real time- PCR) is a nuclear-derived method for detecting the presence of specific genetic material in any pathogen, including a virus. It is one of the most widely used laboratory methods for detecting the COVID-19 virus. Rapid diagnostic tests (RDT) detect the presence of viral proteins (antigens) expressed by the COVID-19 virus in a &hellip; <a href=\"https:\/\/doctornearyou.eu\/fr\/covid-test-rethymno\/\">Continued<\/a><\/p>\n","protected":false},"author":9,"featured_media":5739,"parent":0,"menu_order":0,"comment_status":"closed","ping_status":"closed","template":"views\/template-dynamic-location-pages.blade.php","meta":{"footnotes":""},"categories":[95],"class_list":["post-5906","page","type-page","status-publish","has-post-thumbnail","hentry","category-location-fr"],"featured_image_src":"https:\/\/doctornearyou.eu\/wp-content\/uploads\/rethymno-bg.jpg","yoast_head":"<!-- This site is optimized with the Yoast SEO plugin v27.1.1 - https:\/\/yoast.com\/product\/yoast-seo-wordpress\/ -->\n<title>\u03a4est PCR pour covid-19 et test antig\u00e9nique rapide \u00e0 R\u00e9thymnon, Cr\u00e8te | DoctorNearYou.eu<\/title>\n<meta name=\"robots\" content=\"noindex, follow\" \/>\n<meta property=\"og:locale\" content=\"fr_FR\" \/>\n<meta property=\"og:type\" content=\"article\" \/>\n<meta property=\"og:title\" content=\"\u03a4est PCR pour covid-19 et test antig\u00e9nique rapide \u00e0 R\u00e9thymnon, Cr\u00e8te | DoctorNearYou.eu\" \/>\n<meta property=\"og:description\" content=\"RT\u2013PCR (Real time- PCR) is a nuclear-derived method for detecting the presence of specific genetic material in any pathogen, including a virus. It is one of the most widely used laboratory methods for detecting the COVID-19 virus. Rapid diagnostic tests (RDT) detect the presence of viral proteins (antigens) expressed by the COVID-19 virus in a &hellip; Continued\" \/>\n<meta property=\"og:url\" content=\"https:\/\/doctornearyou.eu\/covid-test-greece__trashed\/covid-test-rethymno\/\" \/>\n<meta property=\"og:site_name\" content=\"DoctorNearYou.eu\" \/>\n<meta property=\"article:modified_time\" content=\"2022-01-21T09:16:16+00:00\" \/>\n<meta property=\"og:image\" content=\"https:\/\/doctornearyou.eu\/wp-content\/uploads\/rethymno-bg.jpg\" \/>\n\t<meta property=\"og:image:width\" content=\"1920\" \/>\n\t<meta property=\"og:image:height\" content=\"620\" \/>\n\t<meta property=\"og:image:type\" content=\"image\/jpeg\" \/>\n<meta name=\"twitter:card\" content=\"summary_large_image\" \/>\n<meta name=\"twitter:label1\" content=\"Dur\u00e9e de lecture estim\u00e9e\" \/>\n\t<meta name=\"twitter:data1\" content=\"2 minutes\" \/>\n<script type=\"application\/ld+json\" class=\"yoast-schema-graph\">{\"@context\":\"https:\/\/schema.org\",\"@graph\":[{\"@type\":\"WebPage\",\"@id\":\"https:\/\/doctornearyou.eu\/covid-test-greece__trashed\/covid-test-rethymno\/\",\"url\":\"https:\/\/doctornearyou.eu\/covid-test-greece__trashed\/covid-test-rethymno\/\",\"name\":\"\u03a4est PCR pour covid-19 et test antig\u00e9nique rapide \u00e0 R\u00e9thymnon, Cr\u00e8te | DoctorNearYou.eu\",\"isPartOf\":{\"@id\":\"https:\/\/doctornearyou.eu\/#website\"},\"primaryImageOfPage\":{\"@id\":\"https:\/\/doctornearyou.eu\/covid-test-greece__trashed\/covid-test-rethymno\/#primaryimage\"},\"image\":{\"@id\":\"https:\/\/doctornearyou.eu\/covid-test-greece__trashed\/covid-test-rethymno\/#primaryimage\"},\"thumbnailUrl\":\"https:\/\/doctornearyou.eu\/wp-content\/uploads\/rethymno-bg.jpg\",\"datePublished\":\"2021-06-09T10:51:56+00:00\",\"dateModified\":\"2022-01-21T09:16:16+00:00\",\"breadcrumb\":{\"@id\":\"https:\/\/doctornearyou.eu\/covid-test-greece__trashed\/covid-test-rethymno\/#breadcrumb\"},\"inLanguage\":\"fr-FR\",\"potentialAction\":[{\"@type\":\"ReadAction\",\"target\":[\"https:\/\/doctornearyou.eu\/covid-test-greece__trashed\/covid-test-rethymno\/\"]}]},{\"@type\":\"ImageObject\",\"inLanguage\":\"fr-FR\",\"@id\":\"https:\/\/doctornearyou.eu\/covid-test-greece__trashed\/covid-test-rethymno\/#primaryimage\",\"url\":\"https:\/\/doctornearyou.eu\/wp-content\/uploads\/rethymno-bg.jpg\",\"contentUrl\":\"https:\/\/doctornearyou.eu\/wp-content\/uploads\/rethymno-bg.jpg\",\"width\":1920,\"height\":620},{\"@type\":\"BreadcrumbList\",\"@id\":\"https:\/\/doctornearyou.eu\/covid-test-greece__trashed\/covid-test-rethymno\/#breadcrumb\",\"itemListElement\":[{\"@type\":\"ListItem\",\"position\":1,\"name\":\"Home\",\"item\":\"https:\/\/doctornearyou.eu\/fr\/\"},{\"@type\":\"ListItem\",\"position\":2,\"name\":\"COVID Test in Greece\",\"item\":\"https:\/\/doctornearyou.eu\/fr\/covid-test-greece\/\"},{\"@type\":\"ListItem\",\"position\":3,\"name\":\"\u03a4est PCR pour covid-19 et test antig\u00e9nique rapide \u00e0 R\u00e9thymnon, Cr\u00e8te\"}]},{\"@type\":\"WebSite\",\"@id\":\"https:\/\/doctornearyou.eu\/#website\",\"url\":\"https:\/\/doctornearyou.eu\/\",\"name\":\"DoctorNearYou.eu\",\"description\":\"Advanced Medical Services\",\"publisher\":{\"@id\":\"https:\/\/doctornearyou.eu\/#organization\"},\"potentialAction\":[{\"@type\":\"SearchAction\",\"target\":{\"@type\":\"EntryPoint\",\"urlTemplate\":\"https:\/\/doctornearyou.eu\/?s={search_term_string}\"},\"query-input\":{\"@type\":\"PropertyValueSpecification\",\"valueRequired\":true,\"valueName\":\"search_term_string\"}}],\"inLanguage\":\"fr-FR\"},{\"@type\":\"Organization\",\"@id\":\"https:\/\/doctornearyou.eu\/#organization\",\"name\":\"Doctor Near You\",\"url\":\"https:\/\/doctornearyou.eu\/\",\"logo\":{\"@type\":\"ImageObject\",\"inLanguage\":\"fr-FR\",\"@id\":\"https:\/\/doctornearyou.eu\/#\/schema\/logo\/image\/\",\"url\":\"https:\/\/doctornearyou.eu\/wp-content\/uploads\/logo_DNY.jpg\",\"contentUrl\":\"https:\/\/doctornearyou.eu\/wp-content\/uploads\/logo_DNY.jpg\",\"width\":213,\"height\":80,\"caption\":\"Doctor Near You\"},\"image\":{\"@id\":\"https:\/\/doctornearyou.eu\/#\/schema\/logo\/image\/\"}}]}<\/script>\n<!-- \/ Yoast SEO plugin. -->","yoast_head_json":{"title":"\u03a4est PCR pour covid-19 et test antig\u00e9nique rapide \u00e0 R\u00e9thymnon, Cr\u00e8te | DoctorNearYou.eu","robots":{"index":"noindex","follow":"follow"},"og_locale":"fr_FR","og_type":"article","og_title":"\u03a4est PCR pour covid-19 et test antig\u00e9nique rapide \u00e0 R\u00e9thymnon, Cr\u00e8te | DoctorNearYou.eu","og_description":"RT\u2013PCR (Real time- PCR) is a nuclear-derived method for detecting the presence of specific genetic material in any pathogen, including a virus. It is one of the most widely used laboratory methods for detecting the COVID-19 virus. Rapid diagnostic tests (RDT) detect the presence of viral proteins (antigens) expressed by the COVID-19 virus in a &hellip; Continued","og_url":"https:\/\/doctornearyou.eu\/covid-test-greece__trashed\/covid-test-rethymno\/","og_site_name":"DoctorNearYou.eu","article_modified_time":"2022-01-21T09:16:16+00:00","og_image":[{"width":1920,"height":620,"url":"https:\/\/doctornearyou.eu\/wp-content\/uploads\/rethymno-bg.jpg","type":"image\/jpeg"}],"twitter_card":"summary_large_image","twitter_misc":{"Dur\u00e9e de lecture estim\u00e9e":"2 minutes"},"schema":{"@context":"https:\/\/schema.org","@graph":[{"@type":"WebPage","@id":"https:\/\/doctornearyou.eu\/covid-test-greece__trashed\/covid-test-rethymno\/","url":"https:\/\/doctornearyou.eu\/covid-test-greece__trashed\/covid-test-rethymno\/","name":"\u03a4est PCR pour covid-19 et test antig\u00e9nique rapide \u00e0 R\u00e9thymnon, Cr\u00e8te | DoctorNearYou.eu","isPartOf":{"@id":"https:\/\/doctornearyou.eu\/#website"},"primaryImageOfPage":{"@id":"https:\/\/doctornearyou.eu\/covid-test-greece__trashed\/covid-test-rethymno\/#primaryimage"},"image":{"@id":"https:\/\/doctornearyou.eu\/covid-test-greece__trashed\/covid-test-rethymno\/#primaryimage"},"thumbnailUrl":"https:\/\/doctornearyou.eu\/wp-content\/uploads\/rethymno-bg.jpg","datePublished":"2021-06-09T10:51:56+00:00","dateModified":"2022-01-21T09:16:16+00:00","breadcrumb":{"@id":"https:\/\/doctornearyou.eu\/covid-test-greece__trashed\/covid-test-rethymno\/#breadcrumb"},"inLanguage":"fr-FR","potentialAction":[{"@type":"ReadAction","target":["https:\/\/doctornearyou.eu\/covid-test-greece__trashed\/covid-test-rethymno\/"]}]},{"@type":"ImageObject","inLanguage":"fr-FR","@id":"https:\/\/doctornearyou.eu\/covid-test-greece__trashed\/covid-test-rethymno\/#primaryimage","url":"https:\/\/doctornearyou.eu\/wp-content\/uploads\/rethymno-bg.jpg","contentUrl":"https:\/\/doctornearyou.eu\/wp-content\/uploads\/rethymno-bg.jpg","width":1920,"height":620},{"@type":"BreadcrumbList","@id":"https:\/\/doctornearyou.eu\/covid-test-greece__trashed\/covid-test-rethymno\/#breadcrumb","itemListElement":[{"@type":"ListItem","position":1,"name":"Home","item":"https:\/\/doctornearyou.eu\/fr\/"},{"@type":"ListItem","position":2,"name":"COVID Test in Greece","item":"https:\/\/doctornearyou.eu\/fr\/covid-test-greece\/"},{"@type":"ListItem","position":3,"name":"\u03a4est PCR pour covid-19 et test antig\u00e9nique rapide \u00e0 R\u00e9thymnon, Cr\u00e8te"}]},{"@type":"WebSite","@id":"https:\/\/doctornearyou.eu\/#website","url":"https:\/\/doctornearyou.eu\/","name":"DoctorNearYou.eu","description":"Advanced Medical Services","publisher":{"@id":"https:\/\/doctornearyou.eu\/#organization"},"potentialAction":[{"@type":"SearchAction","target":{"@type":"EntryPoint","urlTemplate":"https:\/\/doctornearyou.eu\/?s={search_term_string}"},"query-input":{"@type":"PropertyValueSpecification","valueRequired":true,"valueName":"search_term_string"}}],"inLanguage":"fr-FR"},{"@type":"Organization","@id":"https:\/\/doctornearyou.eu\/#organization","name":"Doctor Near You","url":"https:\/\/doctornearyou.eu\/","logo":{"@type":"ImageObject","inLanguage":"fr-FR","@id":"https:\/\/doctornearyou.eu\/#\/schema\/logo\/image\/","url":"https:\/\/doctornearyou.eu\/wp-content\/uploads\/logo_DNY.jpg","contentUrl":"https:\/\/doctornearyou.eu\/wp-content\/uploads\/logo_DNY.jpg","width":213,"height":80,"caption":"Doctor Near You"},"image":{"@id":"https:\/\/doctornearyou.eu\/#\/schema\/logo\/image\/"}}]}},"_links":{"self":[{"href":"https:\/\/doctornearyou.eu\/fr\/wp-json\/wp\/v2\/pages\/5906","targetHints":{"allow":["GET"]}}],"collection":[{"href":"https:\/\/doctornearyou.eu\/fr\/wp-json\/wp\/v2\/pages"}],"about":[{"href":"https:\/\/doctornearyou.eu\/fr\/wp-json\/wp\/v2\/types\/page"}],"author":[{"embeddable":true,"href":"https:\/\/doctornearyou.eu\/fr\/wp-json\/wp\/v2\/users\/9"}],"replies":[{"embeddable":true,"href":"https:\/\/doctornearyou.eu\/fr\/wp-json\/wp\/v2\/comments?post=5906"}],"version-history":[{"count":6,"href":"https:\/\/doctornearyou.eu\/fr\/wp-json\/wp\/v2\/pages\/5906\/revisions"}],"predecessor-version":[{"id":10494,"href":"https:\/\/doctornearyou.eu\/fr\/wp-json\/wp\/v2\/pages\/5906\/revisions\/10494"}],"wp:featuredmedia":[{"embeddable":true,"href":"https:\/\/doctornearyou.eu\/fr\/wp-json\/wp\/v2\/media\/5739"}],"wp:attachment":[{"href":"https:\/\/doctornearyou.eu\/fr\/wp-json\/wp\/v2\/media?parent=5906"}],"wp:term":[{"taxonomy":"category","embeddable":true,"href":"https:\/\/doctornearyou.eu\/fr\/wp-json\/wp\/v2\/categories?post=5906"}],"curies":[{"name":"wp","href":"https:\/\/api.w.org\/{rel}","templated":true}]}}