{"id":6359,"date":"2021-06-24T10:55:15","date_gmt":"2021-06-24T07:55:15","guid":{"rendered":"http:\/\/185.194.217.13\/online-covid-test\/"},"modified":"2021-07-21T13:46:41","modified_gmt":"2021-07-21T10:46:41","slug":"online-covid-test","status":"publish","type":"page","link":"https:\/\/doctornearyou.eu\/fr\/online-covid-test\/","title":{"rendered":"Online COVID Test"},"content":{"rendered":"\n<h1 class=\"h1--blue wp-block-heading\">Test COVID en ligne<\/h1>\n\n\n\n<div style=\"height:30px\" aria-hidden=\"true\" class=\"wp-block-spacer\"><\/div>\n\n\n\n<p>Prenez rendez-vous en ligne chez DoctorNearYou.gr et faites un rapid-test -Covid m\u00eame depuis votre chambre d\u2019h\u00f4tel!&nbsp;<\/p>\n\n\n\n<p>En r\u00e9servant votre rendez-vous en ligne, vous recevez un e-mail avec un lien Zoom sur quoi vous allez vous connecter, au moment o\u00f9 vous avez s\u00e9lectionn\u00e9 le tele-rendez-vous. Un conseiller medical sera disponible pour vous guider tout au long du processus et assurer que le test est valide.<\/p>\n\n\n\n<div style=\"height:30px\" aria-hidden=\"true\" class=\"wp-block-spacer\"><\/div>\n\n\n\n<hr class=\"wp-block-separator\"\/>\n\n\n\n<div style=\"height:30px\" aria-hidden=\"true\" class=\"wp-block-spacer\"><\/div>\n\n\n\n<h3 class=\"h3--blue wp-block-heading\">Ce dont vous avez besoin<\/h3>\n\n\n\n<div style=\"height:30px\" aria-hidden=\"true\" class=\"wp-block-spacer\"><\/div>\n\n\n\n<ul class=\"theme-list-styling wp-block-list\"><li>Un autotest rapide valid\u00e9<\/li><li>Votre pi\u00e8ce d\u2019identit\u00e9 ou votre passeport<\/li><\/ul>\n\n\n\n<div style=\"height:30px\" aria-hidden=\"true\" class=\"wp-block-spacer\"><\/div>\n\n\n\n<h6 class=\"wp-block-heading\"><strong>Tests antig\u00e9niques rapides dont les r\u00e9sultats des tests sont mutuellement reconnus<\/strong><\/h6>\n\n\n\n<div style=\"height:20px\" aria-hidden=\"true\" class=\"wp-block-spacer\"><\/div>\n\n\n\n<ul class=\"theme-list-styling wp-block-list\"><li>Abbott Rapid Diagnostics, Panbio\u2122 COVID-19 Ag Rapid Test<\/li><li>AMEDA Labordiagnostik GmbH, AMP Rapid Test SARS-CoV-2 Ag<\/li><li>Becton Dickinson, BD Veritor System for Rapid Deteciton os SARS-CoV-2<\/li><li>Beijing Lepu Medical Technology, SARS-CoV-2 Antigen Rapid Test Kit (Colloidal Gold immunochromatography)<\/li><li>BIOSYNEX SWISS SA, BIOSYNEX COVID-19 Ag BSS<\/li><li>CerTest Biotect S.L., CerTest SARS-CoV-2 CARD TEST<\/li><li>Hangzhou Clongene Biotech, Clungene COVID-19 Antigen Rapid Test Kit<\/li><li>Healgen Scientific Limited, Coronavirus Ag Rapid Test Cassette (Swab)<\/li><li>LumiraDX UK LTd, LumiraDx SARS-CoV-2 Ag Test<\/li><li>nal von minden GmbH, NADAL COVID -19 Ag Test<\/li><li>Quidel Corporation, Sofia 2 SARS Antigen FIA<\/li><li>SD BIOSENSOR, Inc., STANDARD F COVID-19 Ag FIA<\/li><li>SD BIOSENSOR, Inc., STANDARD Q COVID-19 Ag Test<\/li><li>Siemens Healthineers, CLINITEST Rapid COVID-19 Antigen Test<\/li><li>Xiamen Boson Biotech Co, Rapid SARS-CoV-2 Antigen Test card<\/li><li>Zhejiang Orient Gene Biotech Co.,Ltd, Coronavirus Ag Rapid Test Cassette (Swab)<\/li><\/ul>\n\n\n\n<div style=\"height:30px\" aria-hidden=\"true\" class=\"wp-block-spacer\"><\/div>\n\n\n\n<hr class=\"wp-block-separator\"\/>\n\n\n\n<div style=\"height:30px\" aria-hidden=\"true\" class=\"wp-block-spacer\"><\/div>\n\n\n\n<h3 class=\"h3--blue wp-block-heading\">Comment le faire<\/h3>\n\n\n\n<div style=\"height:30px\" aria-hidden=\"true\" class=\"wp-block-spacer\"><\/div>\n\n\n\n<p>L\u2019AutoTest que vous vous etez procur\u00e9 , doit contenir : un coton-tige, un tube de liquide et une tablette de test.<\/p>\n\n\n\n<figure class=\"wp-block-image size-large is-resized\"><img loading=\"lazy\" decoding=\"async\" src=\"doctornearyou.euwp-content\/uploads\/\/doctornearyou-self-test-1024x1024.jpg\" alt=\"\" class=\"wp-image-6328\" width=\"512\" height=\"512\" srcset=\"https:\/\/doctornearyou.eu\/wp-content\/uploads\/doctornearyou-self-test-1024x1024.jpg 1024w, https:\/\/doctornearyou.eu\/wp-content\/uploads\/doctornearyou-self-test-300x300.jpg 300w, https:\/\/doctornearyou.eu\/wp-content\/uploads\/doctornearyou-self-test-150x150.jpg 150w, https:\/\/doctornearyou.eu\/wp-content\/uploads\/doctornearyou-self-test-768x768.jpg 768w, https:\/\/doctornearyou.eu\/wp-content\/uploads\/doctornearyou-self-test-1536x1536.jpg 1536w, https:\/\/doctornearyou.eu\/wp-content\/uploads\/doctornearyou-self-test-600x600.jpg 600w, https:\/\/doctornearyou.eu\/wp-content\/uploads\/doctornearyou-self-test-100x100.jpg 100w, https:\/\/doctornearyou.eu\/wp-content\/uploads\/doctornearyou-self-test.jpg 1920w\" sizes=\"auto, (max-width: 512px) 100vw, 512px\" \/><\/figure>\n\n\n\n<div style=\"height:30px\" aria-hidden=\"true\" class=\"wp-block-spacer\"><\/div>\n\n\n\n<p>Nettoyez votre nez et pr\u00e9parez-vous pour l\u2019auto-test devant votre t\u00e9l\u00e9phone ou votre cam\u00e9ra d\u2019ordinateur. Ouvrez le sac et mettez devant vous:<\/p>\n\n\n\n<ul class=\"theme-list-styling wp-block-list\"><li>le coton-tige<\/li><li>le tube avec le liquide<\/li><li>lq tablette de test<\/li><li>la pi\u00e8ce d\u2019identit\u00e9 ou le passeport<\/li><\/ul>\n\n\n\n<div style=\"height:30px\" aria-hidden=\"true\" class=\"wp-block-spacer\"><\/div>\n\n\n\n<p><strong><strong>Connectez-vous au lien Zoom que vous avez re\u00e7u dans votre e-mail<\/strong>.<\/strong> Devant la cam\u00e9ra et sous la direction de notre personnel m\u00e9dical:<\/p>\n\n\n\n<div style=\"height:30px\" aria-hidden=\"true\" class=\"wp-block-spacer\"><\/div>\n\n\n\n<ul class=\"theme-list-styling wp-block-list\"><li>Introduisez doucement le coton-tige&nbsp; d\u2019environ 2-3 cm sur la paroi interne de votre narrine et faites-le tourne 5 \u00e0 6 fois. R\u00e9p\u00e9tez la proc\u00e9dure dans l\u2019autre narine.<\/li><li>Ouvrez le tube avec le liquide et introduisez le coton-tige.<\/li><li>Faites tournez le coton-tige&nbsp; dans le liquide du tube pendant 15 secondes. Ensuite, jetez le coton-tige&nbsp; dans le sac \u00e0 d\u00e9chets sp\u00e9cial.<\/li><li>Mettez devant vous&nbsp; la tablette du test.<\/li><li>Versez 4 gouttes du tube dans le premier trou de la tablette.<\/li><li>Jetez le tube dans le sac \u00e0 d\u00e9chets sp\u00e9cial.<\/li><\/ul>\n\n\n\n<div style=\"height:30px\" aria-hidden=\"true\" class=\"wp-block-spacer\"><\/div>\n\n\n\n<hr class=\"wp-block-separator\"\/>\n\n\n\n<div style=\"height:30px\" aria-hidden=\"true\" class=\"wp-block-spacer\"><\/div>\n\n\n\n<h3 class=\"h3--blue wp-block-heading\"><strong><br><\/strong>Comment lire les r\u00e9sultats<\/h3>\n\n\n\n<div style=\"height:30px\" aria-hidden=\"true\" class=\"wp-block-spacer\"><\/div>\n\n\n\n<p>Apr\u00e8s le test, <strong>une ligne doit appara\u00eetre en regard de C<\/strong>. Cela signifie que la proc\u00e9dure a \u00e9t\u00e9 effectu\u00e9e correctement et que le test est &nbsp;<strong>n\u00e9gatif.<\/strong><\/p>\n\n\n\n<figure class=\"wp-block-image size-large is-resized\"><img loading=\"lazy\" decoding=\"async\" src=\"doctornearyou.euwp-content\/uploads\/\/doctornearyou-self-test-negative-1024x1024.jpg\" alt=\"\" class=\"wp-image-6334\" width=\"512\" height=\"512\" srcset=\"https:\/\/doctornearyou.eu\/wp-content\/uploads\/doctornearyou-self-test-negative-1024x1024.jpg 1024w, https:\/\/doctornearyou.eu\/wp-content\/uploads\/doctornearyou-self-test-negative-300x300.jpg 300w, https:\/\/doctornearyou.eu\/wp-content\/uploads\/doctornearyou-self-test-negative-150x150.jpg 150w, https:\/\/doctornearyou.eu\/wp-content\/uploads\/doctornearyou-self-test-negative-768x768.jpg 768w, https:\/\/doctornearyou.eu\/wp-content\/uploads\/doctornearyou-self-test-negative-1536x1536.jpg 1536w, https:\/\/doctornearyou.eu\/wp-content\/uploads\/doctornearyou-self-test-negative-600x600.jpg 600w, https:\/\/doctornearyou.eu\/wp-content\/uploads\/doctornearyou-self-test-negative-100x100.jpg 100w, https:\/\/doctornearyou.eu\/wp-content\/uploads\/doctornearyou-self-test-negative.jpg 1920w\" sizes=\"auto, (max-width: 512px) 100vw, 512px\" \/><\/figure>\n\n\n\n<p><br><br><\/p>\n\n\n\n<p><strong>Si une ligne apparait en regard de T<\/strong>, cela signifie que <strong>vous <\/strong><strong>\u00eates <\/strong><strong>&nbsp;<\/strong><strong>positif<\/strong>.<br><br>Si la proc\u00e9dure est effectu\u00e9e correctement et que le r\u00e9sultat est n\u00e9gatif, vous recevrez dans votre e-mail le certificat appropri\u00e9 de notre centre m\u00e9dical.<br><br>Sinon, notre personnel m\u00e9dical vous guidera vers les prochaines \u00e9tapes que vous devez suivre.<\/p>\n\n\n\n<p><\/p>\n\n\n<div class=\"latepoint-book-button-wrapper wp-block-button\"><a href=\"#\" class=\"latepoint-book-button os_trigger_booking wp-block-button__link\" style=\"background-color: #d44f6a; color: #ffffff; border-radius: 5px; margin: 20px 0px; padding: 1.2em 2em\" data-selected-location=\"946\" data-selected-agent=\"40\" data-selected-service=\"13\" >Prendre rendez-vous en ligne<\/a><\/div>\n","protected":false},"excerpt":{"rendered":"<p>Test COVID en ligne Prenez rendez-vous en ligne chez DoctorNearYou.gr et faites un rapid-test -Covid m\u00eame depuis votre chambre d\u2019h\u00f4tel!&nbsp; En r\u00e9servant votre rendez-vous en ligne, vous recevez un e-mail avec un lien Zoom sur quoi vous allez vous connecter, au moment o\u00f9 vous avez s\u00e9lectionn\u00e9 le tele-rendez-vous. Un conseiller medical sera disponible pour vous &hellip; <a href=\"https:\/\/doctornearyou.eu\/fr\/online-covid-test\/\">Continued<\/a><\/p>\n","protected":false},"author":9,"featured_media":6351,"parent":0,"menu_order":0,"comment_status":"closed","ping_status":"closed","template":"views\/template-custom-header-img.blade.php","meta":{"footnotes":""},"categories":[],"class_list":["post-6359","page","type-page","status-publish","has-post-thumbnail","hentry"],"featured_image_src":"https:\/\/doctornearyou.eu\/wp-content\/uploads\/covid-video-call.jpg","yoast_head":"<!-- This site is optimized with the Yoast SEO plugin v27.1.1 - https:\/\/yoast.com\/product\/yoast-seo-wordpress\/ -->\n<title>Online COVID Test | DoctorNearYou.eu<\/title>\n<meta name=\"robots\" content=\"noindex, follow\" \/>\n<meta property=\"og:locale\" content=\"fr_FR\" \/>\n<meta property=\"og:type\" content=\"article\" \/>\n<meta property=\"og:title\" content=\"Online COVID Test | DoctorNearYou.eu\" \/>\n<meta property=\"og:description\" content=\"Test COVID en ligne Prenez rendez-vous en ligne chez DoctorNearYou.gr et faites un rapid-test -Covid m\u00eame depuis votre chambre d\u2019h\u00f4tel!&nbsp; En r\u00e9servant votre rendez-vous en ligne, vous recevez un e-mail avec un lien Zoom sur quoi vous allez vous connecter, au moment o\u00f9 vous avez s\u00e9lectionn\u00e9 le tele-rendez-vous. Un conseiller medical sera disponible pour vous &hellip; Continued\" \/>\n<meta property=\"og:url\" content=\"https:\/\/doctornearyou.eu\/?page_id=6313\" \/>\n<meta property=\"og:site_name\" content=\"DoctorNearYou.eu\" \/>\n<meta property=\"article:modified_time\" content=\"2021-07-21T10:46:41+00:00\" \/>\n<meta property=\"og:image\" content=\"https:\/\/doctornearyou.eu\/wp-content\/uploads\/covid-video-call.jpg\" \/>\n\t<meta property=\"og:image:width\" content=\"1920\" \/>\n\t<meta property=\"og:image:height\" content=\"650\" \/>\n\t<meta property=\"og:image:type\" content=\"image\/jpeg\" \/>\n<meta name=\"twitter:card\" content=\"summary_large_image\" \/>\n<meta name=\"twitter:label1\" content=\"Dur\u00e9e de lecture estim\u00e9e\" \/>\n\t<meta name=\"twitter:data1\" content=\"3 minutes\" \/>\n<script type=\"application\/ld+json\" class=\"yoast-schema-graph\">{\"@context\":\"https:\/\/schema.org\",\"@graph\":[{\"@type\":\"WebPage\",\"@id\":\"https:\/\/doctornearyou.eu\/?page_id=6313\",\"url\":\"https:\/\/doctornearyou.eu\/?page_id=6313\",\"name\":\"Online COVID Test | DoctorNearYou.eu\",\"isPartOf\":{\"@id\":\"https:\/\/doctornearyou.eu\/#website\"},\"primaryImageOfPage\":{\"@id\":\"https:\/\/doctornearyou.eu\/?page_id=6313#primaryimage\"},\"image\":{\"@id\":\"https:\/\/doctornearyou.eu\/?page_id=6313#primaryimage\"},\"thumbnailUrl\":\"https:\/\/doctornearyou.eu\/wp-content\/uploads\/covid-video-call.jpg\",\"datePublished\":\"2021-06-24T07:55:15+00:00\",\"dateModified\":\"2021-07-21T10:46:41+00:00\",\"breadcrumb\":{\"@id\":\"https:\/\/doctornearyou.eu\/?page_id=6313#breadcrumb\"},\"inLanguage\":\"fr-FR\",\"potentialAction\":[{\"@type\":\"ReadAction\",\"target\":[\"https:\/\/doctornearyou.eu\/?page_id=6313\"]}]},{\"@type\":\"ImageObject\",\"inLanguage\":\"fr-FR\",\"@id\":\"https:\/\/doctornearyou.eu\/?page_id=6313#primaryimage\",\"url\":\"https:\/\/doctornearyou.eu\/wp-content\/uploads\/covid-video-call.jpg\",\"contentUrl\":\"https:\/\/doctornearyou.eu\/wp-content\/uploads\/covid-video-call.jpg\",\"width\":1920,\"height\":650},{\"@type\":\"BreadcrumbList\",\"@id\":\"https:\/\/doctornearyou.eu\/?page_id=6313#breadcrumb\",\"itemListElement\":[{\"@type\":\"ListItem\",\"position\":1,\"name\":\"Home\",\"item\":\"https:\/\/doctornearyou.eu\/fr\/\"},{\"@type\":\"ListItem\",\"position\":2,\"name\":\"Online COVID Test\"}]},{\"@type\":\"WebSite\",\"@id\":\"https:\/\/doctornearyou.eu\/#website\",\"url\":\"https:\/\/doctornearyou.eu\/\",\"name\":\"DoctorNearYou.eu\",\"description\":\"Advanced Medical Services\",\"publisher\":{\"@id\":\"https:\/\/doctornearyou.eu\/#organization\"},\"potentialAction\":[{\"@type\":\"SearchAction\",\"target\":{\"@type\":\"EntryPoint\",\"urlTemplate\":\"https:\/\/doctornearyou.eu\/?s={search_term_string}\"},\"query-input\":{\"@type\":\"PropertyValueSpecification\",\"valueRequired\":true,\"valueName\":\"search_term_string\"}}],\"inLanguage\":\"fr-FR\"},{\"@type\":\"Organization\",\"@id\":\"https:\/\/doctornearyou.eu\/#organization\",\"name\":\"Doctor Near You\",\"url\":\"https:\/\/doctornearyou.eu\/\",\"logo\":{\"@type\":\"ImageObject\",\"inLanguage\":\"fr-FR\",\"@id\":\"https:\/\/doctornearyou.eu\/#\/schema\/logo\/image\/\",\"url\":\"https:\/\/doctornearyou.eu\/wp-content\/uploads\/logo_DNY.jpg\",\"contentUrl\":\"https:\/\/doctornearyou.eu\/wp-content\/uploads\/logo_DNY.jpg\",\"width\":213,\"height\":80,\"caption\":\"Doctor Near You\"},\"image\":{\"@id\":\"https:\/\/doctornearyou.eu\/#\/schema\/logo\/image\/\"}}]}<\/script>\n<!-- \/ Yoast SEO plugin. -->","yoast_head_json":{"title":"Online COVID Test | DoctorNearYou.eu","robots":{"index":"noindex","follow":"follow"},"og_locale":"fr_FR","og_type":"article","og_title":"Online COVID Test | DoctorNearYou.eu","og_description":"Test COVID en ligne Prenez rendez-vous en ligne chez DoctorNearYou.gr et faites un rapid-test -Covid m\u00eame depuis votre chambre d\u2019h\u00f4tel!&nbsp; En r\u00e9servant votre rendez-vous en ligne, vous recevez un e-mail avec un lien Zoom sur quoi vous allez vous connecter, au moment o\u00f9 vous avez s\u00e9lectionn\u00e9 le tele-rendez-vous. Un conseiller medical sera disponible pour vous &hellip; Continued","og_url":"https:\/\/doctornearyou.eu\/?page_id=6313","og_site_name":"DoctorNearYou.eu","article_modified_time":"2021-07-21T10:46:41+00:00","og_image":[{"width":1920,"height":650,"url":"https:\/\/doctornearyou.eu\/wp-content\/uploads\/covid-video-call.jpg","type":"image\/jpeg"}],"twitter_card":"summary_large_image","twitter_misc":{"Dur\u00e9e de lecture estim\u00e9e":"3 minutes"},"schema":{"@context":"https:\/\/schema.org","@graph":[{"@type":"WebPage","@id":"https:\/\/doctornearyou.eu\/?page_id=6313","url":"https:\/\/doctornearyou.eu\/?page_id=6313","name":"Online COVID Test | DoctorNearYou.eu","isPartOf":{"@id":"https:\/\/doctornearyou.eu\/#website"},"primaryImageOfPage":{"@id":"https:\/\/doctornearyou.eu\/?page_id=6313#primaryimage"},"image":{"@id":"https:\/\/doctornearyou.eu\/?page_id=6313#primaryimage"},"thumbnailUrl":"https:\/\/doctornearyou.eu\/wp-content\/uploads\/covid-video-call.jpg","datePublished":"2021-06-24T07:55:15+00:00","dateModified":"2021-07-21T10:46:41+00:00","breadcrumb":{"@id":"https:\/\/doctornearyou.eu\/?page_id=6313#breadcrumb"},"inLanguage":"fr-FR","potentialAction":[{"@type":"ReadAction","target":["https:\/\/doctornearyou.eu\/?page_id=6313"]}]},{"@type":"ImageObject","inLanguage":"fr-FR","@id":"https:\/\/doctornearyou.eu\/?page_id=6313#primaryimage","url":"https:\/\/doctornearyou.eu\/wp-content\/uploads\/covid-video-call.jpg","contentUrl":"https:\/\/doctornearyou.eu\/wp-content\/uploads\/covid-video-call.jpg","width":1920,"height":650},{"@type":"BreadcrumbList","@id":"https:\/\/doctornearyou.eu\/?page_id=6313#breadcrumb","itemListElement":[{"@type":"ListItem","position":1,"name":"Home","item":"https:\/\/doctornearyou.eu\/fr\/"},{"@type":"ListItem","position":2,"name":"Online COVID Test"}]},{"@type":"WebSite","@id":"https:\/\/doctornearyou.eu\/#website","url":"https:\/\/doctornearyou.eu\/","name":"DoctorNearYou.eu","description":"Advanced Medical Services","publisher":{"@id":"https:\/\/doctornearyou.eu\/#organization"},"potentialAction":[{"@type":"SearchAction","target":{"@type":"EntryPoint","urlTemplate":"https:\/\/doctornearyou.eu\/?s={search_term_string}"},"query-input":{"@type":"PropertyValueSpecification","valueRequired":true,"valueName":"search_term_string"}}],"inLanguage":"fr-FR"},{"@type":"Organization","@id":"https:\/\/doctornearyou.eu\/#organization","name":"Doctor Near You","url":"https:\/\/doctornearyou.eu\/","logo":{"@type":"ImageObject","inLanguage":"fr-FR","@id":"https:\/\/doctornearyou.eu\/#\/schema\/logo\/image\/","url":"https:\/\/doctornearyou.eu\/wp-content\/uploads\/logo_DNY.jpg","contentUrl":"https:\/\/doctornearyou.eu\/wp-content\/uploads\/logo_DNY.jpg","width":213,"height":80,"caption":"Doctor Near You"},"image":{"@id":"https:\/\/doctornearyou.eu\/#\/schema\/logo\/image\/"}}]}},"_links":{"self":[{"href":"https:\/\/doctornearyou.eu\/fr\/wp-json\/wp\/v2\/pages\/6359","targetHints":{"allow":["GET"]}}],"collection":[{"href":"https:\/\/doctornearyou.eu\/fr\/wp-json\/wp\/v2\/pages"}],"about":[{"href":"https:\/\/doctornearyou.eu\/fr\/wp-json\/wp\/v2\/types\/page"}],"author":[{"embeddable":true,"href":"https:\/\/doctornearyou.eu\/fr\/wp-json\/wp\/v2\/users\/9"}],"replies":[{"embeddable":true,"href":"https:\/\/doctornearyou.eu\/fr\/wp-json\/wp\/v2\/comments?post=6359"}],"version-history":[{"count":7,"href":"https:\/\/doctornearyou.eu\/fr\/wp-json\/wp\/v2\/pages\/6359\/revisions"}],"predecessor-version":[{"id":7321,"href":"https:\/\/doctornearyou.eu\/fr\/wp-json\/wp\/v2\/pages\/6359\/revisions\/7321"}],"wp:featuredmedia":[{"embeddable":true,"href":"https:\/\/doctornearyou.eu\/fr\/wp-json\/wp\/v2\/media\/6351"}],"wp:attachment":[{"href":"https:\/\/doctornearyou.eu\/fr\/wp-json\/wp\/v2\/media?parent=6359"}],"wp:term":[{"taxonomy":"category","embeddable":true,"href":"https:\/\/doctornearyou.eu\/fr\/wp-json\/wp\/v2\/categories?post=6359"}],"curies":[{"name":"wp","href":"https:\/\/api.w.org\/{rel}","templated":true}]}}